{"id":40177,"date":"2023-12-23T00:49:22","date_gmt":"2023-12-23T00:49:22","guid":{"rendered":"https:\/\/e.kosmolat.eu\/product\/i_7d-shine-bombita-glittera-zeleja-mat-sej-kerm-903-posh-50-g\/"},"modified":"2025-03-10T06:30:33","modified_gmt":"2025-03-10T06:30:33","slug":"i_7d-shine-bombita-glittera-zeleja-mat-sej-kerm-903-posh-50-g","status":"publish","type":"product","link":"https:\/\/e.kosmolat.eu\/lv\/product\/i_7d-shine-bombita-glittera-zeleja-mat-sej-kerm-903-posh-50-g\/","title":{"rendered":"I_7D SHINE, BOMBITA! Glittera \u017eeleja mat.sej.\u0137erm, 903 Posh, 50 g"},"content":{"rendered":"<p><strong>Lieto\u0161ana:<\/strong> uzkl\u0101jiet uz matiem, sejas vai \u0137erme\u0146a \u0101das. P\u0113c uzkl\u0101\u0161anas izmazg\u0101jiet rokas ar ziep\u0113m.<\/p>\n<p><strong>Piesardz\u012bbas pas\u0101kumi: <\/strong>tikai \u0101r\u012bgai lieto\u0161anai. Izvair\u012bties no saskares ar ac\u012bm. Ja nok\u013c\u016bst ac\u012bs, nekav\u0113joties izskalot ar lielu daudzumu \u016bdens. Neuzkl\u0101t uz boj\u0101tas \u0101das. Nelietot, ja ir paaugstin\u0101ta jut\u012bba pret k\u0101du no produkta sast\u0101vda\u013c\u0101m. P\u0101rtraukt lieto\u0161anu, ja rodas kairin\u0101jums. Sarg\u0101t no b\u0113rniem. Uzglab\u0101t temperat\u016br\u0101 no +5&deg;C l\u012bdz +25&deg;C.<br \/>\n&nbsp;<\/p>\n","protected":false},"excerpt":{"rendered":"<p>Lieto\u0161ana: uzkl\u0101jiet uz matiem, sejas vai \u0137erme\u0146a \u0101das. P\u0113c uzkl\u0101\u0161anas izmazg\u0101jiet rokas ar ziep\u0113m. Piesardz\u012bbas pas\u0101kumi: tikai \u0101r\u012bgai lieto\u0161anai. Izvair\u012bties no saskares ar ac\u012bm. Ja nok\u013c\u016bst ac\u012bs, nekav\u0113joties izskalot ar lielu daudzumu \u016bdens. Neuzkl\u0101t uz boj\u0101tas \u0101das. Nelietot, ja ir paaugstin\u0101ta jut\u012bba pret k\u0101du no produkta sast\u0101vda\u013c\u0101m. P\u0101rtraukt lieto\u0161anu, ja rodas kairin\u0101jums. Sarg\u0101t no b\u0113rniem. [&#8230;]\n","protected":false},"featured_media":12801,"template":"","meta":[],"product_cat":[1293],"product_tag":[],"class_list":{"0":"post-40177","1":"product","2":"type-product","3":"status-publish","4":"has-post-thumbnail","6":"product_brand-7days_it","7":"product_cat-acu-enas","9":"first","10":"outofstock","11":"taxable","12":"shipping-taxable","13":"product-type-simple"},"_links":{"self":[{"href":"https:\/\/e.kosmolat.eu\/lv\/wp-json\/wp\/v2\/product\/40177","targetHints":{"allow":["GET"]}}],"collection":[{"href":"https:\/\/e.kosmolat.eu\/lv\/wp-json\/wp\/v2\/product"}],"about":[{"href":"https:\/\/e.kosmolat.eu\/lv\/wp-json\/wp\/v2\/types\/product"}],"wp:featuredmedia":[{"embeddable":true,"href":"https:\/\/e.kosmolat.eu\/lv\/wp-json\/wp\/v2\/media\/12801"}],"wp:attachment":[{"href":"https:\/\/e.kosmolat.eu\/lv\/wp-json\/wp\/v2\/media?parent=40177"}],"wp:term":[{"taxonomy":"product_cat","embeddable":true,"href":"https:\/\/e.kosmolat.eu\/lv\/wp-json\/wp\/v2\/product_cat?post=40177"},{"taxonomy":"product_tag","embeddable":true,"href":"https:\/\/e.kosmolat.eu\/lv\/wp-json\/wp\/v2\/product_tag?post=40177"}],"curies":[{"name":"wp","href":"https:\/\/api.w.org\/{rel}","templated":true}]}}