{"id":40161,"date":"2023-12-23T00:44:14","date_gmt":"2023-12-23T00:44:14","guid":{"rendered":"https:\/\/e.kosmolat.eu\/product\/7d-mbw-sej-zeleja-koncentr-v-zona-anti-age-hyaluronic-40-ml\/"},"modified":"2026-04-14T14:20:16","modified_gmt":"2026-04-14T14:20:16","slug":"7d-mbw-sej-zeleja-koncentr-v-zona-anti-age-hyaluronic-40-ml","status":"publish","type":"product","link":"https:\/\/e.kosmolat.eu\/lv\/product\/7d-mbw-sej-zeleja-koncentr-v-zona-anti-age-hyaluronic-40-ml\/","title":{"rendered":"7D MBW Sej.\u017eeleja-koncentr. V-zona Anti-age Hyaluronic, 40 ml"},"content":{"rendered":"<p>\u017deleja-koncentr\u0101ts 2in1 ar atjaunojo\u0161u iedarb\u012bbu pal\u012bdz c\u012b\u0146\u0101 pret m\u012bmisk\u0101m vecuma grumb\u0101m un veicina to ra\u0161an\u0101s nov\u0113r\u0161anu. 1. \u017delejas sast\u0101v\u0101 ir hialuronsk\u0101be, kas intens\u012bvi mitrina, atsvaidzina, atjauno hidrolip\u012bdu l\u012bdzsvaru un izl\u012bdzina \u0101du. J\u016bras a\u013c\u0123u komplekss: Chlorella &#8211; stiprina \u0101du, Porphyra &#8211; m\u012bkstina un padara gai\u0161\u0101ku, Undaria &#8211; aktiviz\u0113 antioksidantu aizsardz\u012bbu un stimul\u0113 kolag\u0113na sint\u0113zi. 2. Rull\u012btis ar Face Fit tehnolo\u0123iju tren\u0113 musku\u013cus, model\u0113 sejas ov\u0101lu, mazina piet\u016bkumu, uzlabo \u0101das kr\u0101su, veicina akt\u012bvo sast\u0101vda\u013cu dzi\u013c\u0101ku iek\u013c\u016b\u0161anu \u0101das sl\u0101\u0146os un uztur kolag\u0113na karkasu.<\/p>\n<p><strong>Lieto\u0161ana:<\/strong> pagrieziet uzgali pret\u012b pulkste\u0146r\u0101d\u012bt\u0101ja virzienam, lai atv\u0113rtu iepakojumu. Uzkl\u0101jiet l\u012bdzekli tie\u0161i uz problem\u0101tiskaj\u0101m zon\u0101m. Aizveriet iepakojumu, pagrie\u017eot uzgali pulkste\u0146r\u0101d\u012bt\u0101ja virzien\u0101, l\u012bdz tas nofiks\u0113jas viet\u0101. Ar viegl\u0101m kust\u012bb\u0101m, izmantojot rull\u012bti, iemas\u0113jiet \u017eeleju kakla un dekolt\u0113 zon\u0101 10-15 min\u016btes. Uzgaidiet l\u012bdz piln\u012bb\u0101 uzs\u016bcas.<\/p>\n<p><strong>Piesardz\u012bbas pas\u0101kumi:<\/strong> tikai \u0101r\u012bgai lieto\u0161anai. Izvair\u012bties no saskares ar ac\u012bm. Ja nok\u013c\u016bst ac\u012bs, nekav\u0113joties izskalot ar lielu daudzumu \u016bdens un, nepiecie\u0161am\u012bbas gad\u012bjum\u0101, v\u0113rsties p\u0113c medic\u012bniskas pal\u012bdz\u012bbas. Neuzkl\u0101t uz boj\u0101tas \u0101das. Nelietot, ja ir paaugstin\u0101ta jut\u012bba pret k\u0101du no produkta sast\u0101vda\u013c\u0101m. P\u0101rtraukt lieto\u0161anu, ja rodas kairin\u0101jums. Sarg\u0101t no b\u0113rniem. Uzglab\u0101t temperat\u016br\u0101 no +5&deg;C l\u012bdz +25&deg;C.<br \/>\n&nbsp;<\/p>\n","protected":false},"excerpt":{"rendered":"<p>\u017deleja-koncentr\u0101ts 2in1 ar atjaunojo\u0161u iedarb\u012bbu pal\u012bdz c\u012b\u0146\u0101 pret m\u012bmisk\u0101m vecuma grumb\u0101m un veicina to ra\u0161an\u0101s nov\u0113r\u0161anu. 1. \u017delejas sast\u0101v\u0101 ir hialuronsk\u0101be, kas intens\u012bvi mitrina, atsvaidzina, atjauno hidrolip\u012bdu l\u012bdzsvaru un izl\u012bdzina \u0101du. J\u016bras a\u013c\u0123u komplekss: Chlorella &#8211; stiprina \u0101du, Porphyra &#8211; m\u012bkstina un padara gai\u0161\u0101ku, Undaria &#8211; aktiviz\u0113 antioksidantu aizsardz\u012bbu un stimul\u0113 kolag\u0113na sint\u0113zi. 2. Rull\u012btis [&#8230;]\n","protected":false},"featured_media":101366,"template":"","meta":[],"product_cat":[1322],"product_tag":[],"class_list":{"0":"post-40161","1":"product","2":"type-product","3":"status-publish","4":"has-post-thumbnail","6":"product_brand-7days_it","7":"product_cat-veido-kremai","9":"first","10":"instock","11":"taxable","12":"shipping-taxable","13":"product-type-simple"},"_links":{"self":[{"href":"https:\/\/e.kosmolat.eu\/lv\/wp-json\/wp\/v2\/product\/40161","targetHints":{"allow":["GET"]}}],"collection":[{"href":"https:\/\/e.kosmolat.eu\/lv\/wp-json\/wp\/v2\/product"}],"about":[{"href":"https:\/\/e.kosmolat.eu\/lv\/wp-json\/wp\/v2\/types\/product"}],"wp:featuredmedia":[{"embeddable":true,"href":"https:\/\/e.kosmolat.eu\/lv\/wp-json\/wp\/v2\/media\/101366"}],"wp:attachment":[{"href":"https:\/\/e.kosmolat.eu\/lv\/wp-json\/wp\/v2\/media?parent=40161"}],"wp:term":[{"taxonomy":"product_cat","embeddable":true,"href":"https:\/\/e.kosmolat.eu\/lv\/wp-json\/wp\/v2\/product_cat?post=40161"},{"taxonomy":"product_tag","embeddable":true,"href":"https:\/\/e.kosmolat.eu\/lv\/wp-json\/wp\/v2\/product_tag?post=40161"}],"curies":[{"name":"wp","href":"https:\/\/api.w.org\/{rel}","templated":true}]}}