{"id":40157,"date":"2023-12-23T00:43:43","date_gmt":"2023-12-23T00:43:43","guid":{"rendered":"https:\/\/e.kosmolat.eu\/product\/7d-mbw-sej-kr-koncentr-v-zona-ar-lift-efektu-collagen-40-ml\/"},"modified":"2026-04-17T08:22:05","modified_gmt":"2026-04-17T08:22:05","slug":"7d-mbw-sej-kr-koncentr-v-zona-ar-lift-efektu-collagen-40-ml","status":"publish","type":"product","link":"https:\/\/e.kosmolat.eu\/lv\/product\/7d-mbw-sej-kr-koncentr-v-zona-ar-lift-efektu-collagen-40-ml\/","title":{"rendered":"7D MBW Sej.kr.-koncentr.V-zona ar lift.efektu Collagen, 40 ml"},"content":{"rendered":"<p>Kr\u0113ms koncentr\u0101ts 2in1 ar liftinga efektu \u0101das tvirtuma paaugstin\u0101\u0161anai un izteiksm\u012bga sejas ov\u0101la atjauno\u0161anai. 1. Kr\u0113ms satur kolag\u0113nu, kas pies\u0101tina \u0101du ar mitrumu, stiprina, pie\u0161\u0137ir tvirtumu, izl\u012bdzina grumbas. Pept\u012bdu komplekss aktiviz\u0113 re\u0123ener\u0101ciju, pastiprina kolag\u0113na un elast\u012bna izstr\u0101di, atjaunina. 2. Rull\u012btis ar Face Fit tehnolo\u0123iju tren\u0113 musku\u013cus, model\u0113 sejas ov\u0101lu, mazina piet\u016bkumu, uzlabo akt\u012bvo sast\u0101vda\u013cu iek\u013c\u016b\u0161anu \u0101das sl\u0101\u0146os un uztur kolag\u0113na karkasu.<\/p>\n<p><strong>Lieto\u0161ana: <\/strong>pagrieziet uzgali pret\u012b pulkste\u0146r\u0101d\u012bt\u0101ja virzienam, lai atv\u0113rtu iepakojumu. Uzkl\u0101jiet l\u012bdzekli tie\u0161i uz problem\u0101tiskaj\u0101m zon\u0101m. Aizveriet iepakojumu, pagrie\u017eot uzgali pulkste\u0146r\u0101d\u012bt\u0101ja virzien\u0101, l\u012bdz tas nofiks\u0113jas viet\u0101. Ar viegl\u0101m kust\u012bb\u0101m, izmantojot rull\u012bti, iemas\u0113jiet kr\u0113mu sejas \u0101d\u0101 10-15 min\u016btes. Uzgaidiet l\u012bdz piln\u012bb\u0101 uzs\u016bcas.&nbsp;<\/p>\n<p><strong>Piesardz\u012bbas pas\u0101kumi: <\/strong>tikai \u0101r\u012bgai lieto\u0161anai. Izvair\u012bties no saskares ar ac\u012bm. Ja nok\u013c\u016bst ac\u012bs, nekav\u0113joties izskalot ar lielu daudzumu \u016bdens un, nepiecie\u0161am\u012bbas gad\u012bjum\u0101, v\u0113rsties p\u0113c medic\u012bniskas pal\u012bdz\u012bbas. Neuzkl\u0101t uz boj\u0101tas \u0101das. Nelietot, ja ir paaugstin\u0101ta jut\u012bba pret k\u0101du no produkta sast\u0101vda\u013c\u0101m. P\u0101rtraukt lieto\u0161anu, ja rodas kairin\u0101jums. Sarg\u0101t no b\u0113rniem<br \/>\n&nbsp;<\/p>\n","protected":false},"excerpt":{"rendered":"<p>Kr\u0113ms koncentr\u0101ts 2in1 ar liftinga efektu \u0101das tvirtuma paaugstin\u0101\u0161anai un izteiksm\u012bga sejas ov\u0101la atjauno\u0161anai. 1. Kr\u0113ms satur kolag\u0113nu, kas pies\u0101tina \u0101du ar mitrumu, stiprina, pie\u0161\u0137ir tvirtumu, izl\u012bdzina grumbas. Pept\u012bdu komplekss aktiviz\u0113 re\u0123ener\u0101ciju, pastiprina kolag\u0113na un elast\u012bna izstr\u0101di, atjaunina. 2. Rull\u012btis ar Face Fit tehnolo\u0123iju tren\u0113 musku\u013cus, model\u0113 sejas ov\u0101lu, mazina piet\u016bkumu, uzlabo akt\u012bvo sast\u0101vda\u013cu iek\u013c\u016b\u0161anu [&#8230;]\n","protected":false},"featured_media":100132,"template":"","meta":[],"product_cat":[2182],"product_tag":[],"class_list":{"0":"post-40157","1":"product","2":"type-product","3":"status-publish","4":"has-post-thumbnail","6":"product_brand-7days_it","7":"product_cat-bez-kategorijas-ru","9":"first","10":"instock","11":"taxable","12":"shipping-taxable","13":"product-type-simple"},"_links":{"self":[{"href":"https:\/\/e.kosmolat.eu\/lv\/wp-json\/wp\/v2\/product\/40157","targetHints":{"allow":["GET"]}}],"collection":[{"href":"https:\/\/e.kosmolat.eu\/lv\/wp-json\/wp\/v2\/product"}],"about":[{"href":"https:\/\/e.kosmolat.eu\/lv\/wp-json\/wp\/v2\/types\/product"}],"wp:featuredmedia":[{"embeddable":true,"href":"https:\/\/e.kosmolat.eu\/lv\/wp-json\/wp\/v2\/media\/100132"}],"wp:attachment":[{"href":"https:\/\/e.kosmolat.eu\/lv\/wp-json\/wp\/v2\/media?parent=40157"}],"wp:term":[{"taxonomy":"product_cat","embeddable":true,"href":"https:\/\/e.kosmolat.eu\/lv\/wp-json\/wp\/v2\/product_cat?post=40157"},{"taxonomy":"product_tag","embeddable":true,"href":"https:\/\/e.kosmolat.eu\/lv\/wp-json\/wp\/v2\/product_tag?post=40157"}],"curies":[{"name":"wp","href":"https:\/\/api.w.org\/{rel}","templated":true}]}}