{"id":40153,"date":"2023-12-23T00:43:15","date_gmt":"2023-12-23T00:43:15","guid":{"rendered":"https:\/\/e.kosmolat.eu\/product\/7d-mbw-eksfoliejoss-sejas-serums-pilings-ahabha-20-ml\/"},"modified":"2026-04-10T11:55:11","modified_gmt":"2026-04-10T11:55:11","slug":"7d-mbw-eksfoliejoss-sejas-serums-pilings-ahabha-20-ml","status":"publish","type":"product","link":"https:\/\/e.kosmolat.eu\/lv\/product\/7d-mbw-eksfoliejoss-sejas-serums-pilings-ahabha-20-ml\/","title":{"rendered":"7D MBW Eksfoli\u0113jo\u0161s sejas serums-p\u012blings AHA+BHA, 20 ml"},"content":{"rendered":"<p>Serums-p\u012blings ar glikolsk\u0101bi un salicilsk\u0101bi dzi\u013cai \u0101das att\u012br\u012b\u0161anai. Glikolsk\u0101be maigi noloba atmiru\u0161\u0101s \u0101das \u0161\u016bnas, veicina re\u0123ener\u0101ciju, c\u012bn\u0101s ar m\u012bmikas grumb\u0101m un man\u0101m\u0101m nepiln\u012bb\u0101m. Salicilsk\u0101bei piem\u012bt antibakteri\u0101ls efekts, t\u0101 savelk poras, izl\u012bdzina \u0101das tekst\u016bru un toni.<\/p>\n<p><strong>Lieto\u0161ana:<\/strong> uzkl\u0101jiet serumu pl\u0101n\u0101 k\u0101rt\u0101 uz att\u012br\u012btas sejas \u0101das uz 5-7 min\u016bt\u0113m. Ja diskomforta saj\u016bta nerodas, paturiet serumu uz sejas v\u0113l 2-3 min\u016btes un noskalojiet ar \u016bdeni.<\/p>\n<p><strong>Piesardz\u012bbas pas\u0101kumi: <\/strong>tikai \u0101r\u012bgai lieto\u0161anai. Izvair\u012bties no saskares ar ac\u012bm. Ja nok\u013c\u016bst ac\u012bs, nekav\u0113joties izskalot ar lielu daudzumu \u016bdens un, nepiecie\u0161am\u012bbas gad\u012bjum\u0101, v\u0113rsties p\u0113c medic\u012bniskas pal\u012bdz\u012bbas. Neuzkl\u0101t uz boj\u0101tas \u0101das. Nelietot, ja ir paaugstin\u0101ta jut\u012bba pret k\u0101du no produkta sast\u0101vda\u013c\u0101m. P\u0101rtraukt lieto\u0161anu, ja rodas kairin\u0101jums. Sarg\u0101t no b\u0113rniem. Uzglab\u0101t temperat\u016br\u0101 no +5&deg;C l\u012bdz +25&deg;C. 2 dienas p\u0113c seruma lieto\u0161anas ir ieteicams uzkl\u0101t k\u0101du l\u012bdzekli ar SPF pirms do\u0161an\u0101s \u0101r\u0101 un \u0101das pak\u013cau\u0161anas tie\u0161iem saules stariem. Lietojiet serumu ne bie\u017e\u0101k par 2 reiz\u0113m ned\u0113\u013c\u0101.<\/p>\n","protected":false},"excerpt":{"rendered":"<p>Serums-p\u012blings ar glikolsk\u0101bi un salicilsk\u0101bi dzi\u013cai \u0101das att\u012br\u012b\u0161anai. Glikolsk\u0101be maigi noloba atmiru\u0161\u0101s \u0101das \u0161\u016bnas, veicina re\u0123ener\u0101ciju, c\u012bn\u0101s ar m\u012bmikas grumb\u0101m un man\u0101m\u0101m nepiln\u012bb\u0101m. Salicilsk\u0101bei piem\u012bt antibakteri\u0101ls efekts, t\u0101 savelk poras, izl\u012bdzina \u0101das tekst\u016bru un toni. Lieto\u0161ana: uzkl\u0101jiet serumu pl\u0101n\u0101 k\u0101rt\u0101 uz att\u012br\u012btas sejas \u0101das uz 5-7 min\u016bt\u0113m. Ja diskomforta saj\u016bta nerodas, paturiet serumu uz sejas [&#8230;]\n","protected":false},"featured_media":103197,"template":"","meta":[],"product_cat":[1325],"product_tag":[],"class_list":{"0":"post-40153","1":"product","2":"type-product","3":"status-publish","4":"has-post-thumbnail","6":"product_brand-7days_it","7":"product_cat-serumi","9":"first","10":"instock","11":"taxable","12":"shipping-taxable","13":"product-type-simple"},"_links":{"self":[{"href":"https:\/\/e.kosmolat.eu\/lv\/wp-json\/wp\/v2\/product\/40153","targetHints":{"allow":["GET"]}}],"collection":[{"href":"https:\/\/e.kosmolat.eu\/lv\/wp-json\/wp\/v2\/product"}],"about":[{"href":"https:\/\/e.kosmolat.eu\/lv\/wp-json\/wp\/v2\/types\/product"}],"wp:featuredmedia":[{"embeddable":true,"href":"https:\/\/e.kosmolat.eu\/lv\/wp-json\/wp\/v2\/media\/103197"}],"wp:attachment":[{"href":"https:\/\/e.kosmolat.eu\/lv\/wp-json\/wp\/v2\/media?parent=40153"}],"wp:term":[{"taxonomy":"product_cat","embeddable":true,"href":"https:\/\/e.kosmolat.eu\/lv\/wp-json\/wp\/v2\/product_cat?post=40153"},{"taxonomy":"product_tag","embeddable":true,"href":"https:\/\/e.kosmolat.eu\/lv\/wp-json\/wp\/v2\/product_tag?post=40153"}],"curies":[{"name":"wp","href":"https:\/\/api.w.org\/{rel}","templated":true}]}}