{"id":40149,"date":"2023-12-23T00:42:43","date_gmt":"2023-12-23T00:42:43","guid":{"rendered":"https:\/\/e.kosmolat.eu\/product\/7d-mbw-barojoss-sejas-serums-green-power-vitamin-e-2-20-ml\/"},"modified":"2026-04-09T13:28:55","modified_gmt":"2026-04-09T13:28:55","slug":"i_7d-mbw-barojoss-sejas-serums-green-power-vitamin-e-2-20-ml","status":"publish","type":"product","link":"https:\/\/e.kosmolat.eu\/lv\/product\/i_7d-mbw-barojoss-sejas-serums-green-power-vitamin-e-2-20-ml\/","title":{"rendered":"I_7D MBW Barojo\u0161s sejas serums Green Power Vitamin E 2, 20 ml"},"content":{"rendered":"<p>Serums-e\u013c\u013ca intens\u012bvai baro\u0161anai un grumbu mazin\u0101\u0161anai. Pept\u012bdi aktiviz\u0113 kolag\u0113na sint\u0113zi, atjauno, nomierina \u0101du un c\u012bn\u0101s ar pigment\u0101ciju. E vitam\u012bns un avokado e\u013c\u013ca baro, aktiviz\u0113 \u0161\u016bnu atjauno\u0161anos, pal\u0113nina \u0101das noveco\u0161anos, uztur mitruma l\u012bmeni un elast\u012bbu.<\/p>\n<p><strong>Lieto\u0161ana: <\/strong>uzkl\u0101jiet nelielu l\u012bdzek\u013ca daudzumu uz att\u012br\u012btas sejas \u0101das un uzgaidiet, l\u012bdz tas piln\u012bb\u0101 uzs\u016bcas.<\/p>\n<p><strong>Piesardz\u012bbas pas\u0101kumi: <\/strong>tikai \u0101r\u012bgai lieto\u0161anai. Izvair\u012bties no saskares ar ac\u012bm. Ja nok\u013c\u016bst ac\u012bs, nekav\u0113joties izskalot ar lielu daudzumu \u016bdens un, nepiecie\u0161am\u012bbas gad\u012bjum\u0101, v\u0113rsties p\u0113c medic\u012bniskas pal\u012bdz\u012bbas. Neuzkl\u0101t uz boj\u0101tas \u0101das. Nelietot, ja ir paaugstin\u0101ta jut\u012bba pret k\u0101du no produkta sast\u0101vda\u013c\u0101m. P\u0101rtraukt lieto\u0161anu, ja rodas kairin\u0101jums. Sarg\u0101t no b\u0113rniem. Uzglab\u0101t temperat\u016br\u0101 no +5&deg;C l\u012bdz +25&deg;C.<br \/>\n&nbsp;<\/p>\n","protected":false},"excerpt":{"rendered":"<p>Serums-e\u013c\u013ca intens\u012bvai baro\u0161anai un grumbu mazin\u0101\u0161anai. Pept\u012bdi aktiviz\u0113 kolag\u0113na sint\u0113zi, atjauno, nomierina \u0101du un c\u012bn\u0101s ar pigment\u0101ciju. E vitam\u012bns un avokado e\u013c\u013ca baro, aktiviz\u0113 \u0161\u016bnu atjauno\u0161anos, pal\u0113nina \u0101das noveco\u0161anos, uztur mitruma l\u012bmeni un elast\u012bbu. Lieto\u0161ana: uzkl\u0101jiet nelielu l\u012bdzek\u013ca daudzumu uz att\u012br\u012btas sejas \u0101das un uzgaidiet, l\u012bdz tas piln\u012bb\u0101 uzs\u016bcas. Piesardz\u012bbas pas\u0101kumi: tikai \u0101r\u012bgai lieto\u0161anai. Izvair\u012bties [&#8230;]\n","protected":false},"featured_media":102439,"template":"","meta":[],"product_cat":[1999],"product_tag":[],"class_list":{"0":"post-40149","1":"product","2":"type-product","3":"status-publish","4":"has-post-thumbnail","6":"product_brand-7days_it","7":"product_cat-bez-kategorijas","9":"first","10":"instock","11":"taxable","12":"shipping-taxable","13":"product-type-simple"},"_links":{"self":[{"href":"https:\/\/e.kosmolat.eu\/lv\/wp-json\/wp\/v2\/product\/40149","targetHints":{"allow":["GET"]}}],"collection":[{"href":"https:\/\/e.kosmolat.eu\/lv\/wp-json\/wp\/v2\/product"}],"about":[{"href":"https:\/\/e.kosmolat.eu\/lv\/wp-json\/wp\/v2\/types\/product"}],"wp:featuredmedia":[{"embeddable":true,"href":"https:\/\/e.kosmolat.eu\/lv\/wp-json\/wp\/v2\/media\/102439"}],"wp:attachment":[{"href":"https:\/\/e.kosmolat.eu\/lv\/wp-json\/wp\/v2\/media?parent=40149"}],"wp:term":[{"taxonomy":"product_cat","embeddable":true,"href":"https:\/\/e.kosmolat.eu\/lv\/wp-json\/wp\/v2\/product_cat?post=40149"},{"taxonomy":"product_tag","embeddable":true,"href":"https:\/\/e.kosmolat.eu\/lv\/wp-json\/wp\/v2\/product_tag?post=40149"}],"curies":[{"name":"wp","href":"https:\/\/api.w.org\/{rel}","templated":true}]}}