{"id":40141,"date":"2023-12-23T00:41:43","date_gmt":"2023-12-23T00:41:43","guid":{"rendered":"https:\/\/e.kosmolat.eu\/product\/7d-mbw-sejas-serums-ar-lift-efektu-collagen-drops-20-ml\/"},"modified":"2026-04-09T15:51:37","modified_gmt":"2026-04-09T15:51:37","slug":"7d-mbw-sejas-serums-ar-lift-efektu-collagen-drops-20-ml","status":"publish","type":"product","link":"https:\/\/e.kosmolat.eu\/lv\/product\/7d-mbw-sejas-serums-ar-lift-efektu-collagen-drops-20-ml\/","title":{"rendered":"7D MBW Sejas serums ar lift.efektu Collagen Drops, 20 ml"},"content":{"rendered":"<p>Sejas serums sp\u0113c\u012bgam liftinga efektam un \u0101das atjauno\u0161anai. Kolag\u0113ns, jaun\u012bbas prote\u012bns, veicina sejas kont\u016bru saglab\u0101\u0161anu, nodro\u0161ina \u0101das tonusu, mitrin\u0101\u0161anu, tvirtumu, gludu tekst\u016bru, elast\u012bbu un piln\u012bbu. E\u013c\u013cu komplekss baro, m\u012bkstina un atjauno \u0101du.<\/p>\n<p><strong>Lieto\u0161ana: <\/strong>uzkl\u0101jiet nelielu l\u012bdzek\u013ca daudzumu uz att\u012br\u012btas sejas \u0101das un uzgaidiet, l\u012bdz tas piln\u012bb\u0101 uzs\u016bcas.<\/p>\n<p><strong>Piesardz\u012bbas pas\u0101kumi: <\/strong>tikai \u0101r\u012bgai lieto\u0161anai. Izvair\u012bties no saskares ar ac\u012bm. Ja nok\u013c\u016bst ac\u012bs, nekav\u0113joties izskalot ar lielu daudzumu \u016bdens un, nepiecie\u0161am\u012bbas gad\u012bjum\u0101, v\u0113rsties p\u0113c medic\u012bniskas pal\u012bdz\u012bbas. Neuzkl\u0101t uz boj\u0101tas \u0101das. Nelietot, ja ir paaugstin\u0101ta jut\u012bba pret k\u0101du no produkta sast\u0101vda\u013c\u0101m. P\u0101rtraukt lieto\u0161anu, ja rodas kairin\u0101jums. Sarg\u0101t no b\u0113rniem. Uzglab\u0101t temperat\u016br\u0101 no +5&deg;C l\u012bdz +25&deg;C.<br \/>\n&nbsp;<\/p>\n","protected":false},"excerpt":{"rendered":"<p>Sejas serums sp\u0113c\u012bgam liftinga efektam un \u0101das atjauno\u0161anai. Kolag\u0113ns, jaun\u012bbas prote\u012bns, veicina sejas kont\u016bru saglab\u0101\u0161anu, nodro\u0161ina \u0101das tonusu, mitrin\u0101\u0161anu, tvirtumu, gludu tekst\u016bru, elast\u012bbu un piln\u012bbu. E\u013c\u013cu komplekss baro, m\u012bkstina un atjauno \u0101du. Lieto\u0161ana: uzkl\u0101jiet nelielu l\u012bdzek\u013ca daudzumu uz att\u012br\u012btas sejas \u0101das un uzgaidiet, l\u012bdz tas piln\u012bb\u0101 uzs\u016bcas. Piesardz\u012bbas pas\u0101kumi: tikai \u0101r\u012bgai lieto\u0161anai. Izvair\u012bties no saskares [&#8230;]\n","protected":false},"featured_media":105200,"template":"","meta":[],"product_cat":[1325],"product_tag":[],"class_list":{"0":"post-40141","1":"product","2":"type-product","3":"status-publish","4":"has-post-thumbnail","6":"product_brand-7days_it","7":"product_cat-serumi","9":"first","10":"instock","11":"taxable","12":"shipping-taxable","13":"product-type-simple"},"_links":{"self":[{"href":"https:\/\/e.kosmolat.eu\/lv\/wp-json\/wp\/v2\/product\/40141","targetHints":{"allow":["GET"]}}],"collection":[{"href":"https:\/\/e.kosmolat.eu\/lv\/wp-json\/wp\/v2\/product"}],"about":[{"href":"https:\/\/e.kosmolat.eu\/lv\/wp-json\/wp\/v2\/types\/product"}],"wp:featuredmedia":[{"embeddable":true,"href":"https:\/\/e.kosmolat.eu\/lv\/wp-json\/wp\/v2\/media\/105200"}],"wp:attachment":[{"href":"https:\/\/e.kosmolat.eu\/lv\/wp-json\/wp\/v2\/media?parent=40141"}],"wp:term":[{"taxonomy":"product_cat","embeddable":true,"href":"https:\/\/e.kosmolat.eu\/lv\/wp-json\/wp\/v2\/product_cat?post=40141"},{"taxonomy":"product_tag","embeddable":true,"href":"https:\/\/e.kosmolat.eu\/lv\/wp-json\/wp\/v2\/product_tag?post=40141"}],"curies":[{"name":"wp","href":"https:\/\/api.w.org\/{rel}","templated":true}]}}