{"id":40137,"date":"2023-12-23T00:41:13","date_gmt":"2023-12-23T00:41:13","guid":{"rendered":"https:\/\/e.kosmolat.eu\/product\/7d-mbw-hialurona-sejas-serums-ha-h2o-20-ml\/"},"modified":"2026-04-09T15:51:18","modified_gmt":"2026-04-09T15:51:18","slug":"7d-mbw-hialurona-sejas-serums-ha-h2o-20-ml","status":"publish","type":"product","link":"https:\/\/e.kosmolat.eu\/lv\/product\/7d-mbw-hialurona-sejas-serums-ha-h2o-20-ml\/","title":{"rendered":"7D MBW Hialurona sejas serums HA +H2O, 20 ml"},"content":{"rendered":"<p>Serums ar hialuronu dzi\u013cai mitrin\u0101\u0161anai un \u0101das jaun\u012bbas saglab\u0101\u0161anai. Zemas molekulmasas hialuronsk\u0101be piesaista un notur mitrumu \u0101d\u0101, palielina elast\u012bbu un samazina grumbu dzi\u013cumu. Aug\u013cu un ogu ekstraktu komplekss veicina \u0101das atjauno\u0161anos, nomierina un saglab\u0101 jaun\u012bbu, atsvaidzina un izl\u012bdzina t\u0101s toni.<\/p>\n<p><strong>Lieto\u0161ana:<\/strong> uzkl\u0101jiet nelielu l\u012bdzek\u013ca daudzumu uz att\u012br\u012btas sejas \u0101das un uzgaidiet, l\u012bdz tas piln\u012bb\u0101 uzs\u016bcas.<\/p>\n<p><strong>Piesardz\u012bbas pas\u0101kumi: <\/strong>tikai \u0101r\u012bgai lieto\u0161anai. Izvair\u012bties no saskares ar ac\u012bm. Ja nok\u013c\u016bst ac\u012bs, nekav\u0113joties izskalot ar lielu daudzumu \u016bdens un, nepiecie\u0161am\u012bbas gad\u012bjum\u0101, v\u0113rsties p\u0113c medic\u012bniskas pal\u012bdz\u012bbas. Neuzkl\u0101t uz boj\u0101tas \u0101das. Nelietot, ja ir paaugstin\u0101ta jut\u012bba pret k\u0101du no produkta sast\u0101vda\u013c\u0101m. P\u0101rtraukt lieto\u0161anu, ja rodas kairin\u0101jums. Sarg\u0101t no b\u0113rniem. Uzglab\u0101t temperat\u016br\u0101 no +5 &deg;C l\u012bdz +25 &deg;C.<br \/>\n&nbsp;<\/p>\n","protected":false},"excerpt":{"rendered":"<p>Serums ar hialuronu dzi\u013cai mitrin\u0101\u0161anai un \u0101das jaun\u012bbas saglab\u0101\u0161anai. Zemas molekulmasas hialuronsk\u0101be piesaista un notur mitrumu \u0101d\u0101, palielina elast\u012bbu un samazina grumbu dzi\u013cumu. Aug\u013cu un ogu ekstraktu komplekss veicina \u0101das atjauno\u0161anos, nomierina un saglab\u0101 jaun\u012bbu, atsvaidzina un izl\u012bdzina t\u0101s toni. Lieto\u0161ana: uzkl\u0101jiet nelielu l\u012bdzek\u013ca daudzumu uz att\u012br\u012btas sejas \u0101das un uzgaidiet, l\u012bdz tas piln\u012bb\u0101 uzs\u016bcas. [&#8230;]\n","protected":false},"featured_media":105196,"template":"","meta":[],"product_cat":[1325],"product_tag":[],"class_list":{"0":"post-40137","1":"product","2":"type-product","3":"status-publish","4":"has-post-thumbnail","6":"product_brand-7days_it","7":"product_cat-serumi","9":"first","10":"instock","11":"taxable","12":"shipping-taxable","13":"product-type-simple"},"_links":{"self":[{"href":"https:\/\/e.kosmolat.eu\/lv\/wp-json\/wp\/v2\/product\/40137","targetHints":{"allow":["GET"]}}],"collection":[{"href":"https:\/\/e.kosmolat.eu\/lv\/wp-json\/wp\/v2\/product"}],"about":[{"href":"https:\/\/e.kosmolat.eu\/lv\/wp-json\/wp\/v2\/types\/product"}],"wp:featuredmedia":[{"embeddable":true,"href":"https:\/\/e.kosmolat.eu\/lv\/wp-json\/wp\/v2\/media\/105196"}],"wp:attachment":[{"href":"https:\/\/e.kosmolat.eu\/lv\/wp-json\/wp\/v2\/media?parent=40137"}],"wp:term":[{"taxonomy":"product_cat","embeddable":true,"href":"https:\/\/e.kosmolat.eu\/lv\/wp-json\/wp\/v2\/product_cat?post=40137"},{"taxonomy":"product_tag","embeddable":true,"href":"https:\/\/e.kosmolat.eu\/lv\/wp-json\/wp\/v2\/product_tag?post=40137"}],"curies":[{"name":"wp","href":"https:\/\/api.w.org\/{rel}","templated":true}]}}