{"id":40129,"date":"2023-12-23T00:40:14","date_gmt":"2023-12-23T00:40:14","guid":{"rendered":"https:\/\/e.kosmolat.eu\/product\/7d-mbw-atjaunoj-sejas-serums-milky-boost-squalane-1-5-20-ml\/"},"modified":"2026-04-20T10:27:05","modified_gmt":"2026-04-20T10:27:05","slug":"7d-mbw-atjaunoj-sejas-serums-milky-boost-squalane-1-5-20-ml","status":"publish","type":"product","link":"https:\/\/e.kosmolat.eu\/lv\/product\/7d-mbw-atjaunoj-sejas-serums-milky-boost-squalane-1-5-20-ml\/","title":{"rendered":"7D MBW Atjaunoj.sejas serums Milky Boost Squalane 1.5%, 20 ml"},"content":{"rendered":"<p>Serums t\u016bl\u012bt\u0113jai \u0101das atjauno\u0161anai un p\u0101rveido\u0161anai. Skval\u0101ns iek\u013caujas \u0101das lip\u012bdu sl\u0101n\u012b, nostiprinot, mitrinot un m\u012bkstinot to. J\u016bras a\u013c\u0123\u0113m ir sp\u0113c\u012bgs atjaunojo\u0161s efekts, t\u0101s piesaista un notur mitrumu.<\/p>\n<p><strong>Lieto\u0161ana: <\/strong>uzkl\u0101jiet nelielu l\u012bdzek\u013ca daudzumu uz att\u012br\u012btas sejas \u0101das un uzgaidiet, l\u012bdz tas piln\u012bb\u0101 uzs\u016bcas.<\/p>\n<p><strong>Piesardz\u012bbas pas\u0101kumi:<\/strong> tikai \u0101r\u012bgai lieto\u0161anai. Izvair\u012bties no saskares ar ac\u012bm. Ja nok\u013c\u016bst ac\u012bs, nekav\u0113joties izskalot ar lielu daudzumu \u016bdens un, nepiecie\u0161am\u012bbas gad\u012bjum\u0101, v\u0113rsties p\u0113c medic\u012bniskas pal\u012bdz\u012bbas. Neuzkl\u0101t uz boj\u0101tas \u0101das. Nelietot, ja ir paaugstin\u0101ta jut\u012bba pret k\u0101du no produkta sast\u0101vda\u013c\u0101m. P\u0101rtraukt lieto\u0161anu, ja rodas kairin\u0101jums. Sarg\u0101t no b\u0113rniem. Uzglab\u0101t temperat\u016br\u0101 no +5&deg;C l\u012bdz +25&deg;C.<br \/>\n&nbsp;<\/p>\n","protected":false},"excerpt":{"rendered":"<p>Serums t\u016bl\u012bt\u0113jai \u0101das atjauno\u0161anai un p\u0101rveido\u0161anai. Skval\u0101ns iek\u013caujas \u0101das lip\u012bdu sl\u0101n\u012b, nostiprinot, mitrinot un m\u012bkstinot to. J\u016bras a\u013c\u0123\u0113m ir sp\u0113c\u012bgs atjaunojo\u0161s efekts, t\u0101s piesaista un notur mitrumu. Lieto\u0161ana: uzkl\u0101jiet nelielu l\u012bdzek\u013ca daudzumu uz att\u012br\u012btas sejas \u0101das un uzgaidiet, l\u012bdz tas piln\u012bb\u0101 uzs\u016bcas. Piesardz\u012bbas pas\u0101kumi: tikai \u0101r\u012bgai lieto\u0161anai. Izvair\u012bties no saskares ar ac\u012bm. Ja nok\u013c\u016bst ac\u012bs, [&#8230;]\n","protected":false},"featured_media":99196,"template":"","meta":[],"product_cat":[1325],"product_tag":[],"class_list":{"0":"post-40129","1":"product","2":"type-product","3":"status-publish","4":"has-post-thumbnail","6":"product_brand-7days_it","7":"product_cat-serumi","9":"first","10":"outofstock","11":"taxable","12":"shipping-taxable","13":"product-type-simple"},"_links":{"self":[{"href":"https:\/\/e.kosmolat.eu\/lv\/wp-json\/wp\/v2\/product\/40129","targetHints":{"allow":["GET"]}}],"collection":[{"href":"https:\/\/e.kosmolat.eu\/lv\/wp-json\/wp\/v2\/product"}],"about":[{"href":"https:\/\/e.kosmolat.eu\/lv\/wp-json\/wp\/v2\/types\/product"}],"wp:featuredmedia":[{"embeddable":true,"href":"https:\/\/e.kosmolat.eu\/lv\/wp-json\/wp\/v2\/media\/99196"}],"wp:attachment":[{"href":"https:\/\/e.kosmolat.eu\/lv\/wp-json\/wp\/v2\/media?parent=40129"}],"wp:term":[{"taxonomy":"product_cat","embeddable":true,"href":"https:\/\/e.kosmolat.eu\/lv\/wp-json\/wp\/v2\/product_cat?post=40129"},{"taxonomy":"product_tag","embeddable":true,"href":"https:\/\/e.kosmolat.eu\/lv\/wp-json\/wp\/v2\/product_tag?post=40129"}],"curies":[{"name":"wp","href":"https:\/\/api.w.org\/{rel}","templated":true}]}}