{"id":40125,"date":"2023-12-23T00:39:43","date_gmt":"2023-12-23T00:39:43","guid":{"rendered":"https:\/\/e.kosmolat.eu\/product\/7d-mbw-atjaunoj-sejas-kr-ar-panten-peach-velvet-50-ml\/"},"modified":"2026-04-14T14:19:54","modified_gmt":"2026-04-14T14:19:54","slug":"7d-mbw-atjaunoj-sejas-kr-ar-panten-peach-velvet-50-ml","status":"publish","type":"product","link":"https:\/\/e.kosmolat.eu\/lv\/product\/7d-mbw-atjaunoj-sejas-kr-ar-panten-peach-velvet-50-ml\/","title":{"rendered":"7D MBW Atjaunoj.sejas kr.ar panten.Peach Velvet, 50 ml"},"content":{"rendered":"<p>Sejas kr\u0113ms &ndash; intens\u012bva mitrin\u0101\u0161ana, baro\u0161ana un sos-atjauno\u0161ana. E\u013c\u013cu komplekss un kolag\u0113ns baro, m\u012bkstina, pie\u0161\u0137ir tvirtumu un elast\u012bbu. Pantenols atjauno, nomierina un p\u0101rveido \u0101du. Tropu aug\u013cu ekstrakti c\u012bn\u0101s ar \u0101das nepiln\u012bb\u0101m un izl\u012bdzina toni.&nbsp;<\/p>\n<p><strong>Lieto\u0161ana:<\/strong> ar viegl\u0101m mas\u0101\u017eas kust\u012bb\u0101m uzkl\u0101jiet l\u012bdzekli uz att\u012br\u012btas \u0101das l\u012bdz tas piln\u012bb\u0101 uzs\u016bcas.<\/p>\n<p><strong>Piesardz\u012bbas pas\u0101kumi:<\/strong> tikai \u0101r\u012bgai lieto\u0161anai. Izvair\u012bties no saskares ar ac\u012bm. Ja nok\u013c\u016bst ac\u012bs, nekav\u0113joties izskalot ar lielu daudzumu \u016bdens un, nepiecie\u0161am\u012bbas gad\u012bjum\u0101, v\u0113rsties p\u0113c medic\u012bniskas pal\u012bdz\u012bbas. Neuzkl\u0101t uz boj\u0101tas \u0101das. Nelietot, ja ir paaugstin\u0101ta jut\u012bba pret k\u0101du no produkta sast\u0101vda\u013c\u0101m. P\u0101rtraukt lieto\u0161anu, ja rodas kairin\u0101jums. Sarg\u0101t no b\u0113rniem. Uzglab\u0101t temperat\u016br\u0101 no +5&deg;C l\u012bdz +25&deg;C.<br \/>\n&nbsp;<\/p>\n","protected":false},"excerpt":{"rendered":"<p>Sejas kr\u0113ms &ndash; intens\u012bva mitrin\u0101\u0161ana, baro\u0161ana un sos-atjauno\u0161ana. E\u013c\u013cu komplekss un kolag\u0113ns baro, m\u012bkstina, pie\u0161\u0137ir tvirtumu un elast\u012bbu. Pantenols atjauno, nomierina un p\u0101rveido \u0101du. Tropu aug\u013cu ekstrakti c\u012bn\u0101s ar \u0101das nepiln\u012bb\u0101m un izl\u012bdzina toni.&nbsp; Lieto\u0161ana: ar viegl\u0101m mas\u0101\u017eas kust\u012bb\u0101m uzkl\u0101jiet l\u012bdzekli uz att\u012br\u012btas \u0101das l\u012bdz tas piln\u012bb\u0101 uzs\u016bcas. Piesardz\u012bbas pas\u0101kumi: tikai \u0101r\u012bgai lieto\u0161anai. Izvair\u012bties no [&#8230;]\n","protected":false},"featured_media":97700,"template":"","meta":[],"product_cat":[1323],"product_tag":[],"class_list":{"0":"post-40125","1":"product","2":"type-product","3":"status-publish","4":"has-post-thumbnail","6":"product_brand-7days_it","7":"product_cat-1323","9":"first","10":"instock","11":"taxable","12":"shipping-taxable","13":"product-type-simple"},"_links":{"self":[{"href":"https:\/\/e.kosmolat.eu\/lv\/wp-json\/wp\/v2\/product\/40125","targetHints":{"allow":["GET"]}}],"collection":[{"href":"https:\/\/e.kosmolat.eu\/lv\/wp-json\/wp\/v2\/product"}],"about":[{"href":"https:\/\/e.kosmolat.eu\/lv\/wp-json\/wp\/v2\/types\/product"}],"wp:featuredmedia":[{"embeddable":true,"href":"https:\/\/e.kosmolat.eu\/lv\/wp-json\/wp\/v2\/media\/97700"}],"wp:attachment":[{"href":"https:\/\/e.kosmolat.eu\/lv\/wp-json\/wp\/v2\/media?parent=40125"}],"wp:term":[{"taxonomy":"product_cat","embeddable":true,"href":"https:\/\/e.kosmolat.eu\/lv\/wp-json\/wp\/v2\/product_cat?post=40125"},{"taxonomy":"product_tag","embeddable":true,"href":"https:\/\/e.kosmolat.eu\/lv\/wp-json\/wp\/v2\/product_tag?post=40125"}],"curies":[{"name":"wp","href":"https:\/\/api.w.org\/{rel}","templated":true}]}}