{"id":40121,"date":"2023-12-23T00:39:13","date_gmt":"2023-12-23T00:39:13","guid":{"rendered":"https:\/\/e.kosmolat.eu\/product\/7d-mbw-barojosa-nakts-s-maska-avocado-squash-50-ml\/"},"modified":"2026-04-14T13:43:14","modified_gmt":"2026-04-14T13:43:14","slug":"7d-mbw-barojosa-nakts-s-maska-avocado-squash-50-ml","status":"publish","type":"product","link":"https:\/\/e.kosmolat.eu\/lv\/product\/7d-mbw-barojosa-nakts-s-maska-avocado-squash-50-ml\/","title":{"rendered":"7D MBW Barojo\u0161a nakts s.maska Avocado Squash, 50 ml"},"content":{"rendered":"<p>Nakts maska intens\u012bvai sejas \u0101das baro\u0161anai un p\u0101rveido\u0161anai. Avokado e\u013c\u013ca veicina atjaunin\u0101\u0161anu, baro\u0161anu, mitrin\u0101\u0161anu un dz\u0113\u0161 noguruma paz\u012bmes. &Scaron;\u012b svieste\u013c\u013ca pie\u0161\u0137ir mirdzumu un pal\u012bdz atjaunot \u0101das tekst\u016bru. Laims stiprina \u0101du un izl\u012bdzina grumbas.<\/p>\n<p><strong>Lieto\u0161ana: <\/strong>ar viegl\u0101m mas\u0101\u017eas kust\u012bb\u0101m uzkl\u0101jiet l\u012bdzekli uz att\u012br\u012btas \u0101das, \u013caujiet piln\u012bb\u0101 ies\u016bkties. Maskas paliekas j\u0101noskalo n\u0101kamaj\u0101 r\u012bt\u0101.<\/p>\n<p><strong>Piesardz\u012bbas pas\u0101kumi: <\/strong>tikai \u0101r\u012bgai lieto\u0161anai. Izvair\u012bties no saskares ar ac\u012bm. Ja nok\u013c\u016bst ac\u012bs, nekav\u0113joties izskalot ar lielu daudzumu \u016bdens un, nepiecie\u0161am\u012bbas gad\u012bjum\u0101, v\u0113rsties p\u0113c medic\u012bniskas pal\u012bdz\u012bbas. Neuzkl\u0101t uz boj\u0101tas \u0101das. Nelietot, ja ir paaugstin\u0101ta jut\u012bba pret k\u0101du no produkta sast\u0101vda\u013c\u0101m. P\u0101rtraukt lieto\u0161anu, ja rodas kairin\u0101jums. Sarg\u0101t no b\u0113rniem. Uzglab\u0101t temperat\u016br\u0101 no +5&deg;C l\u012bdz +25&deg;C.<br \/>\n&nbsp;<\/p>\n","protected":false},"excerpt":{"rendered":"<p>Nakts maska intens\u012bvai sejas \u0101das baro\u0161anai un p\u0101rveido\u0161anai. Avokado e\u013c\u013ca veicina atjaunin\u0101\u0161anu, baro\u0161anu, mitrin\u0101\u0161anu un dz\u0113\u0161 noguruma paz\u012bmes. &Scaron;\u012b svieste\u013c\u013ca pie\u0161\u0137ir mirdzumu un pal\u012bdz atjaunot \u0101das tekst\u016bru. Laims stiprina \u0101du un izl\u012bdzina grumbas. Lieto\u0161ana: ar viegl\u0101m mas\u0101\u017eas kust\u012bb\u0101m uzkl\u0101jiet l\u012bdzekli uz att\u012br\u012btas \u0101das, \u013caujiet piln\u012bb\u0101 ies\u016bkties. Maskas paliekas j\u0101noskalo n\u0101kamaj\u0101 r\u012bt\u0101. Piesardz\u012bbas pas\u0101kumi: tikai \u0101r\u012bgai [&#8230;]\n","protected":false},"featured_media":103193,"template":"","meta":[],"product_cat":[2182],"product_tag":[],"class_list":{"0":"post-40121","1":"product","2":"type-product","3":"status-publish","4":"has-post-thumbnail","6":"product_brand-7days_it","7":"product_cat-bez-kategorijas-ru","9":"first","10":"instock","11":"taxable","12":"shipping-taxable","13":"product-type-simple"},"_links":{"self":[{"href":"https:\/\/e.kosmolat.eu\/lv\/wp-json\/wp\/v2\/product\/40121","targetHints":{"allow":["GET"]}}],"collection":[{"href":"https:\/\/e.kosmolat.eu\/lv\/wp-json\/wp\/v2\/product"}],"about":[{"href":"https:\/\/e.kosmolat.eu\/lv\/wp-json\/wp\/v2\/types\/product"}],"wp:featuredmedia":[{"embeddable":true,"href":"https:\/\/e.kosmolat.eu\/lv\/wp-json\/wp\/v2\/media\/103193"}],"wp:attachment":[{"href":"https:\/\/e.kosmolat.eu\/lv\/wp-json\/wp\/v2\/media?parent=40121"}],"wp:term":[{"taxonomy":"product_cat","embeddable":true,"href":"https:\/\/e.kosmolat.eu\/lv\/wp-json\/wp\/v2\/product_cat?post=40121"},{"taxonomy":"product_tag","embeddable":true,"href":"https:\/\/e.kosmolat.eu\/lv\/wp-json\/wp\/v2\/product_tag?post=40121"}],"curies":[{"name":"wp","href":"https:\/\/api.w.org\/{rel}","templated":true}]}}