{"id":40113,"date":"2023-12-23T00:38:14","date_gmt":"2023-12-23T00:38:14","guid":{"rendered":"https:\/\/e.kosmolat.eu\/product\/7d-mbw-s-maska-ar-hialuronsk-2in1-aqua-infusion-50-ml\/"},"modified":"2026-03-10T12:06:29","modified_gmt":"2026-03-10T12:06:29","slug":"7d-mbw-s-maska-ar-hialuronsk-2in1-aqua-infusion-50-ml","status":"publish","type":"product","link":"https:\/\/e.kosmolat.eu\/lv\/product\/7d-mbw-s-maska-ar-hialuronsk-2in1-aqua-infusion-50-ml\/","title":{"rendered":"7D MBW S.maska ar hialuronsk. 2in1 Aqua Infusion, 50 ml"},"content":{"rendered":"<p>\u012apa&scaron;i mitrino&scaron;a sejas maska 2in1. L\u012bdzekli var izmantot gan k\u0101 intens\u012bvi mitrino&scaron;u sejas masku, gan k\u0101 nenomazg\u0101jamu hialuronsk\u0101bes \u017eeleju-kr\u0113mu. Zemas molekulmasas hialuronsk\u0101be piesaista un notur mitrumu \u0101d\u0101, uzlabo elast\u012bbu, samazina grumbu dzi\u013cumu, savuk\u0101rt aug\u013cu un ogu ekstraktu komplekss veicina \u0101das atjauno&scaron;anos.<\/p>\n<p><strong>Lieto\u0161ana:<\/strong><br \/>\nNr.1. Maska: ar viegl\u0101m mas\u0101\u017eas kust\u012bb\u0101m uzkl\u0101jiet l\u012bdzekli biez\u0101 k\u0101rt\u0101 uz att\u012br\u012btas sejas \u0101das, atst\u0101jiet uz 10-15 min\u016bt\u0113m, l\u012bdz piln\u012bb\u0101 uzs\u016bcas, maskas paliekas noskalojiet ar \u016bdeni.<br \/>\nNr.2. \u017deleja-kr\u0113ms: ar viegl\u0101m mas\u0101\u017eas kust\u012bb\u0101m uzkl\u0101jiet l\u012bdzekli pl\u0101n\u0101 k\u0101rt\u0101, uzgaidiet, l\u012bdz tas piln\u012bb\u0101 uzs\u016bcas.<\/p>\n<p><strong>Piesardz\u012bbas pas\u0101kumi:<\/strong> tikai \u0101r\u012bgai lieto\u0161anai. Izvair\u012bties no saskares ar ac\u012bm. Ja nok\u013c\u016bst ac\u012bs, nekav\u0113joties izskalot ar lielu daudzumu \u016bdens un, nepiecie\u0161am\u012bbas gad\u012bjum\u0101, v\u0113rsties p\u0113c medic\u012bniskas pal\u012bdz\u012bbas. Neuzkl\u0101t uz boj\u0101tas \u0101das. Nelietot, ja ir paaugstin\u0101ta jut\u012bba pret k\u0101du no produkta sast\u0101vda\u013c\u0101m. P\u0101rtraukt lieto\u0161anu, ja rodas kairin\u0101jums. Sarg\u0101t no b\u0113rniem. Uzglab\u0101t temperat\u016br\u0101 no +5&deg;C l\u012bdz +25&deg;C.<br \/>\n&nbsp;<\/p>\n","protected":false},"excerpt":{"rendered":"<p>\u012apa&scaron;i mitrino&scaron;a sejas maska 2in1. L\u012bdzekli var izmantot gan k\u0101 intens\u012bvi mitrino&scaron;u sejas masku, gan k\u0101 nenomazg\u0101jamu hialuronsk\u0101bes \u017eeleju-kr\u0113mu. Zemas molekulmasas hialuronsk\u0101be piesaista un notur mitrumu \u0101d\u0101, uzlabo elast\u012bbu, samazina grumbu dzi\u013cumu, savuk\u0101rt aug\u013cu un ogu ekstraktu komplekss veicina \u0101das atjauno&scaron;anos. Lieto\u0161ana: Nr.1. Maska: ar viegl\u0101m mas\u0101\u017eas kust\u012bb\u0101m uzkl\u0101jiet l\u012bdzekli biez\u0101 k\u0101rt\u0101 uz att\u012br\u012btas sejas [&#8230;]\n","protected":false},"featured_media":99176,"template":"","meta":[],"product_cat":[1999],"product_tag":[],"class_list":{"0":"post-40113","1":"product","2":"type-product","3":"status-publish","4":"has-post-thumbnail","6":"product_brand-7days_it","7":"product_cat-bez-kategorijas","9":"first","10":"instock","11":"taxable","12":"shipping-taxable","13":"product-type-simple"},"_links":{"self":[{"href":"https:\/\/e.kosmolat.eu\/lv\/wp-json\/wp\/v2\/product\/40113","targetHints":{"allow":["GET"]}}],"collection":[{"href":"https:\/\/e.kosmolat.eu\/lv\/wp-json\/wp\/v2\/product"}],"about":[{"href":"https:\/\/e.kosmolat.eu\/lv\/wp-json\/wp\/v2\/types\/product"}],"wp:featuredmedia":[{"embeddable":true,"href":"https:\/\/e.kosmolat.eu\/lv\/wp-json\/wp\/v2\/media\/99176"}],"wp:attachment":[{"href":"https:\/\/e.kosmolat.eu\/lv\/wp-json\/wp\/v2\/media?parent=40113"}],"wp:term":[{"taxonomy":"product_cat","embeddable":true,"href":"https:\/\/e.kosmolat.eu\/lv\/wp-json\/wp\/v2\/product_cat?post=40113"},{"taxonomy":"product_tag","embeddable":true,"href":"https:\/\/e.kosmolat.eu\/lv\/wp-json\/wp\/v2\/product_tag?post=40113"}],"curies":[{"name":"wp","href":"https:\/\/api.w.org\/{rel}","templated":true}]}}