{"id":40105,"date":"2023-12-23T00:37:13","date_gmt":"2023-12-23T00:37:13","guid":{"rendered":"https:\/\/e.kosmolat.eu\/product\/7d-anml-s-maska-happy-sea-calf-ar-jur-alg-un-island-kerpj-ekstr-28-g\/"},"modified":"2026-04-15T09:56:50","modified_gmt":"2026-04-15T09:56:50","slug":"7d-anml-s-maska-happy-sea-calf-ar-jur-alg-un-island-kerpj-ekstr-28-g","status":"publish","type":"product","link":"https:\/\/e.kosmolat.eu\/lv\/product\/7d-anml-s-maska-happy-sea-calf-ar-jur-alg-un-island-kerpj-ekstr-28-g\/","title":{"rendered":"7D ANML S.maska Happy Sea Calf ar j\u016br.\u0101\u013c\u0123.un island.\u0137\u0113rpj.ekstr, 28 g"},"content":{"rendered":"<p>Maska d\u0101v\u0101 to, ko m\u012bl visi ro\u0146i:<\/p>\n<ul>\n<li>Svaigumu: j\u016bras a\u013c\u0123u ekstrakts atsvaidzina, d\u0101v\u0101 \u0101dai v\u0113rt\u012bg\u0101s bar\u012bbas vielas, uzlabo \u0101das elast\u012bbu un tonusu.<\/li>\n<li>Ener\u0123iju: islandes \u0137\u0113rpja ekstrakts nov\u0113r\u0161 noguruma paz\u012bmes, nodro\u0161inot \u0101dai svaigu un vesel\u012bgu izskatu p\u0113c iesp\u0113jas ilg\u0101k.<\/li>\n<li>Mitrin\u0101\u0161anu: \u0161\u012b sviesta un kvie\u0161u d\u012bg\u013cu kompleksa viegl\u0101 atsvaidzino\u0161\u0101 formula lieliski mitrina un baro \u0101du.<\/li>\n<li>Vienreiz\u012bgumu: uzkl\u0101j masku un paskaties spogul\u012b. Neparasti, vai ne?<\/li>\n<\/ul>\n<p><strong>Lieto\u0161ana: <\/strong>Att\u012briet sejas \u0101du. Uzkl\u0101jiet masku uz 10-15 min\u016bt\u0113m. Lai jautr\u0101ka gaid\u012b\u0161ana, varat uz\u0146emt pa\u0161bildi un ievietot to Instagram. P\u0113c maskas no\u0146em\u0161anas pamas\u0113jiet seju. Maskas paliekas no\u0146emiet ar kosm\u0113tikas salveti, noskalojiet seju ar \u016bdeni.<\/p>\n<p><strong>Piesardz\u012bbas pas\u0101kumi: <\/strong>tikai \u0101r\u012bgai lieto\u0161anai. Neizmantot atk\u0101rtoti. Izvair\u012bties no saskares ar ac\u012bm. Ja nok\u013c\u016bst ac\u012bs, nekav\u0113joties izskalot ar lielu daudzumu \u016bdens un, nepiecie\u0161am\u012bbas gad\u012bjum\u0101, v\u0113rsties p\u0113c medic\u012bniskas pal\u012bdz\u012bbas. Neuzkl\u0101t uz boj\u0101tas \u0101das. Nelietot, ja ir paaugstin\u0101ta jut\u012bba pret k\u0101du no maskas sast\u0101vda\u013c\u0101m. P\u0101rtraukt lieto\u0161anu, ja rodas kairin\u0101jums. Sarg\u0101t no b\u0113rniem. Uzglab\u0101t temperat\u016br\u0101 no +5&deg;C l\u012bdz +25&deg;C.<br \/>\n&nbsp;<\/p>\n","protected":false},"excerpt":{"rendered":"<p>Maska d\u0101v\u0101 to, ko m\u012bl visi ro\u0146i: Svaigumu: j\u016bras a\u013c\u0123u ekstrakts atsvaidzina, d\u0101v\u0101 \u0101dai v\u0113rt\u012bg\u0101s bar\u012bbas vielas, uzlabo \u0101das elast\u012bbu un tonusu. Ener\u0123iju: islandes \u0137\u0113rpja ekstrakts nov\u0113r\u0161 noguruma paz\u012bmes, nodro\u0161inot \u0101dai svaigu un vesel\u012bgu izskatu p\u0113c iesp\u0113jas ilg\u0101k. Mitrin\u0101\u0161anu: \u0161\u012b sviesta un kvie\u0161u d\u012bg\u013cu kompleksa viegl\u0101 atsvaidzino\u0161\u0101 formula lieliski mitrina un baro \u0101du. Vienreiz\u012bgumu: uzkl\u0101j [&#8230;]\n","protected":false},"featured_media":105180,"template":"","meta":[],"product_cat":[2182],"product_tag":[],"class_list":{"0":"post-40105","1":"product","2":"type-product","3":"status-publish","4":"has-post-thumbnail","6":"product_brand-7days_it","7":"product_cat-bez-kategorijas-ru","9":"first","10":"instock","11":"taxable","12":"shipping-taxable","13":"product-type-simple"},"_links":{"self":[{"href":"https:\/\/e.kosmolat.eu\/lv\/wp-json\/wp\/v2\/product\/40105","targetHints":{"allow":["GET"]}}],"collection":[{"href":"https:\/\/e.kosmolat.eu\/lv\/wp-json\/wp\/v2\/product"}],"about":[{"href":"https:\/\/e.kosmolat.eu\/lv\/wp-json\/wp\/v2\/types\/product"}],"wp:featuredmedia":[{"embeddable":true,"href":"https:\/\/e.kosmolat.eu\/lv\/wp-json\/wp\/v2\/media\/105180"}],"wp:attachment":[{"href":"https:\/\/e.kosmolat.eu\/lv\/wp-json\/wp\/v2\/media?parent=40105"}],"wp:term":[{"taxonomy":"product_cat","embeddable":true,"href":"https:\/\/e.kosmolat.eu\/lv\/wp-json\/wp\/v2\/product_cat?post=40105"},{"taxonomy":"product_tag","embeddable":true,"href":"https:\/\/e.kosmolat.eu\/lv\/wp-json\/wp\/v2\/product_tag?post=40105"}],"curies":[{"name":"wp","href":"https:\/\/api.w.org\/{rel}","templated":true}]}}