{"id":40101,"date":"2023-12-23T00:36:44","date_gmt":"2023-12-23T00:36:44","guid":{"rendered":"https:\/\/e.kosmolat.eu\/product\/7d-anml-s-maska-sweet-panda-ar-bamb-ekstr-un-sojas-p-ellu-28-g\/"},"modified":"2026-04-15T09:56:19","modified_gmt":"2026-04-15T09:56:19","slug":"7d-anml-s-maska-sweet-panda-ar-bamb-ekstr-un-sojas-p-ellu-28-g","status":"publish","type":"product","link":"https:\/\/e.kosmolat.eu\/lv\/product\/7d-anml-s-maska-sweet-panda-ar-bamb-ekstr-un-sojas-p-ellu-28-g\/","title":{"rendered":"7D ANML S.maska Sweet Panda ar bamb.ekstr un sojas p.e\u013c\u013cu, 28 g"},"content":{"rendered":"<p>&Scaron;\u012b maska sniedz to, ko m\u012bl panda:<\/p>\n<ul>\n<li>T\u012br\u012bbu: bambusa ekstrakts stimul\u0113 epidermas att\u012br\u012b\u0161anas un detoksik\u0101cijas procesu, uzlabo \u0101das tonusu un elast\u012bbu.<\/li>\n<li>Kop\u0161anu: A, B, C un E vitam\u012bnu kompleksam ir dzi\u013ca atjaunojo\u0161a iedarb\u012bba, r\u016bp\u012bgi kopjot j\u016bsu \u0101du.<\/li>\n<li>Maigumu: sojas e\u013c\u013ca pie\u0161\u0137ir maigumu un gludumu, d\u0101v\u0101 \u0101dai vieglumu un gais\u012bgumu un pal\u012bdz &ldquo;sp\u012bd\u0113t no iek\u0161puses&rdquo;.<\/li>\n<li>Pozit\u012bvumu: maskas dizains uzlabos garast\u0101vokli gan jums, gan apk\u0101rt\u0113jiem.<\/li>\n<\/ul>\n<p><strong>Lieto\u0161ana:<\/strong> Att\u012briet sejas \u0101du. Uzkl\u0101jiet masku uz 10-15 min\u016bt\u0113m. Lai jautr\u0101ka gaid\u012b\u0161ana, varat uz\u0146emt pa\u0161bildi un ievietot to Instagram. P\u0113c maskas no\u0146em\u0161anas pamas\u0113jiet seju. Maskas paliekas no\u0146emiet ar kosm\u0113tikas salveti, noskalojiet seju ar \u016bdeni.<\/p>\n<p><strong>Piesardz\u012bbas pas\u0101kumi:<\/strong> tikai \u0101r\u012bgai lieto\u0161anai. Neizmantot atk\u0101rtoti. Izvair\u012bties no saskares ar ac\u012bm. Ja nok\u013c\u016bst ac\u012bs, nekav\u0113joties izskalot ar lielu daudzumu \u016bdens un, nepiecie\u0161am\u012bbas gad\u012bjum\u0101, v\u0113rsties p\u0113c medic\u012bniskas pal\u012bdz\u012bbas. Neuzkl\u0101t uz boj\u0101tas \u0101das. Nelietot, ja ir paaugstin\u0101ta jut\u012bba pret k\u0101du no maskas sast\u0101vda\u013c\u0101m. P\u0101rtraukt lieto\u0161anu, ja rodas kairin\u0101jums. Sarg\u0101t no b\u0113rniem. Uzglab\u0101t temperat\u016br\u0101 no +5&deg;C l\u012bdz +25&deg;C.<br \/>\n&nbsp;<\/p>\n","protected":false},"excerpt":{"rendered":"<p>&Scaron;\u012b maska sniedz to, ko m\u012bl panda: T\u012br\u012bbu: bambusa ekstrakts stimul\u0113 epidermas att\u012br\u012b\u0161anas un detoksik\u0101cijas procesu, uzlabo \u0101das tonusu un elast\u012bbu. Kop\u0161anu: A, B, C un E vitam\u012bnu kompleksam ir dzi\u013ca atjaunojo\u0161a iedarb\u012bba, r\u016bp\u012bgi kopjot j\u016bsu \u0101du. Maigumu: sojas e\u013c\u013ca pie\u0161\u0137ir maigumu un gludumu, d\u0101v\u0101 \u0101dai vieglumu un gais\u012bgumu un pal\u012bdz &ldquo;sp\u012bd\u0113t no iek\u0161puses&rdquo;. Pozit\u012bvumu: [&#8230;]\n","protected":false},"featured_media":105172,"template":"","meta":[],"product_cat":[2181],"product_tag":[],"class_list":{"0":"post-40101","1":"product","2":"type-product","3":"status-publish","4":"has-post-thumbnail","6":"product_brand-7days_it","7":"product_cat-bez-kategorijas-lt","9":"first","10":"outofstock","11":"taxable","12":"shipping-taxable","13":"product-type-simple"},"_links":{"self":[{"href":"https:\/\/e.kosmolat.eu\/lv\/wp-json\/wp\/v2\/product\/40101","targetHints":{"allow":["GET"]}}],"collection":[{"href":"https:\/\/e.kosmolat.eu\/lv\/wp-json\/wp\/v2\/product"}],"about":[{"href":"https:\/\/e.kosmolat.eu\/lv\/wp-json\/wp\/v2\/types\/product"}],"wp:featuredmedia":[{"embeddable":true,"href":"https:\/\/e.kosmolat.eu\/lv\/wp-json\/wp\/v2\/media\/105172"}],"wp:attachment":[{"href":"https:\/\/e.kosmolat.eu\/lv\/wp-json\/wp\/v2\/media?parent=40101"}],"wp:term":[{"taxonomy":"product_cat","embeddable":true,"href":"https:\/\/e.kosmolat.eu\/lv\/wp-json\/wp\/v2\/product_cat?post=40101"},{"taxonomy":"product_tag","embeddable":true,"href":"https:\/\/e.kosmolat.eu\/lv\/wp-json\/wp\/v2\/product_tag?post=40101"}],"curies":[{"name":"wp","href":"https:\/\/api.w.org\/{rel}","templated":true}]}}