{"id":40097,"date":"2023-12-23T00:36:14","date_gmt":"2023-12-23T00:36:14","guid":{"rendered":"https:\/\/e.kosmolat.eu\/product\/7d-anml-s-maska-wildtiger-ar-taigas-ogu-un-verbenas-ekstr-28-g\/"},"modified":"2026-04-17T06:16:42","modified_gmt":"2026-04-17T06:16:42","slug":"7d-anml-s-maska-wildtiger-ar-taigas-ogu-un-verbenas-ekstr-28-g","status":"publish","type":"product","link":"https:\/\/e.kosmolat.eu\/lv\/product\/7d-anml-s-maska-wildtiger-ar-taigas-ogu-un-verbenas-ekstr-28-g\/","title":{"rendered":"7D ANML S.maska WildTiger ar taigas ogu un verbenas ekstr, 28 g"},"content":{"rendered":"<p>K\u0101 savva\u013cas t\u012b\u0123erim, \u0161ai maskai piem\u012bt:<\/p>\n<ul>\n<li>Sp\u0113ks: Taigas ogu ekstraktam piem\u012bt sp\u0113c\u012bgas \u012bpa\u0161\u012bbas, kas toniz\u0113 \u0101du un d\u0101v\u0101 ener\u0123iju.<\/li>\n<li>Iztur\u012bba: verbenas ekstrakts efekt\u012bvi mazina noguruma paz\u012bmes un pal\u012bdz \u0101dai ilg\u0101k izskat\u012bties svaigai un vesel\u012bgai.<\/li>\n<li>\u0100trums: pateicoties unik\u0101lajai formulai, maska iedarbojas \u0101tri un efekt\u012bvi. Man\u0101mi rezult\u0101ti 20 min\u016b\u0161u laik\u0101.<\/li>\n<li>Domin\u0113\u0161ana: izm\u0113\u0123inot \u0161o masku vienreiz, j\u016bs to iem\u012bl\u0113siet.<\/li>\n<\/ul>\n<p><strong>Lieto\u0161ana:<\/strong> Att\u012briet sejas \u0101du. Uzkl\u0101jiet masku uz 10-15 min\u016bt\u0113m. Lai jautr\u0101ka gaid\u012b\u0161ana, varat uz\u0146emt pa\u0161bildi un ievietot to Instagram. P\u0113c maskas no\u0146em\u0161anas pamas\u0113jiet seju. Maskas paliekas no\u0146emiet ar kosm\u0113tikas salveti, noskalojiet seju ar \u016bdeni.<\/p>\n<p><strong>Piesardz\u012bbas pas\u0101kumi: <\/strong>tikai \u0101r\u012bgai lieto\u0161anai. Neizmantot atk\u0101rtoti. Izvair\u012bties no saskares ar ac\u012bm. Ja nok\u013c\u016bst ac\u012bs, nekav\u0113joties izskalot ar lielu daudzumu \u016bdens un, nepiecie\u0161am\u012bbas gad\u012bjum\u0101, v\u0113rsties p\u0113c medic\u012bniskas pal\u012bdz\u012bbas. Neuzkl\u0101t uz boj\u0101tas \u0101das. Nelietot, ja ir paaugstin\u0101ta jut\u012bba pret k\u0101du no maskas sast\u0101vda\u013c\u0101m. P\u0101rtraukt lieto\u0161anu, ja rodas kairin\u0101jums. Sarg\u0101t no b\u0113rniem. Uzglab\u0101t temperat\u016br\u0101 no +5&deg;C l\u012bdz +25&deg;C.<br \/>\n&nbsp;<\/p>\n","protected":false},"excerpt":{"rendered":"<p>K\u0101 savva\u013cas t\u012b\u0123erim, \u0161ai maskai piem\u012bt: Sp\u0113ks: Taigas ogu ekstraktam piem\u012bt sp\u0113c\u012bgas \u012bpa\u0161\u012bbas, kas toniz\u0113 \u0101du un d\u0101v\u0101 ener\u0123iju. Iztur\u012bba: verbenas ekstrakts efekt\u012bvi mazina noguruma paz\u012bmes un pal\u012bdz \u0101dai ilg\u0101k izskat\u012bties svaigai un vesel\u012bgai. \u0100trums: pateicoties unik\u0101lajai formulai, maska iedarbojas \u0101tri un efekt\u012bvi. Man\u0101mi rezult\u0101ti 20 min\u016b\u0161u laik\u0101. Domin\u0113\u0161ana: izm\u0113\u0123inot \u0161o masku vienreiz, j\u016bs to [&#8230;]\n","protected":false},"featured_media":105168,"template":"","meta":[],"product_cat":[2182],"product_tag":[],"class_list":{"0":"post-40097","1":"product","2":"type-product","3":"status-publish","4":"has-post-thumbnail","6":"product_brand-7days_it","7":"product_cat-bez-kategorijas-ru","9":"first","10":"instock","11":"taxable","12":"shipping-taxable","13":"product-type-simple"},"_links":{"self":[{"href":"https:\/\/e.kosmolat.eu\/lv\/wp-json\/wp\/v2\/product\/40097","targetHints":{"allow":["GET"]}}],"collection":[{"href":"https:\/\/e.kosmolat.eu\/lv\/wp-json\/wp\/v2\/product"}],"about":[{"href":"https:\/\/e.kosmolat.eu\/lv\/wp-json\/wp\/v2\/types\/product"}],"wp:featuredmedia":[{"embeddable":true,"href":"https:\/\/e.kosmolat.eu\/lv\/wp-json\/wp\/v2\/media\/105168"}],"wp:attachment":[{"href":"https:\/\/e.kosmolat.eu\/lv\/wp-json\/wp\/v2\/media?parent=40097"}],"wp:term":[{"taxonomy":"product_cat","embeddable":true,"href":"https:\/\/e.kosmolat.eu\/lv\/wp-json\/wp\/v2\/product_cat?post=40097"},{"taxonomy":"product_tag","embeddable":true,"href":"https:\/\/e.kosmolat.eu\/lv\/wp-json\/wp\/v2\/product_tag?post=40097"}],"curies":[{"name":"wp","href":"https:\/\/api.w.org\/{rel}","templated":true}]}}