{"id":40089,"date":"2023-12-23T00:35:16","date_gmt":"2023-12-23T00:35:16","guid":{"rendered":"https:\/\/e.kosmolat.eu\/product\/i_7d-govegan-aud-tomato-s-maska-saturday-red-day-25-g\/"},"modified":"2026-04-15T09:55:48","modified_gmt":"2026-04-15T09:55:48","slug":"i_7d-govegan-aud-tomato-s-maska-saturday-red-day-25-g","status":"publish","type":"product","link":"https:\/\/e.kosmolat.eu\/lv\/product\/i_7d-govegan-aud-tomato-s-maska-saturday-red-day-25-g\/","title":{"rendered":"I_7D GoVEGAN Aud.tomato s.maska Saturday Red Day, 25 g"},"content":{"rendered":"<p>Maska &ldquo;gangsta&rdquo; meiten\u0113m. To\u0146a izl\u012bdzin\u0101\u0161ana, atjauno\u0161ana, mitrin\u0101\u0161ana.<br \/>\nTom\u0101tu un bie\u0161u ekstrakti mitrin\u0101s, nosl\u0113ps pag\u0101ju\u0161\u0101s nakts &ldquo;noziegumus&rdquo; un \u0101das nel\u012bdzenumus, uzlabos sejas kr\u0101su un perfekt\u0101s skaistul\u012btes alibi. Lamin\u0101rijas un ingvera ekstrakts d\u0101v\u0101s sp\u0113c\u012bgu mikroelementu, miner\u0101lvielu un vitam\u012bnu l\u0101di\u0146u, kas k\u013c\u016bs par detonatoru kaisles un m\u012blest\u012bbas spr\u0101dzienam jau p\u0113c pirm\u0101 randi\u0146a.<\/p>\n<p><strong>Lieto\u0161ana: <\/strong>1. Att\u012briet sejas \u0101du no kosm\u0113tikas. 2. Atlokiet un uzkl\u0101jiet masku uz 10-15 min\u016bt\u0113m. 3. Noskalojiet seju ar \u016bdeni. Ja v\u0113laties, maskas paliekas var nenoskalot. Man\u0101mam \u0101das st\u0101vok\u013ca uzlabojumam ieteicams lietot visu &ldquo;Go Vegan&rdquo; masku s\u0113riju ned\u0113\u013cas laik\u0101. Maska der ar\u012b vienreiz\u0113jai lieto\u0161anai k\u0101 ekspreskop\u0161anas l\u012bdzeklis.<\/p>\n<p><strong>Piesardz\u012bbas pas\u0101kumi: <\/strong>tikai \u0101r\u012bgai lieto\u0161anai. Neizmantot atk\u0101rtoti. Izvair\u012bties no saskares ar ac\u012bm. Ja nok\u013c\u016bst ac\u012bs, nekav\u0113joties izskalot ar lielu daudzumu \u016bdens un, nepiecie\u0161am\u012bbas gad\u012bjum\u0101, v\u0113rsties p\u0113c medic\u012bniskas pal\u012bdz\u012bbas. Neuzkl\u0101t uz boj\u0101tas \u0101das. Nelietot, ja ir paaugstin\u0101ta jut\u012bba pret k\u0101du no maskas sast\u0101vda\u013c\u0101m. P\u0101rtraukt lieto\u0161anu, ja rodas kairin\u0101jums. Sarg\u0101t no b\u0113rniem. Uzglab\u0101t temperat\u016br\u0101 no +5&deg;C l\u012bdz +25&deg;C.<br \/>\n&nbsp;<\/p>\n","protected":false},"excerpt":{"rendered":"<p>Maska &ldquo;gangsta&rdquo; meiten\u0113m. To\u0146a izl\u012bdzin\u0101\u0161ana, atjauno\u0161ana, mitrin\u0101\u0161ana. Tom\u0101tu un bie\u0161u ekstrakti mitrin\u0101s, nosl\u0113ps pag\u0101ju\u0161\u0101s nakts &ldquo;noziegumus&rdquo; un \u0101das nel\u012bdzenumus, uzlabos sejas kr\u0101su un perfekt\u0101s skaistul\u012btes alibi. Lamin\u0101rijas un ingvera ekstrakts d\u0101v\u0101s sp\u0113c\u012bgu mikroelementu, miner\u0101lvielu un vitam\u012bnu l\u0101di\u0146u, kas k\u013c\u016bs par detonatoru kaisles un m\u012blest\u012bbas spr\u0101dzienam jau p\u0113c pirm\u0101 randi\u0146a. Lieto\u0161ana: 1. Att\u012briet sejas \u0101du no [&#8230;]\n","protected":false},"featured_media":102206,"template":"","meta":[],"product_cat":[1999],"product_tag":[],"class_list":{"0":"post-40089","1":"product","2":"type-product","3":"status-publish","4":"has-post-thumbnail","6":"product_brand-7days_it","7":"product_cat-bez-kategorijas","9":"first","10":"outofstock","11":"taxable","12":"shipping-taxable","13":"product-type-simple"},"_links":{"self":[{"href":"https:\/\/e.kosmolat.eu\/lv\/wp-json\/wp\/v2\/product\/40089","targetHints":{"allow":["GET"]}}],"collection":[{"href":"https:\/\/e.kosmolat.eu\/lv\/wp-json\/wp\/v2\/product"}],"about":[{"href":"https:\/\/e.kosmolat.eu\/lv\/wp-json\/wp\/v2\/types\/product"}],"wp:featuredmedia":[{"embeddable":true,"href":"https:\/\/e.kosmolat.eu\/lv\/wp-json\/wp\/v2\/media\/102206"}],"wp:attachment":[{"href":"https:\/\/e.kosmolat.eu\/lv\/wp-json\/wp\/v2\/media?parent=40089"}],"wp:term":[{"taxonomy":"product_cat","embeddable":true,"href":"https:\/\/e.kosmolat.eu\/lv\/wp-json\/wp\/v2\/product_cat?post=40089"},{"taxonomy":"product_tag","embeddable":true,"href":"https:\/\/e.kosmolat.eu\/lv\/wp-json\/wp\/v2\/product_tag?post=40089"}],"curies":[{"name":"wp","href":"https:\/\/api.w.org\/{rel}","templated":true}]}}