{"id":40073,"date":"2023-12-23T00:33:46","date_gmt":"2023-12-23T00:33:46","guid":{"rendered":"https:\/\/e.kosmolat.eu\/product\/sejas-krems-kviesi-44-ml\/"},"modified":"2025-07-30T10:20:53","modified_gmt":"2025-07-30T10:20:53","slug":"sejas-krems-kviesi-44-ml","status":"publish","type":"product","link":"https:\/\/e.kosmolat.eu\/lv\/product\/sejas-krems-kviesi-44-ml\/","title":{"rendered":"Sejas kr\u0113ms Kvie\u0161i, 44 ml"},"content":{"rendered":"<p>Kvie\u0161u asnos eso\u0161ie A, E vitam\u012bni, mikroelementi un biolo\u0123iski akt\u012bv\u0101s vielas veicina epidermas atjauno\u0161anos, baro, mitrina un atsvaidzina sejas \u0101du.<\/p>\n<p><strong>Lieto\u0161ana:<\/strong> ar viegl\u0101m mas\u0113jo\u0161\u0101m kust\u012bb\u0101m uzkl\u0101t kr\u0113mu uz att\u012br\u012btas sejas \u0101das.<\/p>\n<p><strong>Piesardz\u012bbas pas\u0101kumi:<\/strong> tikai \u0101r\u012bgai lieto\u0161anai.<\/p>\n<p><strong>Der\u012bguma termi\u0146\u0161: <\/strong>24 m\u0113ne\u0161i. Uzglab\u0101t temperat\u016br\u0101 no +5 &deg;\u0421 l\u012bdz +25 &deg;\u0421.<br \/>\n&nbsp;<\/p>\n","protected":false},"excerpt":{"rendered":"<p>Kvie\u0161u asnos eso\u0161ie A, E vitam\u012bni, mikroelementi un biolo\u0123iski akt\u012bv\u0101s vielas veicina epidermas atjauno\u0161anos, baro, mitrina un atsvaidzina sejas \u0101du. Lieto\u0161ana: ar viegl\u0101m mas\u0113jo\u0161\u0101m kust\u012bb\u0101m uzkl\u0101t kr\u0113mu uz att\u012br\u012btas sejas \u0101das. Piesardz\u012bbas pas\u0101kumi: tikai \u0101r\u012bgai lieto\u0161anai. Der\u012bguma termi\u0146\u0161: 24 m\u0113ne\u0161i. Uzglab\u0101t temperat\u016br\u0101 no +5 &deg;\u0421 l\u012bdz +25 &deg;\u0421. &nbsp;<\/p>\n","protected":false},"featured_media":41906,"template":"","meta":[],"product_cat":[2181],"product_tag":[],"class_list":{"0":"post-40073","1":"product","2":"type-product","3":"status-publish","4":"has-post-thumbnail","6":"product_brand-bioton_ua","7":"product_cat-bez-kategorijas-lt","9":"first","10":"outofstock","11":"taxable","12":"shipping-taxable","13":"product-type-simple"},"_links":{"self":[{"href":"https:\/\/e.kosmolat.eu\/lv\/wp-json\/wp\/v2\/product\/40073","targetHints":{"allow":["GET"]}}],"collection":[{"href":"https:\/\/e.kosmolat.eu\/lv\/wp-json\/wp\/v2\/product"}],"about":[{"href":"https:\/\/e.kosmolat.eu\/lv\/wp-json\/wp\/v2\/types\/product"}],"wp:featuredmedia":[{"embeddable":true,"href":"https:\/\/e.kosmolat.eu\/lv\/wp-json\/wp\/v2\/media\/41906"}],"wp:attachment":[{"href":"https:\/\/e.kosmolat.eu\/lv\/wp-json\/wp\/v2\/media?parent=40073"}],"wp:term":[{"taxonomy":"product_cat","embeddable":true,"href":"https:\/\/e.kosmolat.eu\/lv\/wp-json\/wp\/v2\/product_cat?post=40073"},{"taxonomy":"product_tag","embeddable":true,"href":"https:\/\/e.kosmolat.eu\/lv\/wp-json\/wp\/v2\/product_tag?post=40073"}],"curies":[{"name":"wp","href":"https:\/\/api.w.org\/{rel}","templated":true}]}}