{"id":40041,"date":"2023-12-23T00:30:39","date_gmt":"2023-12-23T00:30:39","guid":{"rendered":"https:\/\/e.kosmolat.eu\/product\/i_roku-krems-vitolu-500-ml\/"},"modified":"2025-07-21T10:11:19","modified_gmt":"2025-07-21T10:11:19","slug":"i_roku-krems-vitolu-500-ml","status":"publish","type":"product","link":"https:\/\/e.kosmolat.eu\/lv\/product\/i_roku-krems-vitolu-500-ml\/","title":{"rendered":"I_Roku kr\u0113ms V\u012btolu, 500 ml"},"content":{"rendered":"<p>V\u012btola ekstraktam piem\u012bt nomierino\u0161a, pretiekaisuma, br\u016b\u010du dzied\u0113jo\u0161a un pretaler\u0123iska iedarb\u012bba. Pa\u0101trina \u0101das atjauno\u0161an\u0101s procesus. Glicer\u012bns normaliz\u0113 \u016bdens l\u012bdzsvaru, uzlabo \u0101das tonusu. Piem\u0113rots visiem \u0101das tipiem.<\/p>\n<p><strong>Lieto\u0161ana: <\/strong>uzkl\u0101t uz t\u012bras roku \u0101das.<\/p>\n<p><strong>Piesardz\u012bbas pas\u0101kumi:<\/strong> tikai \u0101r\u012bgai lieto\u0161anai.<\/p>\n<p><strong>Der\u012bguma termi\u0146\u0161: <\/strong>24 m\u0113ne\u0161i.&nbsp;Uzglab\u0101t temperat\u016br\u0101 no +5 &deg;\u0421 l\u012bdz +25 &deg;\u0421.<br \/>\n&nbsp;<\/p>\n","protected":false},"excerpt":{"rendered":"<p>V\u012btola ekstraktam piem\u012bt nomierino\u0161a, pretiekaisuma, br\u016b\u010du dzied\u0113jo\u0161a un pretaler\u0123iska iedarb\u012bba. Pa\u0101trina \u0101das atjauno\u0161an\u0101s procesus. Glicer\u012bns normaliz\u0113 \u016bdens l\u012bdzsvaru, uzlabo \u0101das tonusu. Piem\u0113rots visiem \u0101das tipiem. Lieto\u0161ana: uzkl\u0101t uz t\u012bras roku \u0101das. Piesardz\u012bbas pas\u0101kumi: tikai \u0101r\u012bgai lieto\u0161anai. Der\u012bguma termi\u0146\u0161: 24 m\u0113ne\u0161i.&nbsp;Uzglab\u0101t temperat\u016br\u0101 no +5 &deg;\u0421 l\u012bdz +25 &deg;\u0421. &nbsp;<\/p>\n","protected":false},"featured_media":12753,"template":"","meta":[],"product_cat":[1302],"product_tag":[],"class_list":{"0":"post-40041","1":"product","2":"type-product","3":"status-publish","4":"has-post-thumbnail","6":"product_brand-bioton_ua","7":"product_cat-roku-kopsanas-kosmetika","9":"first","10":"outofstock","11":"taxable","12":"shipping-taxable","13":"product-type-simple"},"_links":{"self":[{"href":"https:\/\/e.kosmolat.eu\/lv\/wp-json\/wp\/v2\/product\/40041","targetHints":{"allow":["GET"]}}],"collection":[{"href":"https:\/\/e.kosmolat.eu\/lv\/wp-json\/wp\/v2\/product"}],"about":[{"href":"https:\/\/e.kosmolat.eu\/lv\/wp-json\/wp\/v2\/types\/product"}],"wp:featuredmedia":[{"embeddable":true,"href":"https:\/\/e.kosmolat.eu\/lv\/wp-json\/wp\/v2\/media\/12753"}],"wp:attachment":[{"href":"https:\/\/e.kosmolat.eu\/lv\/wp-json\/wp\/v2\/media?parent=40041"}],"wp:term":[{"taxonomy":"product_cat","embeddable":true,"href":"https:\/\/e.kosmolat.eu\/lv\/wp-json\/wp\/v2\/product_cat?post=40041"},{"taxonomy":"product_tag","embeddable":true,"href":"https:\/\/e.kosmolat.eu\/lv\/wp-json\/wp\/v2\/product_tag?post=40041"}],"curies":[{"name":"wp","href":"https:\/\/api.w.org\/{rel}","templated":true}]}}