{"id":40025,"date":"2023-12-23T00:29:15","date_gmt":"2023-12-23T00:29:15","guid":{"rendered":"https:\/\/e.kosmolat.eu\/product\/roku-krems-ar-glicerinu-kumelite-350-ml\/"},"modified":"2025-06-05T05:20:50","modified_gmt":"2025-06-05T05:20:50","slug":"roku-krems-ar-glicerinu-kumelite-350-ml","status":"publish","type":"product","link":"https:\/\/e.kosmolat.eu\/lv\/product\/roku-krems-ar-glicerinu-kumelite-350-ml\/","title":{"rendered":"Roku kr\u0113ms ar glicer\u012bnu Kumel\u012bte, 350 ml"},"content":{"rendered":"<p>Kumel\u012btes ekstraktam piem\u012bt nomierino\u0161a, pretiekaisuma un pretaler\u0123iska iedarb\u012bba, tas pa\u0101trina \u0101das atjauno\u0161an\u0101s procesus. Glicer\u012bns atjauno \u016bdens l\u012bdzsvaru, uzlabo \u0101das tonusu. Pateicoties dab\u012bgajam kumel\u012b\u0161u ekstraktam, kas bag\u0101tin\u0101ts ar mikroelementiem, tiek nov\u0113rsts \u0101das kairin\u0101jums un sausums. Ieteicams sausai, lobo\u0161ai roku \u0101dai.<\/p>\n<p><strong>Lieto\u0161ana: <\/strong>uzkl\u0101t uz t\u012bras roku \u0101das.<\/p>\n<p><strong>Piesardz\u012bbas pas\u0101kumi:<\/strong> tikai \u0101r\u012bgai lieto\u0161anai.<\/p>\n<p><strong>Der\u012bguma termi\u0146\u0161:<\/strong> 24 m\u0113ne\u0161i.&nbsp;Uzglab\u0101t temperat\u016br\u0101 no +5 &deg;\u0421 l\u012bdz +25 &deg;\u0421, sarg\u0101jot no tie\u0161iem saules stariem.<br \/>\n&nbsp;<\/p>\n","protected":false},"excerpt":{"rendered":"<p>Kumel\u012btes ekstraktam piem\u012bt nomierino\u0161a, pretiekaisuma un pretaler\u0123iska iedarb\u012bba, tas pa\u0101trina \u0101das atjauno\u0161an\u0101s procesus. Glicer\u012bns atjauno \u016bdens l\u012bdzsvaru, uzlabo \u0101das tonusu. Pateicoties dab\u012bgajam kumel\u012b\u0161u ekstraktam, kas bag\u0101tin\u0101ts ar mikroelementiem, tiek nov\u0113rsts \u0101das kairin\u0101jums un sausums. Ieteicams sausai, lobo\u0161ai roku \u0101dai. Lieto\u0161ana: uzkl\u0101t uz t\u012bras roku \u0101das. Piesardz\u012bbas pas\u0101kumi: tikai \u0101r\u012bgai lieto\u0161anai. Der\u012bguma termi\u0146\u0161: 24 m\u0113ne\u0161i.&nbsp;Uzglab\u0101t temperat\u016br\u0101 [&#8230;]\n","protected":false},"featured_media":12721,"template":"","meta":[],"product_cat":[2181],"product_tag":[],"class_list":{"0":"post-40025","1":"product","2":"type-product","3":"status-publish","4":"has-post-thumbnail","6":"product_brand-bioton_ua","7":"product_cat-bez-kategorijas-lt","9":"first","10":"outofstock","11":"taxable","12":"shipping-taxable","13":"product-type-simple"},"_links":{"self":[{"href":"https:\/\/e.kosmolat.eu\/lv\/wp-json\/wp\/v2\/product\/40025","targetHints":{"allow":["GET"]}}],"collection":[{"href":"https:\/\/e.kosmolat.eu\/lv\/wp-json\/wp\/v2\/product"}],"about":[{"href":"https:\/\/e.kosmolat.eu\/lv\/wp-json\/wp\/v2\/types\/product"}],"wp:featuredmedia":[{"embeddable":true,"href":"https:\/\/e.kosmolat.eu\/lv\/wp-json\/wp\/v2\/media\/12721"}],"wp:attachment":[{"href":"https:\/\/e.kosmolat.eu\/lv\/wp-json\/wp\/v2\/media?parent=40025"}],"wp:term":[{"taxonomy":"product_cat","embeddable":true,"href":"https:\/\/e.kosmolat.eu\/lv\/wp-json\/wp\/v2\/product_cat?post=40025"},{"taxonomy":"product_tag","embeddable":true,"href":"https:\/\/e.kosmolat.eu\/lv\/wp-json\/wp\/v2\/product_tag?post=40025"}],"curies":[{"name":"wp","href":"https:\/\/api.w.org\/{rel}","templated":true}]}}