{"id":40021,"date":"2023-12-23T00:28:52","date_gmt":"2023-12-23T00:28:52","guid":{"rendered":"https:\/\/e.kosmolat.eu\/product\/roku-krems-ar-glicerinu-mezrozite-350-ml\/"},"modified":"2025-04-30T09:42:58","modified_gmt":"2025-04-30T09:42:58","slug":"roku-krems-ar-glicerinu-mezrozite-350-ml","status":"publish","type":"product","link":"https:\/\/e.kosmolat.eu\/lv\/product\/roku-krems-ar-glicerinu-mezrozite-350-ml\/","title":{"rendered":"Roku kr\u0113ms ar glicer\u012bnu Me\u017eroz\u012bte, 350 ml"},"content":{"rendered":"<p>Glicer\u012bnam un me\u017eroz\u012b\u0161u ekstraktam piem\u012bt aizsarg\u0101jo\u0161a, dziedino\u0161a un toniz\u0113jo\u0161a iedarb\u012bba uz \u0101du; lieliski mitrina, m\u012bkstina un aizsarg\u0101 roku \u0101du. Me\u017eroz\u012btes ekstrakts pies\u0101tina \u0101du ar vitam\u012bniem, izgaismo pigmenta plankumus.<\/p>\n<p><strong>Lieto\u0161ana: <\/strong>uzkl\u0101t uz t\u012bras roku \u0101das.<\/p>\n<p><strong>Piesardz\u012bbas pas\u0101kumi:<\/strong> tikai \u0101r\u012bgai lieto\u0161anai.<\/p>\n<p><strong>Der\u012bguma termi\u0146\u0161: <\/strong>24 m\u0113ne\u0161i.&nbsp;Uzglab\u0101t temperat\u016br\u0101 no +5 &deg;\u0421 l\u012bdz +25 &deg;\u0421, sarg\u0101jot no tie\u0161iem saules stariem.<br \/>\n&nbsp;<\/p>\n","protected":false},"excerpt":{"rendered":"<p>Glicer\u012bnam un me\u017eroz\u012b\u0161u ekstraktam piem\u012bt aizsarg\u0101jo\u0161a, dziedino\u0161a un toniz\u0113jo\u0161a iedarb\u012bba uz \u0101du; lieliski mitrina, m\u012bkstina un aizsarg\u0101 roku \u0101du. Me\u017eroz\u012btes ekstrakts pies\u0101tina \u0101du ar vitam\u012bniem, izgaismo pigmenta plankumus. Lieto\u0161ana: uzkl\u0101t uz t\u012bras roku \u0101das. Piesardz\u012bbas pas\u0101kumi: tikai \u0101r\u012bgai lieto\u0161anai. Der\u012bguma termi\u0146\u0161: 24 m\u0113ne\u0161i.&nbsp;Uzglab\u0101t temperat\u016br\u0101 no +5 &deg;\u0421 l\u012bdz +25 &deg;\u0421, sarg\u0101jot no tie\u0161iem saules stariem. [&#8230;]\n","protected":false},"featured_media":12713,"template":"","meta":[],"product_cat":[1302],"product_tag":[],"class_list":{"0":"post-40021","1":"product","2":"type-product","3":"status-publish","4":"has-post-thumbnail","6":"product_brand-bioton_ua","7":"product_cat-roku-kopsanas-kosmetika","9":"first","10":"outofstock","11":"taxable","12":"shipping-taxable","13":"product-type-simple"},"_links":{"self":[{"href":"https:\/\/e.kosmolat.eu\/lv\/wp-json\/wp\/v2\/product\/40021","targetHints":{"allow":["GET"]}}],"collection":[{"href":"https:\/\/e.kosmolat.eu\/lv\/wp-json\/wp\/v2\/product"}],"about":[{"href":"https:\/\/e.kosmolat.eu\/lv\/wp-json\/wp\/v2\/types\/product"}],"wp:featuredmedia":[{"embeddable":true,"href":"https:\/\/e.kosmolat.eu\/lv\/wp-json\/wp\/v2\/media\/12713"}],"wp:attachment":[{"href":"https:\/\/e.kosmolat.eu\/lv\/wp-json\/wp\/v2\/media?parent=40021"}],"wp:term":[{"taxonomy":"product_cat","embeddable":true,"href":"https:\/\/e.kosmolat.eu\/lv\/wp-json\/wp\/v2\/product_cat?post=40021"},{"taxonomy":"product_tag","embeddable":true,"href":"https:\/\/e.kosmolat.eu\/lv\/wp-json\/wp\/v2\/product_tag?post=40021"}],"curies":[{"name":"wp","href":"https:\/\/api.w.org\/{rel}","templated":true}]}}