{"id":39913,"date":"2023-12-23T00:17:18","date_gmt":"2023-12-23T00:17:18","guid":{"rendered":"https:\/\/e.kosmolat.eu\/product\/kopjoss-sampuns-malvine-ar-sunisa-ekst-250-ml\/"},"modified":"2026-01-14T14:01:10","modified_gmt":"2026-01-14T14:01:10","slug":"kopjoss-sampuns-malvine-ar-sunisa-ekst-250-ml","status":"publish","type":"product","link":"https:\/\/e.kosmolat.eu\/lv\/product\/kopjoss-sampuns-malvine-ar-sunisa-ekst-250-ml\/","title":{"rendered":"Kopjo\u0161s \u0161amp\u016bns Malv\u012bne ar sun\u012b\u0161a ekst., 250 ml"},"content":{"rendered":"<p>&Scaron;amp\u016bns maigi att\u012bra b\u0113rna matus un galvas \u0101du, aizsarg\u0101 pret \u0101r\u0113jo faktoru nelabv\u0113l\u012bgo ietekmi. Sun\u012b&scaron;u ekstrakts m\u012bkstina un baro matus, padara tos glud\u0101kus paklaus\u012bg\u0101kus.<\/p>\n<p><strong>Lieto&scaron;ana:<\/strong> uzkl\u0101t uz mitriem matiem, saputot, r\u016bp\u012bgi izskalot ar \u016bdeni.<\/p>\n<p><strong>Piesardz\u012bbas pas\u0101kumi:<\/strong> tikai \u0101r\u012bgai lieto&scaron;anai. Sarg\u0101t no b\u0113rniem.<\/p>\n<p><strong>Der\u012bguma termi\u0146&scaron;: <\/strong>30 m\u0113ne&scaron;i. Uzglab\u0101t temperat\u016br\u0101 no +5 &deg;C l\u012bdz +25 &deg;C.<\/p>\n","protected":false},"excerpt":{"rendered":"<p>&Scaron;amp\u016bns maigi att\u012bra b\u0113rna matus un galvas \u0101du, aizsarg\u0101 pret \u0101r\u0113jo faktoru nelabv\u0113l\u012bgo ietekmi. Sun\u012b&scaron;u ekstrakts m\u012bkstina un baro matus, padara tos glud\u0101kus paklaus\u012bg\u0101kus. Lieto&scaron;ana: uzkl\u0101t uz mitriem matiem, saputot, r\u016bp\u012bgi izskalot ar \u016bdeni. Piesardz\u012bbas pas\u0101kumi: tikai \u0101r\u012bgai lieto&scaron;anai. Sarg\u0101t no b\u0113rniem. Der\u012bguma termi\u0146&scaron;: 30 m\u0113ne&scaron;i. Uzglab\u0101t temperat\u016br\u0101 no +5 &deg;C l\u012bdz +25 &deg;C.<\/p>\n","protected":false},"featured_media":100164,"template":"","meta":[],"product_cat":[1791],"product_tag":[],"class_list":{"0":"post-39913","1":"product","2":"type-product","3":"status-publish","4":"has-post-thumbnail","6":"product_brand-bioton_ua","7":"product_cat-matu-kopsana-berniem","9":"first","10":"outofstock","11":"taxable","12":"shipping-taxable","13":"product-type-simple"},"_links":{"self":[{"href":"https:\/\/e.kosmolat.eu\/lv\/wp-json\/wp\/v2\/product\/39913","targetHints":{"allow":["GET"]}}],"collection":[{"href":"https:\/\/e.kosmolat.eu\/lv\/wp-json\/wp\/v2\/product"}],"about":[{"href":"https:\/\/e.kosmolat.eu\/lv\/wp-json\/wp\/v2\/types\/product"}],"wp:featuredmedia":[{"embeddable":true,"href":"https:\/\/e.kosmolat.eu\/lv\/wp-json\/wp\/v2\/media\/100164"}],"wp:attachment":[{"href":"https:\/\/e.kosmolat.eu\/lv\/wp-json\/wp\/v2\/media?parent=39913"}],"wp:term":[{"taxonomy":"product_cat","embeddable":true,"href":"https:\/\/e.kosmolat.eu\/lv\/wp-json\/wp\/v2\/product_cat?post=39913"},{"taxonomy":"product_tag","embeddable":true,"href":"https:\/\/e.kosmolat.eu\/lv\/wp-json\/wp\/v2\/product_tag?post=39913"}],"curies":[{"name":"wp","href":"https:\/\/api.w.org\/{rel}","templated":true}]}}