{"id":39813,"date":"2023-12-23T00:06:30","date_gmt":"2023-12-23T00:06:30","guid":{"rendered":"https:\/\/e.kosmolat.eu\/product\/sh-roku-krems-aizsargajoss-72-ml\/"},"modified":"2025-08-24T18:51:37","modified_gmt":"2025-08-24T18:51:37","slug":"sh-roku-krems-aizsargajoss-72-ml","status":"publish","type":"product","link":"https:\/\/e.kosmolat.eu\/lv\/product\/sh-roku-krems-aizsargajoss-72-ml\/","title":{"rendered":"SH Roku kr\u0113ms Aizsarg\u0101jo\u0161s, 72 ml"},"content":{"rendered":"<p>Aizsarg\u0101jo\u0161s roku kr\u0113ms ar Silk Oil Elixir formulu, kas bag\u0101tin\u0101ts ar C vitam\u012bnu, ir \u012bpa\u0161i izstr\u0101d\u0101ts nelabv\u0113l\u012bgiem apk\u0101rt\u0113j\u0101s vides faktoriem pak\u013caut\u0101s roku \u0101das papildu aizsardz\u012bbai. Uzkl\u0101jiet kr\u0113mu pirms uzs\u0101kat jebk\u0101du darbu ar rok\u0101m. T\u0101 p\u0101rkl\u0101jo\u0161\u0101 tekst\u016bra veido akt\u012bvu aizsargbarjeru, savuk\u0101rt barojo\u0161\u0101s sast\u0101vda\u013cas m\u012bkstina \u0101du un iev\u0113rojami uzlabo t\u0101s dabisk\u0101s aizsargfunkcijas.<\/p>\n<p>Roku \u0101das pa\u0161aizsardz\u012bbas sp\u0113jas ir 20 reizes zem\u0101kas, sal\u012bdzinot ar sejas \u0101du. T\u0101p\u0113c ir \u0101rk\u0101rt\u012bgi svar\u012bgi regul\u0101ri aizsarg\u0101t roku \u0101du, \u012bpa\u0161i pirms m\u0101jas darbu veik\u0161anas un saskares ar mazg\u0101\u0161anas l\u012bdzek\u013ciem.<\/p>\n<p><strong>Lieto\u0161ana: <\/strong>ar viegl\u0101m mas\u0113jo\u0161\u0101m kust\u012bb\u0101m uzkl\u0101jiet kr\u0113mu uz t\u012bras, sausas \u0101das. Ieteicams lietot pirms izie\u0161anas \u0101r\u0101 un pirms sadz\u012bves \u0137\u012bmijas lieto\u0161anas.&nbsp;<\/p>\n<p>Nav \u0101rstniecisks l\u012bdzeklis.<\/p>\n<p>Uzglab\u0101t temperat\u016br\u0101 no +0 &deg;C l\u012bdz +25 &deg;C.<\/p>\n<p><strong>Der\u012bguma termi\u0146\u0161:<\/strong> 36 m\u0113ne\u0161i no izgatavo\u0161anas datuma. P\u0113c atv\u0113r\u0161anas izlietot 6 m\u0113ne\u0161u laik\u0101.<br \/>\n&nbsp;<\/p>\n","protected":false},"excerpt":{"rendered":"<p>Aizsarg\u0101jo\u0161s roku kr\u0113ms ar Silk Oil Elixir formulu, kas bag\u0101tin\u0101ts ar C vitam\u012bnu, ir \u012bpa\u0161i izstr\u0101d\u0101ts nelabv\u0113l\u012bgiem apk\u0101rt\u0113j\u0101s vides faktoriem pak\u013caut\u0101s roku \u0101das papildu aizsardz\u012bbai. Uzkl\u0101jiet kr\u0113mu pirms uzs\u0101kat jebk\u0101du darbu ar rok\u0101m. T\u0101 p\u0101rkl\u0101jo\u0161\u0101 tekst\u016bra veido akt\u012bvu aizsargbarjeru, savuk\u0101rt barojo\u0161\u0101s sast\u0101vda\u013cas m\u012bkstina \u0101du un iev\u0113rojami uzlabo t\u0101s dabisk\u0101s aizsargfunkcijas. Roku \u0101das pa\u0161aizsardz\u012bbas sp\u0113jas ir [&#8230;]\n","protected":false},"featured_media":13669,"template":"","meta":[],"product_cat":[1302],"product_tag":[],"class_list":{"0":"post-39813","1":"product","2":"type-product","3":"status-publish","4":"has-post-thumbnail","6":"product_brand-unilever-ua","7":"product_cat-roku-kopsanas-kosmetika","9":"first","10":"outofstock","11":"taxable","12":"shipping-taxable","13":"product-type-simple"},"_links":{"self":[{"href":"https:\/\/e.kosmolat.eu\/lv\/wp-json\/wp\/v2\/product\/39813","targetHints":{"allow":["GET"]}}],"collection":[{"href":"https:\/\/e.kosmolat.eu\/lv\/wp-json\/wp\/v2\/product"}],"about":[{"href":"https:\/\/e.kosmolat.eu\/lv\/wp-json\/wp\/v2\/types\/product"}],"wp:featuredmedia":[{"embeddable":true,"href":"https:\/\/e.kosmolat.eu\/lv\/wp-json\/wp\/v2\/media\/13669"}],"wp:attachment":[{"href":"https:\/\/e.kosmolat.eu\/lv\/wp-json\/wp\/v2\/media?parent=39813"}],"wp:term":[{"taxonomy":"product_cat","embeddable":true,"href":"https:\/\/e.kosmolat.eu\/lv\/wp-json\/wp\/v2\/product_cat?post=39813"},{"taxonomy":"product_tag","embeddable":true,"href":"https:\/\/e.kosmolat.eu\/lv\/wp-json\/wp\/v2\/product_tag?post=39813"}],"curies":[{"name":"wp","href":"https:\/\/api.w.org\/{rel}","templated":true}]}}