{"id":39809,"date":"2023-12-23T00:06:00","date_gmt":"2023-12-23T00:06:00","guid":{"rendered":"https:\/\/e.kosmolat.eu\/product\/sh-roku-krems-mikstinoss-72-ml\/"},"modified":"2025-05-15T05:12:35","modified_gmt":"2025-05-15T05:12:35","slug":"sh-roku-krems-mikstinoss-72-ml","status":"publish","type":"product","link":"https:\/\/e.kosmolat.eu\/lv\/product\/sh-roku-krems-mikstinoss-72-ml\/","title":{"rendered":"SH Roku kr\u0113ms M\u012bkstino\u0161s, 72 ml"},"content":{"rendered":"<p>Roku kr\u0113ms ar Silk Oil Elixir formulu, kas bag\u0101tin\u0101ts ar mande\u013cu e\u013c\u013cu, ir \u012bpa&scaron;i izstr\u0101d\u0101ts, lai m\u012bkstin\u0101tu \u0101du un nov\u0113rstu raupjuma par\u0101d\u012b&scaron;anos. Uzkl\u0101jiet kr\u0113mu pirms katras do&scaron;an\u0101s \u0101r\u0101, lai papildus aizsarg\u0101tu roku \u0101du no nelabv\u0113l\u012bgu vides faktoru ietekmes. \u0100das raga sl\u0101\u0146a sabiez\u0113&scaron;anas d\u0113\u013c plaukstu \u0101da \u0101tri k\u013c\u016bst raupja. Regul\u0101ra roku kr\u0113ma lieto&scaron;ana vismaz 2 reizes dien\u0101 pal\u012bdz nov\u0113rst raupjumu un saglab\u0101t \u0101du maigu.<\/p>\n<p><strong>Lieto&scaron;ana: <\/strong>uzkl\u0101jiet uz t\u012bras, sausas \u0101das, maigi iemas\u0113jot, l\u012bdz kr\u0113ms piln\u012bb\u0101 uzs\u016bcas. Lietojiet p\u0113c nepiecie&scaron;am\u012bbas. Ieteicams uzkl\u0101t uz roku \u0101das 30 min\u016btes pirms do&scaron;an\u0101s \u0101r\u0101. Nav sau\u013co&scaron;an\u0101s l\u012bdzeklis.<\/p>\n<p>Uzglab\u0101t temperat\u016br\u0101 no 0&deg;C l\u012bdz +25&deg;C.<\/p>\n<p><strong>Der\u012bguma termi\u0146&scaron;:<\/strong> 36 m\u0113ne&scaron;i no izgatavo&scaron;anas datuma. Izlietot 6 m\u0113ne&scaron;u laik\u0101 p\u0113c atv\u0113r&scaron;anas.<br \/>\n&nbsp;<\/p>\n","protected":false},"excerpt":{"rendered":"<p>Roku kr\u0113ms ar Silk Oil Elixir formulu, kas bag\u0101tin\u0101ts ar mande\u013cu e\u013c\u013cu, ir \u012bpa&scaron;i izstr\u0101d\u0101ts, lai m\u012bkstin\u0101tu \u0101du un nov\u0113rstu raupjuma par\u0101d\u012b&scaron;anos. Uzkl\u0101jiet kr\u0113mu pirms katras do&scaron;an\u0101s \u0101r\u0101, lai papildus aizsarg\u0101tu roku \u0101du no nelabv\u0113l\u012bgu vides faktoru ietekmes. \u0100das raga sl\u0101\u0146a sabiez\u0113&scaron;anas d\u0113\u013c plaukstu \u0101da \u0101tri k\u013c\u016bst raupja. Regul\u0101ra roku kr\u0113ma lieto&scaron;ana vismaz 2 reizes [&#8230;]\n","protected":false},"featured_media":13661,"template":"","meta":[],"product_cat":[1302],"product_tag":[],"class_list":{"0":"post-39809","1":"product","2":"type-product","3":"status-publish","4":"has-post-thumbnail","6":"product_brand-unilever-ua","7":"product_cat-roku-kopsanas-kosmetika","9":"first","10":"outofstock","11":"taxable","12":"shipping-taxable","13":"product-type-simple"},"_links":{"self":[{"href":"https:\/\/e.kosmolat.eu\/lv\/wp-json\/wp\/v2\/product\/39809","targetHints":{"allow":["GET"]}}],"collection":[{"href":"https:\/\/e.kosmolat.eu\/lv\/wp-json\/wp\/v2\/product"}],"about":[{"href":"https:\/\/e.kosmolat.eu\/lv\/wp-json\/wp\/v2\/types\/product"}],"wp:featuredmedia":[{"embeddable":true,"href":"https:\/\/e.kosmolat.eu\/lv\/wp-json\/wp\/v2\/media\/13661"}],"wp:attachment":[{"href":"https:\/\/e.kosmolat.eu\/lv\/wp-json\/wp\/v2\/media?parent=39809"}],"wp:term":[{"taxonomy":"product_cat","embeddable":true,"href":"https:\/\/e.kosmolat.eu\/lv\/wp-json\/wp\/v2\/product_cat?post=39809"},{"taxonomy":"product_tag","embeddable":true,"href":"https:\/\/e.kosmolat.eu\/lv\/wp-json\/wp\/v2\/product_tag?post=39809"}],"curies":[{"name":"wp","href":"https:\/\/api.w.org\/{rel}","templated":true}]}}