{"id":39805,"date":"2023-12-23T00:05:30","date_gmt":"2023-12-23T00:05:30","guid":{"rendered":"https:\/\/e.kosmolat.eu\/product\/sh-roku-un-nagu-krems-kompleksais-72-ml\/"},"modified":"2025-08-24T18:51:24","modified_gmt":"2025-08-24T18:51:24","slug":"sh-roku-un-nagu-krems-kompleksais-72-ml","status":"publish","type":"product","link":"https:\/\/e.kosmolat.eu\/lv\/product\/sh-roku-un-nagu-krems-kompleksais-72-ml\/","title":{"rendered":"SH Roku un nagu kr\u0113ms Kompleksais, 72 ml"},"content":{"rendered":"<p>Kr\u0113ma \u012bpa&scaron;\u0101 formula nodro&scaron;ina nepiecie&scaron;amo roku \u0101das baro&scaron;anu un mitrin\u0101&scaron;anu, pal\u012bdz stiprin\u0101t nagus un m\u012bkstina kutikulu. Silk Oil Elixir formula ar mikroe\u013c\u013c\u0101m un z\u012bda prote\u012bniem, kas bag\u0101tin\u0101ta ar miner\u0101lu kompleksu, nov\u0113r&scaron; ienad\u017eu veido&scaron;anos un pal\u012bdz ilg\u0101k saglab\u0101t manik\u012bru. Nagu st\u0101voklis liel\u0101 m\u0113r\u0101 ir atkar\u012bgs no pareizas roku un kutikulu kop&scaron;anas. Regul\u0101ra roku kr\u0113ma lieto&scaron;ana vismaz 2 reizes dien\u0101 nov\u0113r&scaron; sausumu, saglab\u0101jot nagu dabisko skaistumu.<\/p>\n<p><strong>Lieto&scaron;ana: <\/strong>uzkl\u0101jiet uz t\u012bras, sausas \u0101das, maigi iemas\u0113jot, l\u012bdz kr\u0113ms piln\u012bb\u0101 uzs\u016bcas. Lietojiet p\u0113c nepiecie&scaron;am\u012bbas.<\/p>\n<p><strong>Br\u012bdin\u0101jums:<\/strong> satur A vitam\u012bnu. L\u016bgums pirms lieto&scaron;anas p\u0101rdom\u0101t savu dienas devu.<\/p>\n<p>Uzglab\u0101t temperat\u016br\u0101 no 0&deg;C l\u012bdz +25&deg;C.<\/p>\n<p><strong>Der\u012bguma termi\u0146&scaron;:<\/strong> 36 m\u0113ne&scaron;i no izgatavo&scaron;anas datuma. Izlietot 6 m\u0113ne&scaron;u laik\u0101 p\u0113c atv\u0113r&scaron;anas.<\/p>\n","protected":false},"excerpt":{"rendered":"<p>Kr\u0113ma \u012bpa&scaron;\u0101 formula nodro&scaron;ina nepiecie&scaron;amo roku \u0101das baro&scaron;anu un mitrin\u0101&scaron;anu, pal\u012bdz stiprin\u0101t nagus un m\u012bkstina kutikulu. Silk Oil Elixir formula ar mikroe\u013c\u013c\u0101m un z\u012bda prote\u012bniem, kas bag\u0101tin\u0101ta ar miner\u0101lu kompleksu, nov\u0113r&scaron; ienad\u017eu veido&scaron;anos un pal\u012bdz ilg\u0101k saglab\u0101t manik\u012bru. Nagu st\u0101voklis liel\u0101 m\u0113r\u0101 ir atkar\u012bgs no pareizas roku un kutikulu kop&scaron;anas. Regul\u0101ra roku kr\u0113ma lieto&scaron;ana vismaz [&#8230;]\n","protected":false},"featured_media":13653,"template":"","meta":[],"product_cat":[1302],"product_tag":[],"class_list":{"0":"post-39805","1":"product","2":"type-product","3":"status-publish","4":"has-post-thumbnail","6":"product_brand-unilever-ua","7":"product_cat-roku-kopsanas-kosmetika","9":"first","10":"outofstock","11":"taxable","12":"shipping-taxable","13":"product-type-simple"},"_links":{"self":[{"href":"https:\/\/e.kosmolat.eu\/lv\/wp-json\/wp\/v2\/product\/39805","targetHints":{"allow":["GET"]}}],"collection":[{"href":"https:\/\/e.kosmolat.eu\/lv\/wp-json\/wp\/v2\/product"}],"about":[{"href":"https:\/\/e.kosmolat.eu\/lv\/wp-json\/wp\/v2\/types\/product"}],"wp:featuredmedia":[{"embeddable":true,"href":"https:\/\/e.kosmolat.eu\/lv\/wp-json\/wp\/v2\/media\/13653"}],"wp:attachment":[{"href":"https:\/\/e.kosmolat.eu\/lv\/wp-json\/wp\/v2\/media?parent=39805"}],"wp:term":[{"taxonomy":"product_cat","embeddable":true,"href":"https:\/\/e.kosmolat.eu\/lv\/wp-json\/wp\/v2\/product_cat?post=39805"},{"taxonomy":"product_tag","embeddable":true,"href":"https:\/\/e.kosmolat.eu\/lv\/wp-json\/wp\/v2\/product_tag?post=39805"}],"curies":[{"name":"wp","href":"https:\/\/api.w.org\/{rel}","templated":true}]}}