{"id":39769,"date":"2023-12-23T00:00:12","date_gmt":"2023-12-23T00:00:12","guid":{"rendered":"https:\/\/e.kosmolat.eu\/product\/i_shik-bernu-kr-ziepes-roze-un-lavanda-90-g\/"},"modified":"2026-03-26T10:39:26","modified_gmt":"2026-03-26T10:39:26","slug":"i_shik-bernu-kr-ziepes-roze-un-lavanda-90-g","status":"publish","type":"product","link":"https:\/\/e.kosmolat.eu\/lv\/product\/i_shik-bernu-kr-ziepes-roze-un-lavanda-90-g\/","title":{"rendered":"I_SHIK B\u0113rnu kr-ziepes Roze un lavanda, 90 g"},"content":{"rendered":"<ul>\n<li>Ar mitrino\u0161o b\u0113rnu kr\u0113mu.<\/li>\n<li>Saudz\u012bgi att\u012bra un padara \u0101du m\u012bkst\u0101ku.<\/li>\n<li>Rozes, kumel\u012btes un lavandas ekstrakti nomierina mazuli, nov\u0113r\u0161 uzbudin\u0101jumu un nodro\u0161ina saldu miegu.<\/li>\n<\/ul>\n<p><strong>Der\u012bguma termi\u0146\u0161:<\/strong> 3 gadi no izgatavo\u0161anas datuma.<br \/>\n&nbsp;<\/p>\n","protected":false},"excerpt":{"rendered":"<p>Ar mitrino\u0161o b\u0113rnu kr\u0113mu. Saudz\u012bgi att\u012bra un padara \u0101du m\u012bkst\u0101ku. Rozes, kumel\u012btes un lavandas ekstrakti nomierina mazuli, nov\u0113r\u0161 uzbudin\u0101jumu un nodro\u0161ina saldu miegu. Der\u012bguma termi\u0146\u0161: 3 gadi no izgatavo\u0161anas datuma. &nbsp;<\/p>\n","protected":false},"featured_media":100216,"template":"","meta":[],"product_cat":[1999],"product_tag":[],"class_list":{"0":"post-39769","1":"product","2":"type-product","3":"status-publish","4":"has-post-thumbnail","6":"product_brand-slobozanskij-milovar_ua","7":"product_cat-bez-kategorijas","9":"first","10":"outofstock","11":"taxable","12":"shipping-taxable","13":"product-type-simple"},"_links":{"self":[{"href":"https:\/\/e.kosmolat.eu\/lv\/wp-json\/wp\/v2\/product\/39769","targetHints":{"allow":["GET"]}}],"collection":[{"href":"https:\/\/e.kosmolat.eu\/lv\/wp-json\/wp\/v2\/product"}],"about":[{"href":"https:\/\/e.kosmolat.eu\/lv\/wp-json\/wp\/v2\/types\/product"}],"wp:featuredmedia":[{"embeddable":true,"href":"https:\/\/e.kosmolat.eu\/lv\/wp-json\/wp\/v2\/media\/100216"}],"wp:attachment":[{"href":"https:\/\/e.kosmolat.eu\/lv\/wp-json\/wp\/v2\/media?parent=39769"}],"wp:term":[{"taxonomy":"product_cat","embeddable":true,"href":"https:\/\/e.kosmolat.eu\/lv\/wp-json\/wp\/v2\/product_cat?post=39769"},{"taxonomy":"product_tag","embeddable":true,"href":"https:\/\/e.kosmolat.eu\/lv\/wp-json\/wp\/v2\/product_tag?post=39769"}],"curies":[{"name":"wp","href":"https:\/\/api.w.org\/{rel}","templated":true}]}}