{"id":39765,"date":"2023-12-22T23:59:51","date_gmt":"2023-12-22T23:59:51","guid":{"rendered":"https:\/\/e.kosmolat.eu\/product\/shik-bernu-kr-ziepes-ar-ellu-ekstr-90-g\/"},"modified":"2026-04-17T13:26:28","modified_gmt":"2026-04-17T13:26:28","slug":"shik-bernu-kr-ziepes-ar-ellu-ekstr-90-g","status":"publish","type":"product","link":"https:\/\/e.kosmolat.eu\/lv\/product\/shik-bernu-kr-ziepes-ar-ellu-ekstr-90-g\/","title":{"rendered":"SHIK B\u0113rnu kr-ziepes ar e\u013c\u013cu ekstr, 90 g"},"content":{"rendered":"<ul>\n<li>Ar mitrino\u0161o b\u0113rnu kr\u0113mu.<\/li>\n<li>Saudz\u012bgi att\u012bra un padara \u0101du m\u012bkst\u0101ku.<\/li>\n<li>Kumel\u012btes, sun\u012b\u0161u un kli\u0146\u0123er\u012b\u0161u ekstraktiem piem\u012bt aizsarg\u0101jo\u0161a iedarb\u012bba.<\/li>\n<\/ul>\n<p><strong>Der\u012bguma termi\u0146\u0161: <\/strong>3 gadi no izgatavo\u0161anas datuma.<br \/>\n&nbsp;<\/p>\n","protected":false},"excerpt":{"rendered":"<p>Ar mitrino\u0161o b\u0113rnu kr\u0113mu. Saudz\u012bgi att\u012bra un padara \u0101du m\u012bkst\u0101ku. Kumel\u012btes, sun\u012b\u0161u un kli\u0146\u0123er\u012b\u0161u ekstraktiem piem\u012bt aizsarg\u0101jo\u0161a iedarb\u012bba. Der\u012bguma termi\u0146\u0161: 3 gadi no izgatavo\u0161anas datuma. &nbsp;<\/p>\n","protected":false},"featured_media":100272,"template":"","meta":[],"product_cat":[1797],"product_tag":[],"class_list":{"0":"post-39765","1":"product","2":"type-product","3":"status-publish","4":"has-post-thumbnail","6":"product_brand-slobozanskij-milovar_ua","7":"product_cat-dusas-zelejas-ziepes-putas","9":"first","10":"instock","11":"taxable","12":"shipping-taxable","13":"product-type-simple"},"_links":{"self":[{"href":"https:\/\/e.kosmolat.eu\/lv\/wp-json\/wp\/v2\/product\/39765","targetHints":{"allow":["GET"]}}],"collection":[{"href":"https:\/\/e.kosmolat.eu\/lv\/wp-json\/wp\/v2\/product"}],"about":[{"href":"https:\/\/e.kosmolat.eu\/lv\/wp-json\/wp\/v2\/types\/product"}],"wp:featuredmedia":[{"embeddable":true,"href":"https:\/\/e.kosmolat.eu\/lv\/wp-json\/wp\/v2\/media\/100272"}],"wp:attachment":[{"href":"https:\/\/e.kosmolat.eu\/lv\/wp-json\/wp\/v2\/media?parent=39765"}],"wp:term":[{"taxonomy":"product_cat","embeddable":true,"href":"https:\/\/e.kosmolat.eu\/lv\/wp-json\/wp\/v2\/product_cat?post=39765"},{"taxonomy":"product_tag","embeddable":true,"href":"https:\/\/e.kosmolat.eu\/lv\/wp-json\/wp\/v2\/product_tag?post=39765"}],"curies":[{"name":"wp","href":"https:\/\/api.w.org\/{rel}","templated":true}]}}