{"id":39761,"date":"2023-12-22T23:59:21","date_gmt":"2023-12-22T23:59:21","guid":{"rendered":"https:\/\/e.kosmolat.eu\/product\/dp-kalkakmens-tir-lidzeklis-sprejs-750-ml\/"},"modified":"2026-03-20T07:51:00","modified_gmt":"2026-03-20T07:51:00","slug":"dp-kalkakmens-tir-lidzeklis-sprejs-750-ml","status":"publish","type":"product","link":"https:\/\/e.kosmolat.eu\/lv\/product\/dp-kalkakmens-tir-lidzeklis-sprejs-750-ml\/","title":{"rendered":"DP Ka\u013c\u0137akmens t\u012br. l\u012bdzeklis,, sprejs, 750 ml"},"content":{"rendered":"<p>T\u012br\u012b\u0161anas l\u012bdzeklis ide\u0101li piem\u0113rots net\u012brumu, r\u016bsas un ka\u013c\u0137akmens aplikuma no\u0146em\u0161anai no izliet\u0146u, kr\u0101nu, tualetes podu, du\u0161u, fl\u012b\u017eu, t\u0113rauda, hroma un virtuves virsm\u0101m.<\/p>\n<p>Br\u012bdin\u0101jums: nelietojiet uz pret sk\u0101b\u0113m jut\u012bgam virsm\u0101m (sudrabs, zelts, var\u0161, alum\u012bnijs), dab\u012bg\u0101 akmens (marmora un travert\u012bna), koka virsm\u0101m, t\u0113jkann\u0101m, karst\u0101m vai boj\u0101t\u0101m virsm\u0101m. &Scaron;aubu gad\u012bjum\u0101 pirms lieto\u0161anas p\u0101rbaudiet virsmu jut\u012bgumu neliel\u0101 neuzkr\u012bto\u0161\u0101 viet\u0101.<\/p>\n<p><strong>Lieto\u0161ana:&nbsp;<\/strong><br \/>\n1. Izsmidziniet un \u013caujiet iedarboties l\u012bdz 5 min\u016bt\u0113m.<br \/>\n2. Vienm\u0113r\u012bgi izkl\u0101jiet uz virsmas ar t\u012bru dr\u0101nu.<br \/>\n3. Noskalojiet ar \u016bdeni.<\/p>\n<p><strong>Sast\u0101v\u0101:<\/strong> 5 % un vair\u0101k, bet maz\u0101k nek\u0101 15 % citronsk\u0101bes, maz\u0101k par 5 % katjonu virsmakt\u012bvo vielu, maz\u0101k par 5 % nejonu virsmakt\u012bvo vielu. Smar\u017eas un arom\u0101tisk\u0101s kompoz\u012bcijas.<\/p>\n<p>Dro&scaron;\u012bbas pras\u012bbu apz\u012bm\u0113jumi:<br \/>\nP101 Medic\u012bniska padoma nepiecie&scaron;am\u012bbas gad\u012bjum\u0101 attiec\u012bg\u0101 inform\u0101cija ir nor\u0101d\u012bta uz iepakojuma vai eti\u0137etes.<br \/>\nP102 Sarg\u0101t no b\u0113rniem.<br \/>\nP103 Pirms izmanto&scaron;anas izlas\u012bt eti\u0137eti.<\/p>\n","protected":false},"excerpt":{"rendered":"<p>T\u012br\u012b\u0161anas l\u012bdzeklis ide\u0101li piem\u0113rots net\u012brumu, r\u016bsas un ka\u013c\u0137akmens aplikuma no\u0146em\u0161anai no izliet\u0146u, kr\u0101nu, tualetes podu, du\u0161u, fl\u012b\u017eu, t\u0113rauda, hroma un virtuves virsm\u0101m. Br\u012bdin\u0101jums: nelietojiet uz pret sk\u0101b\u0113m jut\u012bgam virsm\u0101m (sudrabs, zelts, var\u0161, alum\u012bnijs), dab\u012bg\u0101 akmens (marmora un travert\u012bna), koka virsm\u0101m, t\u0113jkann\u0101m, karst\u0101m vai boj\u0101t\u0101m virsm\u0101m. &Scaron;aubu gad\u012bjum\u0101 pirms lieto\u0161anas p\u0101rbaudiet virsmu jut\u012bgumu neliel\u0101 neuzkr\u012bto\u0161\u0101 viet\u0101. [&#8230;]\n","protected":false},"featured_media":98563,"template":"","meta":[],"product_cat":[1999],"product_tag":[],"class_list":{"0":"post-39761","1":"product","2":"type-product","3":"status-publish","4":"has-post-thumbnail","6":"product_brand-italchimica-it","7":"product_cat-bez-kategorijas","9":"first","10":"instock","11":"taxable","12":"shipping-taxable","13":"product-type-simple"},"_links":{"self":[{"href":"https:\/\/e.kosmolat.eu\/lv\/wp-json\/wp\/v2\/product\/39761","targetHints":{"allow":["GET"]}}],"collection":[{"href":"https:\/\/e.kosmolat.eu\/lv\/wp-json\/wp\/v2\/product"}],"about":[{"href":"https:\/\/e.kosmolat.eu\/lv\/wp-json\/wp\/v2\/types\/product"}],"wp:featuredmedia":[{"embeddable":true,"href":"https:\/\/e.kosmolat.eu\/lv\/wp-json\/wp\/v2\/media\/98563"}],"wp:attachment":[{"href":"https:\/\/e.kosmolat.eu\/lv\/wp-json\/wp\/v2\/media?parent=39761"}],"wp:term":[{"taxonomy":"product_cat","embeddable":true,"href":"https:\/\/e.kosmolat.eu\/lv\/wp-json\/wp\/v2\/product_cat?post=39761"},{"taxonomy":"product_tag","embeddable":true,"href":"https:\/\/e.kosmolat.eu\/lv\/wp-json\/wp\/v2\/product_tag?post=39761"}],"curies":[{"name":"wp","href":"https:\/\/api.w.org\/{rel}","templated":true}]}}