{"id":39745,"date":"2023-12-22T23:57:24","date_gmt":"2023-12-22T23:57:24","guid":{"rendered":"https:\/\/e.kosmolat.eu\/product\/dp-velas-masinas-kopsanas-lidzeklis-600-ml\/"},"modified":"2026-03-17T12:21:15","modified_gmt":"2026-03-17T12:21:15","slug":"dp-velas-masinas-kopsanas-lidzeklis-600-ml","status":"publish","type":"product","link":"https:\/\/e.kosmolat.eu\/lv\/product\/dp-velas-masinas-kopsanas-lidzeklis-600-ml\/","title":{"rendered":"DP Ve\u013cas ma\u0161\u012bnas kop\u0161anas l\u012bdzeklis, 600 ml"},"content":{"rendered":"<p>L\u012bdzeklis ve\u013cas ma\u0161\u012bnas regul\u0101rai t\u012br\u012b\u0161anai. No\u0146em net\u012brumus un ka\u013c\u0137akmeni no vis\u0101m ve\u013cas ma\u0161\u012bnas da\u013c\u0101m un saglab\u0101 t\u0101s veiktsp\u0113ju. Pal\u012bdz likvid\u0113t nepat\u012bkam\u0101s smar\u017eas, nodro\u0161inot t\u012br\u012bbu un svaigumu mazg\u0101\u0161anas laik\u0101.<\/p>\n<p><strong>Lieto\u0161ana:<\/strong><br \/>\n1. Uzvelciet cimdus. Nelielu l\u012bdzek\u013ca daudzumu uzlejiet uz t\u012bras dr\u0101nas un noslaukiet ve\u013cas ma\u0161\u012bnas mazg\u0101\u0161anas l\u012bdzek\u013cu nodal\u012bjumu un durvju bl\u012bves.<br \/>\n2. Ielejiet mazg\u0101\u0161anas l\u012bdzek\u013cu nodal\u012bjum\u0101 ieteicamo mazg\u0101\u0161anas l\u012bdzek\u013ca daudzumu. P\u0101rbaudiet, vai tvertne ir tuk\u0161a. Palaidiet 60&deg;C mazg\u0101\u0161anas ciklu ar tuk\u0161u ve\u013cas ma\u0161\u012bnu.<br \/>\n3. Cikla beig\u0101s ar t\u012bru dr\u0101nu noslaukiet visus atlikumus no durvju bl\u012bves virsmas.<\/p>\n<p><strong>Doz\u0113\u0161ana:<\/strong><br \/>\nLai noteiktu nepiecie\u0161amo l\u012bdzek\u013ca daudzumu, izmantojiet tilpuma indikatoru uz produkta iepakojuma.<\/p>\n<p>Dzi\u013c\u0101 t\u012br\u012b\u0161ana: ieteicama, ja ve\u013cas ma\u0161\u012bnas t\u012br\u012b\u0161anas iepriek\u0161 nav veikta. Ielejiet visu iepakojuma saturu mazg\u0101\u0161anas l\u012bdzek\u013cu nodal\u012bjum\u0101.<\/p>\n<p>Regul\u0101ra apkope: ieteicams veikt reizi 4 m\u0113ne\u0161os. Ielejiet 200 ml mazg\u0101\u0161anas l\u012bdzek\u013ca mazg\u0101\u0161anas l\u012bdzek\u013cu nodal\u012bjum\u0101. Noteikti pierakstiet apkopes veik\u0161anas datumu uz produkta eti\u0137etes.<\/p>\n<p><strong>Sast\u0101v\u0101:<\/strong> 5 % un vair\u0101k, bet maz\u0101k nek\u0101 15 %&nbsp; citronsk\u0101bes, 5 % un vair\u0101k, bet maz\u0101k nek\u0101 15 % &nbsp;nejonu virsmakt\u012bvo vielu, maz\u0101k par 5 % polikarboksil\u0101tu. Konservanti: Benzisothiazolinone\/ Methylchloroisothiazolinone\/ Methylisothiazolinone. Kr\u0101svielas.<\/p>\n<p>&nbsp;<\/p>\n<p><img decoding=\"async\" alt=\"\" src=\"data:image\/png;base64,iVBORw0KGgoAAAANSUhEUgAAAEMAAABGCAYAAAHgABlWAAAAAXNSR0IArs4c6QAAAARnQU1BAACxjwv8YQUAAAAJcEhZcwAAFxEAABcRAcom8z8AABZTSURBVGhDzVsHfBVV1o8ICEhJgUB6L5BACCEQQEWKIIqAfSkLgiIi6Lfuig3LgiLyoa6rqKz4rQXd1d39PhFXULAASlGKiuS9eTW9k\/aSvOS1nD3n3Jnk1eS9EPh9\/\/xeZubOnTvnnnvuafdOELihbs+H8lknXCpVvfQcH5uPfMtHBR2VTJ9\/wkebzSaOVRV8JHAl89nTfEGIjIvhY7vVAg5LK58HtZ77Gdr5VCAmIV4+A7CWFIK9vla0pB4dxYWE6upq+QxAkzaKjx00aSem8nHN2vv4KI2O5iPBpXea3FRox3dLY2PlEgGXSgTtpNHyWSdcKtkdduyEczecKrTjOzRpEaAen0AXcqkzwemR8hmeT0iUz7AC1dVOEL3Z8eYb8PzW5\/lcJ\/cwSONEGL3GarWKc\/zTZCeJVzQfP8yFzqh47nEmt4MGq1Enn6FYfPx+R19cumnDsTD\/eFS+EnCp4GhtduOCWwUXYM3KPz6CPUwB03dfyYXe4dEI9bb27TdAm4FMdYImJxna1PnylSs6G8GHTV9\/AVJm58DfeNN8iEbZm5A3SS4RkmSrLpOvBLgRCwomke3e1+MnjkNUfBzU19fLJQK2+hrQ56bhix18HUQHdcpIqPvoHS5wx\/CoCPmsE9Tl4tWLQTNGTAQXnkhj48H800n5CuDQoUMQFRcLtXV1fO3AN9fsehWktJF8rcDr6GhzUsBWW8MjRCChbfpqH6jHxnl0meC1EQWa3HRoPfMDaLOT5RLv6LIRf9FlIw47zdLu0XV3JiSBKtmVid7gsxEpIxoa9++Fiid+B5pUobt8waMRIl\/C8W\/43w9EAaJs3SrQZkb77JpLI1RJPS4Gqt74kyiQQcJVcPv1oEGR73aIpYwoqNj2DD9EGIHSGh4tpNJBDS2aCfppWR4NcSMs+mOiofzxB+iyAyGjwmFwWIh8JSjVTs8B\/dypHS8iCK2YFQ8FyxZ6vIEauWxAP\/lKgCjSTkiHgjtukEuwEc2UDChZuohvuiN05AgYnTVWvuoE1dRfkw0la3\/L10F1n34MKtTsnk0AzJ4zBxbevEi+coUmKxFsNZV8HuRot0PNay+ClOI55Ql2lFp3aMYngTn\/J\/lKZixN06pnnwBV9BAXioKRJ0H9+8hXAho0OS3HjrgyVj5SO1C6fhVIKJ2KVTv83RE4efoUn9MISqnh0LjnH3ztDBc5cTgcYLxtLkgTkz14pMmIheo\/v+BCgQKXRhhYyTA7D\/Ro76g6\/dQp4VC1mcyYZwMEz0YQdmroqnFgmDMV1OmjoHzjQ\/Id7\/DaCMGBL5VQCItW3ILvF1rdF3w2Egh61IjC3JKHVkN+xJXQ+PkevvbGdH8RECEO5BMxp+LpR1Dq40GHglu+YS2bKy06dKYTKIOiasDwjxBsnQio+58dPF4k0w04bcU9ITtlD90L0rg41sxtql8DJqhLQhRW1\/\/tXXRhI0BKj4Da9\/7CZe7DoCij4vuWoZ1JBg1yqU0SBPkzZN4JkXvZuG8P+9BaVD7VO4X2V5osLCqC3Kl5kJiWClk52SCp1fIdgYLb56EzlAY6nH+2yjKW\/q7gQQjVN588ju5aFLO6HI0flbl36u57V7M1iYiPgeGRo+D6+TfKdwSICw50tg3X5aGpSgHjzInQ3mqW73qCCVHeYTFqeYy1WUlQsm4Fl\/li695\/\/xuC0Q5ExsfC5YMGwJEjR+Q7riDZam8zg2ZaJnIoGYzzp0O7zYrlru0Gkeaxna9kISQjW7TE03p5Q2lpKYRGhENUQhyEhI+ApqYm+Y5v2GqrWedqMQQoXHITlykdDap9dyd7gdK4eKj7124u9BcUwUUnxsO1c2bLJX4AjUDpA3eBZlI6aNHuW4waLg5SBr9u9y70aSJBFRcKpn3\/8osrWr0OVq1cBRqtVi7xDqXXpQ+vBw12WJMRA22lhbLsyRzh\/wwxU6pf2gJqDA3IQW868V2XBE276iroN2QQzJ57nVdLTc+yAnxxE86+GJz+I6Hl5FGvbXrMGjuyjlD20BqmXo2hrqXQwGXOMBiNMCh0KIzAGTNg6GAwmUzynU6cfw+HHWeeGvWPaf8eJsBXx7zrEYTCspKVd7IjfC4xFCwGXZf6gJQa3Sb9o0oagQREQu3ut\/mer9mnwCchChSNWXDrHI7SNRiU2WqquMwZVMv07ZcgJYcjFxKhZsd2n733hm4JUUBD1o4KSof+JUm8fnZOh4Iynz6OISfaGVTtZRvWcVkgRBD8JoQhc4eUEavvyWM4G0L+Z\/G9i\/le4CQIBEaIE0hWrNXlYLzpWr7uTga6Q48IoZfS3Go4+ClYS4vYL7wQBE4Evo9eaUWToEblZ0SHlOAtHvEXARNBE9NajQQkDceYP41DdXKz+V4P6fCbCGqfZMFuahRWGY1V2f0rQI+coNxK4Y3TuR4FEYHCLyJIBuhnb2tlp4j8iYIFM6Ed1Ti5CqrUkaDJSYfCxa4W1F\/4RQSNt6OxAbTjE0HKRYdm3tXyHbxHw1NVgW4gTlnUtsWr7mShDQTdEqHYGH1eJidEDddkgaOlmcucYSsrYeMlIadKVy\/lMkoq+QOfRJAAssQjEboZOUhAGhgmZ4DdYvFgt5CXdjCfPQNSYhgaxEQoe0RoUX9mjW8i8Nl2lAHDdbmsJbWT0vhl3aHl3BmOIaWxcVD57ONyadfwSkS7zEbjwlk8DXUoC\/Z6kbdT8NjGJyBtTBqkjE6HtetFr5lyRMsvJ0GFhk2D3lXVtqe4TNhc7\/AggmcCHosWL2BB06KvYa0\/79LE6TNnIKhvH4hJSoCYxAQYMGwwSBp05bCSMlSmQwdAnTwc5SQaal7fzmW+Zo0nJ9Bqlq64DSTUAxLGKUSAu3hp0d0bMGwIe+URCTGc7jGi8+MMep2IdSIx2ouA+r8LX8MbOohQ9H8JOqrS+GRQJY4Aa0Upl7mDFBKFBOSR0y86Kd4j4auwrn7PR6BKQZ8jDb2uz\/4pCt3ARCgSXPYoOqoZsSCh70munnfmCQwbEQYRcbEQlRgHaZljmDCPWSNf172\/E9QY+6riQ6HxCzkL4NR6Bycqt2xEhRPHrpr5l1NdEkCYNv1qCI+KhMiEWMi7eppc6gmlnZo3XmJBVSeFQ\/OP38mlAkxE5Yub0R7EIAHDoeWE96jLHRse2QAhGK2FoQO8YqWI7LpD5ctbUM4imSstv3Z2NKjytReFRURl1PT9N1zoj4L5dO+nMChkGAwMGQpvvb1LLvUNZdpXbXsGdPguVVwINB0S6yBBZP3IHFO+0WHuPuRT8MvZszAQZ0hQ\/76gklyjeF+grpnPnhS+KU79CjkzG0QJc\/2cKbwOop08Gim2dSsPJHAGgwGGDg+DoCDPWe4NTID0K8sELcaRDCoIogYdTQ1gwFBfOxkdlJm5+ICjyyFRpP7pzZtg6wtbO669QZkFbRiXUsTHHHhUcEB5Tp6idrCjqdZNG4e+AhJy3WSs0b0FpGisoaFBvvINK0btlNSkhbvSdXfJpZ2Ed\/CSimznq5kIbU4SGG6dK274wNFjR2FQ8FC4fOAV8NU3X8ulriBuWi1mZj8FUUXLKXXtyTUnIgTjbOg9a7JTWIIL7hTZGm\/hYGZ2FoyKieL0wdjsbLm0E+RL2JC7mswYJqB46QIu9zZ0HlJFcbcVHRRNNrpxGF0V\/sY1baRgzfr7YWDwEBgaFgKLlwknxhnkBqjHRLHAG26ejQW+5cyraFPPLQYtKxVK0pc\/cLd8R4CFGdX0lue3wKbNm+VSBYKj+qtQvsgTm4WCTqGjDwIIXolQWNb282mh4XLQU\/qv1VzGb6CDl0ZpCNqROG0eBtK5o8GIHlm71cp1fZPggwhCO7KDHqQFWQ2adFo\/rPjjBnHPa6+wvt0GhuvzeA1SosUoS5vPIXCGTyIU0ERt+eU0qBNCeP2p+iV39neiEGeURAHRuDiw19XysPqDbolQek16Xk1JOCTkvNNSHOXLCYWLZvFSNukCR5OJ+OKDY57olggCsZSaM337BeSjE0tpoboPZKOFclC0bAF7YqrkEeBobur9uEMBNUyENKCnpE4czhqw6ev9ULZhLfdeSgzFqV3qlwy4w28ikLdMBKFu91ugSkffEe0ApZTIJlgqS\/h+D2gIgAgZyjjX7v4LO0LquGBolXOWPUXARDij9PdrwLTvk4BlwB0XRERv4ZISQVKlCLi1xAhF99yB2nUM1P9TLN\/zkF7IuF4gLgkzOIEjyzQZ6cpNj8A59K9pDZB2CZDfS+uxTd8eZF7wrycz7QJxUZihdMhZdVjRzSl\/\/kmMTkeyx0KukxZ9fQo4yOfXoOnToN02zsmDlh+PsU0mCMbw6UXHxZEMpF7pgAOdNkpWUKxJLhetiVGUbLxpBrQcPwKWAj1Ubn1KZFiyU5EpqehVRUDhnfPx\/vfcxiXiRe8yg7wsJd3gaDZBza7X0BVAe5OOfieOvpQ2CgoXzACTvFZPUDpqLS6EsofXYKQWjb5JAtZPBVVCMBQtXgitv\/7MdUhWemIs\/UWvMIPnt8IEdLpr33pNrM\/R6mgOMgFDUf212VBPWxHlbVvO2UaKnZUrWu8pvXcJ+1ISRg40pWiHUsnShdAmia2A\/Cb618uMuWBmME3iFOo\/\/Cvop09gvaDDSJc6RBJB+zEdrS1cpyvFSHcUprTpNFC8ZglLhxbjRFryUaMzUfaHtWDRSVyn0+fpHfSIGWwisVPMCPT1aVORbtpY3ldF2w0ojaeZOhZqd+0QDyCICfyTr31CrqegVZMPRRhXUo6SfEteU82IhPInHgQLxrEEYmBXTPYXfjODXkWZfuWlFABR\/tJww9Xs\/tGyBK0OkJKseuUFnC5tXI90iDuhZrMZamtr4cxPZ+DTz\/bCiR9+gPO156G5uVm8CMFThzKF4hLMmrNQsGAWJ18o\/06WR5+bAlXbN3VsUrtQpgTEDOU1zYe\/Qm0\/T+REJiJhlJ5CZ7z6la1gbxT5Vm9EVVVXwwvbtkEIZaD6BEGfK\/pBvysHQZ8B\/TkjRftKNj79FDKmVjwgN0FtKdOn+cQRKFg4E1Qxw3gK0p5bskDnd\/w32GlnLKKn7OiWGR2jg0fzMSTk5lmgQtPHJjIzBqUiFio3PwY2q5CErvDDiROwYNFCGBwaDOHRkRAVHwuRcfjD48jYGC6n1IzKbcePN5iOHADD3DyR3EBJUaPFIj1Vu\/MlztARAmWKV2bQoCo6gS7MP\/0Ixazh0USOx+mAWl6dEArljz2IkiAWSqiuF2FwQX1dHTyJI9\/3yoGcKiYm0I+YEhw+HMJjomD1fWugvLxcfsITLCVyXqPdhlP1wGegu3o8qFAyaTu+GpW3YcZEjmdpYxCBpMofk+zBDH6JOIVWXT6U\/W41R+oS6gNKL6kSQqD04fvBUlLAdfzNUyj4+z8+hn6DB3HunPatMzMS4+CKYYMhIS0ZPvhwN7S2ii81upv\/yoA5bG1Q\/9F7yJRxHNCTR8tMmT0Zo8j\/w3YC3IVNnVLmpaXICBVPPiR0Af6ICRIqruK77oBWo16u1TMcOHgQElJTeNvXyNhonia0vnPZFf0hK2cCFLgtNAUCR2sTnP\/rDk4skperm5QGqsQwMMy\/Fpq+3ifq4E+WeQ9wFly5ZSkvhsrnn2DXmbb0kBcoxQVD4bJF0Hz2JA2VqOiHyPmCGvXBkmVLIXRUOISNGsmMGBkbBVcMGQRz582DRnmLEdMVwHuoqlKbPjGo3vmKSPXRzkSSFBzMglvm4pQ\/wfXo576uxZJhMzWiOdzK3h5ta6S0rzo+FAoWz4emY4e4Ij1yoTs7CLTn7tUdr\/I+vKEjQvk7kaEjwiAmOQGeeuZpNrsXAjG4gk5a8Ke4h3a4S+no+2C\/SLcUoTfbqhYuvjOCqrZv5lyVChWi9ppsVJIx6DrnQNPhA3KV3seJ48chFBXmwKGDISYxHvoOHgg5U\/Pg8y\/28Wj1FpShs1aWQNlj6zmJTPkT2lmVH3I5FC25CcyqTqYE0WaSxsMHwXjLbMiPDwbN5NEoIcmgmzIW6nD+OUwNQircRKonUJ6nqUL6YUhYCESgAiUfg74mYqfrAkHvUNwB+pFfUrTyNpDGxnCangaeUvw1b77IW4koXa+At5wS7C1NUPfRu6CfMQE1cbjQF2jD9Wi2nD8kYfSQKQozaKFrywtb4cqQYGbE0GFD+bqn4GmBbTuT1Vagh+L1K7Dj6BPRvhnaV4mSUf7MH1g3Eqi+8wB3WBOlkJLade\/vwimDtnv0KJBQUmjV34BTp\/HAXlkbuzbSW+jpFCFmKFtMLSVGKH1sHdKMA5qVxD9KI1De3FLUtSXs9DOwcxQPKF20N9RD9WvbQTNlDPoZkSChyyulj4LC2VPAfPoY1yHSA8kvKAykbyS\/O\/o93HX3SsjNy4PFS5fCvv37+Z7fwKYoG6YMjsNsgqrnNmLHURIwwqVvzGjFouj+pdBy9hT3jdEFuR5OF4FyDUonbWVlULVtE3qdyOUM9DnQ9aWXGG+5DpqPdX5bydW7eJGC4uJiuG\/dWrisX1\/erUs6g5bsLx\/YH5YuXw5N3ekNfIfzoNlsrVD58rOgzooT0TJKAvkYxStuhRb69lPWHz3yQN1BTVEzlMgtf+phXiMiZ4xyl8QUMr+0lC\/qds+P748ehexJuTB4eAiMxPiETCttJaGtRtm5Ez031rhBGWEbZdLefJl9IvpsQjcB6UkZhfTcCM1HDnKdQNEtM6hzyo9AO0nFXm0kIisBYxX0SUZHQ+Fvb4Y2o9ipzvUVsXQDfb77w8kfYcLkScyAPv37wmV9+sDcG+eBXm\/wqjeoLdqZwOf4q317B+jRZ+DUATpWFKQZF86Axn2f8PJ2T9EtMzqAVCif\/RDMZ3+G0vuWg0RJFySM5qg6MwpKHrwH2s4JSWEGknjyCZ2SXpIvEORgFRYVQrOXjYn0DNXtTAjSF8xo7aaP51iJo2ZU8PqZudBA6USzyKRxvOL0jkDgPzOcQO9SSGxVnYPi5beBOgMdGtp7mp0A6rHRUP7oA2CrRjsu1wsUvISPR\/IDTF99jkzIQmZHIxPQtaYEM1q787te75Cknr7HGT1ihjeY1flQvGQBWhwcNUrkkl7B0aOPxyzIFAJ3rqtRI0mwd8qCaf8nYLxhKq\/4a1EnUIJZi95jzZt\/Anu9nADqRVwwM1iU8ad0sfnw11CIliY\/dhjvh6Bv1inpUvPnbWCv8mSKOO+8JjR\/8yUU3n49M1Y7IZWZQcyt2f4sBmHnuQ69U9l90FvoNckg0GYSGlUisenbL3h1jD6oU1bLdNeOh5p3ULTRseuAzEj6IsN86gQUo3UiBtIXGOoM8SFE5aaNYLO0inryMxcDvcoMgrOkUNLY9OVedvHJ9usnYtyDLr5hVg7U\/42WD4TmN586BsV33846gTJpHDWjVFQ88yib9IvTdU\/0OjMUOFse9Dmh\/qN3QDctE\/JpfzRNHxT94uU3Q+k9i8VGPlpFo2UAvF\/6+3vBUlzITxJzSeIuBS4aMzqA\/SCFT91xWFqg9v2dItVPUwCP2imZGEgl8NJj8arfQFuRVkgVP3tpmKDg4jNDBvVL6Rolkatf347KMRnyw\/pByco7eHu\/Ikmi3qVlBOGSMUMBi7183vLLKWjG+MFeW83XzLBLLA3OuOTM+P8LgP8A4RQAeAlP3PQAAAAASUVORK5CYII=\" \/><strong>GHS07 Uzman\u012bbu<\/strong><\/p>\n<p><strong>H315<\/strong> Kairina \u0101du.<\/p>\n<p><strong>H319<\/strong> Izraisa nopietnu acu kairin\u0101jumu.<\/p>\n<p><strong>EUH208<\/strong> Satur: 1,2-benzizotiazol-3(2H)-ons, reakcijas masa: 5-hlor-2-metil- 2H-izotiazol-3-ons; 2-metil-2H- izotiazol-3-ons (3:1) Var izrais\u012bt aler\u0123isku reakciju.<\/p>\n<p>Dro&scaron;\u012bbas pras\u012bbu apz\u012bm\u0113jumi:<\/p>\n<p>P101 Medic\u012bniska padoma nepiecie&scaron;am\u012bbas gad\u012bjum\u0101 attiec\u012bg\u0101 inform\u0101cija ir nor\u0101d\u012bta uz iepakojuma vai eti\u0137etes.<\/p>\n<p>P102 Sarg\u0101t no b\u0113rniem.<\/p>\n<p>P103 Pirms izmanto&scaron;anas izlas\u012bt eti\u0137eti.<\/p>\n<p>P264 P\u0113c izmanto&scaron;anas rokas k\u0101rt\u012bgi nomazg\u0101t.<\/p>\n<p>P280 Izmantot aizsargcimdus\/acu aizsargus\/sejas aizsargus.<\/p>\n<p>P302+P352 SASKAR\u0112 AR \u0100DU: nomazg\u0101t ar lielu \u016bdens daudzumu.<\/p>\n<p>P332+P313 Ja rodas \u0101das iekaisums: l\u016bdziet medi\u0137u pal\u012bdz\u012bbu.<\/p>\n<p>P305+P351+P338 SASKAR\u0112 AR AC\u012aM: Uzman\u012bgi izskalot ar \u016bdeni vair\u0101kas min\u016btes. Iz\u0146emt kontaktl\u0113cas, ja t\u0101s ir ievietotas un ja to var vienk\u0101r&scaron;i izdar\u012bt. Turpin\u0101t skalot.<\/p>\n<p>P337+P313 Ja acu iekaisums nep\u0101riet: l\u016bdziet medi\u0137u pal\u012bdz\u012bbu.<\/p>\n","protected":false},"excerpt":{"rendered":"<p>L\u012bdzeklis ve\u013cas ma\u0161\u012bnas regul\u0101rai t\u012br\u012b\u0161anai. No\u0146em net\u012brumus un ka\u013c\u0137akmeni no vis\u0101m ve\u013cas ma\u0161\u012bnas da\u013c\u0101m un saglab\u0101 t\u0101s veiktsp\u0113ju. Pal\u012bdz likvid\u0113t nepat\u012bkam\u0101s smar\u017eas, nodro\u0161inot t\u012br\u012bbu un svaigumu mazg\u0101\u0161anas laik\u0101. Lieto\u0161ana: 1. Uzvelciet cimdus. Nelielu l\u012bdzek\u013ca daudzumu uzlejiet uz t\u012bras dr\u0101nas un noslaukiet ve\u013cas ma\u0161\u012bnas mazg\u0101\u0161anas l\u012bdzek\u013cu nodal\u012bjumu un durvju bl\u012bves. 2. Ielejiet mazg\u0101\u0161anas l\u012bdzek\u013cu nodal\u012bjum\u0101 ieteicamo [&#8230;]\n","protected":false},"featured_media":99783,"template":"","meta":[],"product_cat":[1999],"product_tag":[],"class_list":{"0":"post-39745","1":"product","2":"type-product","3":"status-publish","4":"has-post-thumbnail","6":"product_brand-italchimica-it","7":"product_cat-bez-kategorijas","9":"first","10":"instock","11":"taxable","12":"shipping-taxable","13":"product-type-simple"},"_links":{"self":[{"href":"https:\/\/e.kosmolat.eu\/lv\/wp-json\/wp\/v2\/product\/39745","targetHints":{"allow":["GET"]}}],"collection":[{"href":"https:\/\/e.kosmolat.eu\/lv\/wp-json\/wp\/v2\/product"}],"about":[{"href":"https:\/\/e.kosmolat.eu\/lv\/wp-json\/wp\/v2\/types\/product"}],"wp:featuredmedia":[{"embeddable":true,"href":"https:\/\/e.kosmolat.eu\/lv\/wp-json\/wp\/v2\/media\/99783"}],"wp:attachment":[{"href":"https:\/\/e.kosmolat.eu\/lv\/wp-json\/wp\/v2\/media?parent=39745"}],"wp:term":[{"taxonomy":"product_cat","embeddable":true,"href":"https:\/\/e.kosmolat.eu\/lv\/wp-json\/wp\/v2\/product_cat?post=39745"},{"taxonomy":"product_tag","embeddable":true,"href":"https:\/\/e.kosmolat.eu\/lv\/wp-json\/wp\/v2\/product_tag?post=39745"}],"curies":[{"name":"wp","href":"https:\/\/api.w.org\/{rel}","templated":true}]}}