{"id":39737,"date":"2023-12-22T23:56:27","date_gmt":"2023-12-22T23:56:27","guid":{"rendered":"https:\/\/e.kosmolat.eu\/product\/dp-prof-augsti-koncentr-velas-mikstin-bez-alergeniem-600-ml\/"},"modified":"2026-04-22T12:11:15","modified_gmt":"2026-04-22T12:11:15","slug":"dp-prof-augsti-koncentr-velas-mikstin-bez-alergeniem-600-ml","status":"publish","type":"product","link":"https:\/\/e.kosmolat.eu\/lv\/product\/dp-prof-augsti-koncentr-velas-mikstin-bez-alergeniem-600-ml\/","title":{"rendered":"DP PROF.Augsti koncentr.ve\u013cas m\u012bkstin. Bez alerg\u0113niem, 600 ml"},"content":{"rendered":"<p>Alerg\u0113nus nesaturo\u0161s augsti koncentr\u0113ts ve\u013cas m\u012bkstin\u0101t\u0101js Dual Power ar maigu arom\u0101tu ir ide\u0101li piem\u0113rots b\u0113rnu ap\u0123\u0113rbam un \u013coti jut\u012bgai \u0101dai. Tas ir dro\u0161\u0101ks, pateicoties dermatolo\u0123iski p\u0101rbaud\u012btai formulai, nesatur kr\u0101svielas un silikonus, ir bag\u0101tin\u0101ts ar dab\u012bgu alvejas ekstraktu, kam piem\u012bt m\u012bkstino\u0161\u0101s \u012bpa\u0161\u012bbas, un piensk\u0101bi, kas darbojas k\u0101 dabisks pH l\u012bdzsvarot\u0101js. Nesatur izotiazolinonus k\u0101 konservantus. P\u0101rbaud\u012bts uz ni\u0137e\u013ca saturu.<\/p>\n<p><strong>Doz\u0113\u0161ana: <\/strong>uz 4-5 kg ve\u013cas pievienojiet 15 ml l\u012bdzek\u013ca, uz 6-8 kg ve\u013cas pievienojiet 28 ml l\u012bdzek\u013ca. Izteikt\u0101kam arom\u0101tam, papildus nor\u0101d\u012btajai devai pievienojiet v\u0113l 10 ml l\u012bdzek\u013ca.<\/p>\n<p><strong>Sast\u0101v\u0101:<\/strong> 5 % un vair\u0101k, bet maz\u0101k nek\u0101 15 %&nbsp; katjonu virsmakt\u012bvo vielu. Smar\u017eas un arom\u0101tisk\u0101s kompoz\u012bcijas.<\/p>\n<p><strong>Dro&scaron;\u012bbas pras\u012bbu apz\u012bm\u0113jumi:<\/strong><br \/>\nP101 Medic\u012bniska padoma nepiecie&scaron;am\u012bbas gad\u012bjum\u0101 attiec\u012bg\u0101 inform\u0101cija ir nor\u0101d\u012bta uz iepakojuma vai eti\u0137etes.<br \/>\nP102 Sarg\u0101t no b\u0113rniem.<br \/>\nP103 Pirms izmanto&scaron;anas izlas\u012bt eti\u0137eti.<\/p>\n","protected":false},"excerpt":{"rendered":"<p>Alerg\u0113nus nesaturo\u0161s augsti koncentr\u0113ts ve\u013cas m\u012bkstin\u0101t\u0101js Dual Power ar maigu arom\u0101tu ir ide\u0101li piem\u0113rots b\u0113rnu ap\u0123\u0113rbam un \u013coti jut\u012bgai \u0101dai. Tas ir dro\u0161\u0101ks, pateicoties dermatolo\u0123iski p\u0101rbaud\u012btai formulai, nesatur kr\u0101svielas un silikonus, ir bag\u0101tin\u0101ts ar dab\u012bgu alvejas ekstraktu, kam piem\u012bt m\u012bkstino\u0161\u0101s \u012bpa\u0161\u012bbas, un piensk\u0101bi, kas darbojas k\u0101 dabisks pH l\u012bdzsvarot\u0101js. Nesatur izotiazolinonus k\u0101 konservantus. P\u0101rbaud\u012bts uz [&#8230;]\n","protected":false},"featured_media":102202,"template":"","meta":[],"product_cat":[2181],"product_tag":[],"class_list":{"0":"post-39737","1":"product","2":"type-product","3":"status-publish","4":"has-post-thumbnail","6":"product_brand-italchimica-it","7":"product_cat-bez-kategorijas-lt","9":"first","10":"instock","11":"taxable","12":"shipping-taxable","13":"product-type-simple"},"_links":{"self":[{"href":"https:\/\/e.kosmolat.eu\/lv\/wp-json\/wp\/v2\/product\/39737","targetHints":{"allow":["GET"]}}],"collection":[{"href":"https:\/\/e.kosmolat.eu\/lv\/wp-json\/wp\/v2\/product"}],"about":[{"href":"https:\/\/e.kosmolat.eu\/lv\/wp-json\/wp\/v2\/types\/product"}],"wp:featuredmedia":[{"embeddable":true,"href":"https:\/\/e.kosmolat.eu\/lv\/wp-json\/wp\/v2\/media\/102202"}],"wp:attachment":[{"href":"https:\/\/e.kosmolat.eu\/lv\/wp-json\/wp\/v2\/media?parent=39737"}],"wp:term":[{"taxonomy":"product_cat","embeddable":true,"href":"https:\/\/e.kosmolat.eu\/lv\/wp-json\/wp\/v2\/product_cat?post=39737"},{"taxonomy":"product_tag","embeddable":true,"href":"https:\/\/e.kosmolat.eu\/lv\/wp-json\/wp\/v2\/product_tag?post=39737"}],"curies":[{"name":"wp","href":"https:\/\/api.w.org\/{rel}","templated":true}]}}