{"id":39733,"date":"2023-12-22T23:55:59","date_gmt":"2023-12-22T23:55:59","guid":{"rendered":"https:\/\/e.kosmolat.eu\/product\/dp-koncentr-velas-mikstin-relax-600-ml\/"},"modified":"2026-04-23T13:31:18","modified_gmt":"2026-04-23T13:31:18","slug":"dp-koncentr-velas-mikstin-relax-600-ml","status":"publish","type":"product","link":"https:\/\/e.kosmolat.eu\/lv\/product\/dp-koncentr-velas-mikstin-relax-600-ml\/","title":{"rendered":"DP Koncentr ve\u013cas m\u012bkstin. Relax, 600 ml"},"content":{"rendered":"<p>Pateicoties m\u012bkstin\u0101t\u0101ja koncentr\u0113tajai formulai, gludin\u0101\u0161ana k\u013c\u016bst viegl\u0101ka, audumi ieg\u016bst pat\u012bkamu svaiguma arom\u0101tu.<\/p>\n<p>0% kr\u0101svielas. Dermatolo\u0123iski p\u0101rbaud\u012bts. P\u0101rbaud\u012bts uz ni\u0137e\u013ca saturu.&nbsp;<\/p>\n<p>Pat\u012bkams arom\u0101ts ilgu laiku ir garant\u0113ts.<\/p>\n<p><strong>Doz\u0113\u0161ana: <\/strong>uz 4-5 kg ve\u013cas pievienojiet 25 ml l\u012bdzek\u013ca, uz 6-8 kg ve\u013cas pievienojiet 35 ml l\u012bdzek\u013ca. Izteikt\u0101kam arom\u0101tam papildus nor\u0101d\u012btajai devai pievienojiet v\u0113l 10 ml l\u012bdzek\u013ca.<\/p>\n<p><strong>Sast\u0101v\u0101:<\/strong> 5 % un vair\u0101k, bet maz\u0101k nek\u0101 15 %&nbsp; katjonu virsmakt\u012bvo vielu. Smar\u017eas un arom\u0101tisk\u0101s kompoz\u012bcijas\/ Geraniol, Citronellol, Butylphenyl Methylpropional. Konservanti: Benzisothiazolinone\/ Methylchloroisothiazolinone\/ Methylisothiazolinone.<\/p>\n<p><strong>EUH208<\/strong> Satur: 1,2-benzizotiazol-3(2H)-ons un reakcijas masa: 5-hlor-2-metil- 2H-izotiazol-3-ons; 2-metil-2H- izotiazol-3-ons (3:1). Var izrais\u012bt aler\u0123isku reakciju.&nbsp;&nbsp;&nbsp;&nbsp;&nbsp;<br \/>\nDro&scaron;\u012bbas pras\u012bbu apz\u012bm\u0113jumi:<br \/>\nP101 Medic\u012bniska padoma nepiecie&scaron;am\u012bbas gad\u012bjum\u0101 attiec\u012bg\u0101 inform\u0101cija ir nor\u0101d\u012bta uz iepakojuma vai eti\u0137etes.<br \/>\nP102 Sarg\u0101t no b\u0113rniem.<br \/>\nP103 Pirms izmanto&scaron;anas izlas\u012bt eti\u0137eti.<\/p>\n","protected":false},"excerpt":{"rendered":"<p>Pateicoties m\u012bkstin\u0101t\u0101ja koncentr\u0113tajai formulai, gludin\u0101\u0161ana k\u013c\u016bst viegl\u0101ka, audumi ieg\u016bst pat\u012bkamu svaiguma arom\u0101tu. 0% kr\u0101svielas. Dermatolo\u0123iski p\u0101rbaud\u012bts. P\u0101rbaud\u012bts uz ni\u0137e\u013ca saturu.&nbsp; Pat\u012bkams arom\u0101ts ilgu laiku ir garant\u0113ts. Doz\u0113\u0161ana: uz 4-5 kg ve\u013cas pievienojiet 25 ml l\u012bdzek\u013ca, uz 6-8 kg ve\u013cas pievienojiet 35 ml l\u012bdzek\u013ca. Izteikt\u0101kam arom\u0101tam papildus nor\u0101d\u012btajai devai pievienojiet v\u0113l 10 ml l\u012bdzek\u013ca. Sast\u0101v\u0101: 5 [&#8230;]\n","protected":false},"featured_media":98996,"template":"","meta":[],"product_cat":[1710],"product_tag":[],"class_list":{"0":"post-39733","1":"product","2":"type-product","3":"status-publish","4":"has-post-thumbnail","6":"product_brand-italchimica-it","7":"product_cat-velas-kondicionieri","9":"first","10":"instock","11":"taxable","12":"shipping-taxable","13":"product-type-simple"},"_links":{"self":[{"href":"https:\/\/e.kosmolat.eu\/lv\/wp-json\/wp\/v2\/product\/39733","targetHints":{"allow":["GET"]}}],"collection":[{"href":"https:\/\/e.kosmolat.eu\/lv\/wp-json\/wp\/v2\/product"}],"about":[{"href":"https:\/\/e.kosmolat.eu\/lv\/wp-json\/wp\/v2\/types\/product"}],"wp:featuredmedia":[{"embeddable":true,"href":"https:\/\/e.kosmolat.eu\/lv\/wp-json\/wp\/v2\/media\/98996"}],"wp:attachment":[{"href":"https:\/\/e.kosmolat.eu\/lv\/wp-json\/wp\/v2\/media?parent=39733"}],"wp:term":[{"taxonomy":"product_cat","embeddable":true,"href":"https:\/\/e.kosmolat.eu\/lv\/wp-json\/wp\/v2\/product_cat?post=39733"},{"taxonomy":"product_tag","embeddable":true,"href":"https:\/\/e.kosmolat.eu\/lv\/wp-json\/wp\/v2\/product_tag?post=39733"}],"curies":[{"name":"wp","href":"https:\/\/api.w.org\/{rel}","templated":true}]}}