{"id":39705,"date":"2023-12-22T23:53:16","date_gmt":"2023-12-22T23:53:16","guid":{"rendered":"https:\/\/e.kosmolat.eu\/product\/shik-nectar-kr-ziepes-granatab-un-avene-125-g\/"},"modified":"2026-04-22T10:23:35","modified_gmt":"2026-04-22T10:23:35","slug":"shik-nectar-kr-ziepes-granatab-un-avene-125-g","status":"publish","type":"product","link":"https:\/\/e.kosmolat.eu\/lv\/product\/shik-nectar-kr-ziepes-granatab-un-avene-125-g\/","title":{"rendered":"SHIK Nectar kr-ziepes Gran\u0101t\u0101b. un avene, 125 g"},"content":{"rendered":"<p><strong>Piesardz\u012bbas pas\u0101kumi: <\/strong>ja iek\u013c\u016bst ac\u012bs, r\u016bp\u012bgi izskalojiet ar lielu daudzumu teko\u0161a \u016bdens.<\/p>\n<p><strong>Uzglab\u0101\u0161ana:<\/strong> uzglab\u0101t saus\u0101s, segt\u0101s, labi v\u0113din\u0101m\u0101s telp\u0101s.<\/p>\n<p><strong>Der\u012bguma termi\u0146\u0161:<\/strong> 5 gadi no izgatavo\u0161anas datuma.<br \/>\n&nbsp;<\/p>\n","protected":false},"excerpt":{"rendered":"<p>Piesardz\u012bbas pas\u0101kumi: ja iek\u013c\u016bst ac\u012bs, r\u016bp\u012bgi izskalojiet ar lielu daudzumu teko\u0161a \u016bdens. Uzglab\u0101\u0161ana: uzglab\u0101t saus\u0101s, segt\u0101s, labi v\u0113din\u0101m\u0101s telp\u0101s. Der\u012bguma termi\u0146\u0161: 5 gadi no izgatavo\u0161anas datuma. &nbsp;<\/p>\n","protected":false},"featured_media":100124,"template":"","meta":[],"product_cat":[1999],"product_tag":[],"class_list":{"0":"post-39705","1":"product","2":"type-product","3":"status-publish","4":"has-post-thumbnail","6":"product_brand-slobozanskij-milovar_ua","7":"product_cat-bez-kategorijas","9":"first","10":"instock","11":"taxable","12":"shipping-taxable","13":"product-type-simple"},"_links":{"self":[{"href":"https:\/\/e.kosmolat.eu\/lv\/wp-json\/wp\/v2\/product\/39705","targetHints":{"allow":["GET"]}}],"collection":[{"href":"https:\/\/e.kosmolat.eu\/lv\/wp-json\/wp\/v2\/product"}],"about":[{"href":"https:\/\/e.kosmolat.eu\/lv\/wp-json\/wp\/v2\/types\/product"}],"wp:featuredmedia":[{"embeddable":true,"href":"https:\/\/e.kosmolat.eu\/lv\/wp-json\/wp\/v2\/media\/100124"}],"wp:attachment":[{"href":"https:\/\/e.kosmolat.eu\/lv\/wp-json\/wp\/v2\/media?parent=39705"}],"wp:term":[{"taxonomy":"product_cat","embeddable":true,"href":"https:\/\/e.kosmolat.eu\/lv\/wp-json\/wp\/v2\/product_cat?post=39705"},{"taxonomy":"product_tag","embeddable":true,"href":"https:\/\/e.kosmolat.eu\/lv\/wp-json\/wp\/v2\/product_tag?post=39705"}],"curies":[{"name":"wp","href":"https:\/\/api.w.org\/{rel}","templated":true}]}}