{"id":39693,"date":"2023-12-22T23:51:59","date_gmt":"2023-12-22T23:51:59","guid":{"rendered":"https:\/\/e.kosmolat.eu\/product\/cl-id-ada-mazg-zeleja-dzilas-iedarb-115-ml\/"},"modified":"2026-03-19T10:59:10","modified_gmt":"2026-03-19T10:59:10","slug":"cl-id-ada-mazg-zeleja-dzilas-iedarb-115-ml","status":"publish","type":"product","link":"https:\/\/e.kosmolat.eu\/lv\/product\/cl-id-ada-mazg-zeleja-dzilas-iedarb-115-ml\/","title":{"rendered":"CL Id.\u0101da Mazg. \u017eeleja Dzi\u013cas iedarb., 115 ml"},"content":{"rendered":"<p>Dzi\u013cas iedarb\u012bbas sejas mazg\u0101\u0161anas \u017eeleja ar alvejas ekstraktu taukainai un kombin\u0113ta tipa \u0101dai.<\/p>\n<p>97% dab\u012bgas izcelsmes sast\u0101vda\u013cu. Nature Plus esence &ndash; 5 ekstrakti un e\u013c\u013cas: &nbsp;verbenas, peonijas, mande\u013cu e\u013c\u013cas, line\u013c\u013cas un ol\u012bve\u013c\u013cas ekstrakti. Alvejas ekstrakts nomierina un toniz\u0113 \u0101du.<\/p>\n<p><strong>Lieto\u0161ana: <\/strong>saputojiet plaukst\u0101s nelielu \u017eelejas daudzumu, uzkl\u0101jiet uz mitras sejas, izvairoties no zonas ap ac\u012bm, pamas\u0113jiet un nomazg\u0101jiet. Ja iek\u013c\u016bst ac\u012bs, r\u016bp\u012bgi izskalojiet ar \u016bdeni.<\/p>\n<p>Nav \u0101rstniecisks l\u012bdzeklis.<\/p>\n<p>Uzglab\u0101t temperat\u016br\u0101 no 0&deg;C l\u012bdz +25&deg;C.&nbsp;<br \/>\n&nbsp;<\/p>\n","protected":false},"excerpt":{"rendered":"<p>Dzi\u013cas iedarb\u012bbas sejas mazg\u0101\u0161anas \u017eeleja ar alvejas ekstraktu taukainai un kombin\u0113ta tipa \u0101dai. 97% dab\u012bgas izcelsmes sast\u0101vda\u013cu. Nature Plus esence &ndash; 5 ekstrakti un e\u013c\u013cas: &nbsp;verbenas, peonijas, mande\u013cu e\u013c\u013cas, line\u013c\u013cas un ol\u012bve\u013c\u013cas ekstrakti. Alvejas ekstrakts nomierina un toniz\u0113 \u0101du. Lieto\u0161ana: saputojiet plaukst\u0101s nelielu \u017eelejas daudzumu, uzkl\u0101jiet uz mitras sejas, izvairoties no zonas ap ac\u012bm, pamas\u0113jiet [&#8230;]\n","protected":false},"featured_media":97582,"template":"","meta":[],"product_cat":[1577],"product_tag":[],"class_list":{"0":"post-39693","1":"product","2":"type-product","3":"status-publish","4":"has-post-thumbnail","6":"product_brand-unilever-ua","7":"product_cat-gelis","9":"first","10":"outofstock","11":"taxable","12":"shipping-taxable","13":"product-type-simple"},"_links":{"self":[{"href":"https:\/\/e.kosmolat.eu\/lv\/wp-json\/wp\/v2\/product\/39693","targetHints":{"allow":["GET"]}}],"collection":[{"href":"https:\/\/e.kosmolat.eu\/lv\/wp-json\/wp\/v2\/product"}],"about":[{"href":"https:\/\/e.kosmolat.eu\/lv\/wp-json\/wp\/v2\/types\/product"}],"wp:featuredmedia":[{"embeddable":true,"href":"https:\/\/e.kosmolat.eu\/lv\/wp-json\/wp\/v2\/media\/97582"}],"wp:attachment":[{"href":"https:\/\/e.kosmolat.eu\/lv\/wp-json\/wp\/v2\/media?parent=39693"}],"wp:term":[{"taxonomy":"product_cat","embeddable":true,"href":"https:\/\/e.kosmolat.eu\/lv\/wp-json\/wp\/v2\/product_cat?post=39693"},{"taxonomy":"product_tag","embeddable":true,"href":"https:\/\/e.kosmolat.eu\/lv\/wp-json\/wp\/v2\/product_tag?post=39693"}],"curies":[{"name":"wp","href":"https:\/\/api.w.org\/{rel}","templated":true}]}}