{"id":39685,"date":"2023-12-22T23:51:07","date_gmt":"2023-12-22T23:51:07","guid":{"rendered":"https:\/\/e.kosmolat.eu\/product\/lb-mutes-dob-skalot-ozola-mizas-un-dizegles-ekst-250-ml\/"},"modified":"2025-07-11T12:31:50","modified_gmt":"2025-07-11T12:31:50","slug":"lb-mutes-dob-skalot-ozola-mizas-un-dizegles-ekst-250-ml","status":"publish","type":"product","link":"https:\/\/e.kosmolat.eu\/lv\/product\/lb-mutes-dob-skalot-ozola-mizas-un-dizegles-ekst-250-ml\/","title":{"rendered":"LB Mutes dob.skalot. Ozola mizas un di\u017eegles ekst. 250 ml"},"content":{"rendered":"<p>&bull; &nbsp; &nbsp;Formula uz z\u0101\u013cu nov\u0101r\u012bjuma b\u0101zes veicina dabisk\u0101s mutes dobuma mikrofloras nodro\u0161in\u0101\u0161anu.<br \/>\n&bull; &nbsp; &nbsp;Augstas efektivit\u0101tes vitam\u012bniem bag\u0101tais skujkoku ekstraktu komplekss mazina bakteri\u0101lo slodzi uz mutes dobuma m\u012bkstajiem audiem.&nbsp;<br \/>\n&bull; &nbsp; &nbsp;Ozola mizas un kadi\u0137a ogu ekstraktiem ir antioksid\u0113jo\u0161s un toniz\u0113jo\u0161s efekts.<\/p>\n<p><strong>Lieto\u0161ana: <\/strong>piepildiet v\u0101ci\u0146u ar skalo\u0161anas l\u012bdzekli. Skalojiet mutes dobumu 30 sekundes. Lietot p\u0113c \u0113\u0161anas un katras zobu t\u012br\u012b\u0161anas reizes zobu pastas noskalo\u0161anai vismaz divas reizes ned\u0113\u013c\u0101. Tikai pieaugu\u0161ajiem.<\/p>\n<p><strong>Piesardz\u012bbas pas\u0101kumi: <\/strong>satur n\u0101trija fluor\u012bdu. Nenor\u012bt. Fluor\u012bdu masas da\u013ca 0,02%. Ir pie\u013caujamas nenoz\u012bm\u012bgas nogulsnes sakar\u0101 ar dab\u012bg\u0101m l\u012bdzek\u013ca sast\u0101vda\u013c\u0101m. Tas neietekm\u0113 produkta kvalit\u0101ti un dro\u0161umu. Nav \u0101rstniecisks l\u012bdzeklis. L\u012bdzek\u013ca lieto\u0161ana neatbr\u012bvo no stomatologa apmekl\u0113\u0161anas.&nbsp;<\/p>\n<p>Uzglab\u0101t temperat\u016br\u0101 no +5&deg;C l\u012bdz +25&deg;C, b\u0113rniem nepieejam\u0101 viet\u0101.<br \/>\n&nbsp;<\/p>\n","protected":false},"excerpt":{"rendered":"<p>&bull; &nbsp; &nbsp;Formula uz z\u0101\u013cu nov\u0101r\u012bjuma b\u0101zes veicina dabisk\u0101s mutes dobuma mikrofloras nodro\u0161in\u0101\u0161anu. &bull; &nbsp; &nbsp;Augstas efektivit\u0101tes vitam\u012bniem bag\u0101tais skujkoku ekstraktu komplekss mazina bakteri\u0101lo slodzi uz mutes dobuma m\u012bkstajiem audiem.&nbsp; &bull; &nbsp; &nbsp;Ozola mizas un kadi\u0137a ogu ekstraktiem ir antioksid\u0113jo\u0161s un toniz\u0113jo\u0161s efekts. Lieto\u0161ana: piepildiet v\u0101ci\u0146u ar skalo\u0161anas l\u012bdzekli. Skalojiet mutes dobumu 30 sekundes. Lietot [&#8230;]\n","protected":false},"featured_media":27316,"template":"","meta":[],"product_cat":[1311],"product_tag":[],"class_list":{"0":"post-39685","1":"product","2":"type-product","3":"status-publish","4":"has-post-thumbnail","6":"product_brand-unilever-ua","7":"product_cat-mutes-skalotaji","9":"first","10":"outofstock","11":"taxable","12":"shipping-taxable","13":"product-type-simple"},"_links":{"self":[{"href":"https:\/\/e.kosmolat.eu\/lv\/wp-json\/wp\/v2\/product\/39685","targetHints":{"allow":["GET"]}}],"collection":[{"href":"https:\/\/e.kosmolat.eu\/lv\/wp-json\/wp\/v2\/product"}],"about":[{"href":"https:\/\/e.kosmolat.eu\/lv\/wp-json\/wp\/v2\/types\/product"}],"wp:featuredmedia":[{"embeddable":true,"href":"https:\/\/e.kosmolat.eu\/lv\/wp-json\/wp\/v2\/media\/27316"}],"wp:attachment":[{"href":"https:\/\/e.kosmolat.eu\/lv\/wp-json\/wp\/v2\/media?parent=39685"}],"wp:term":[{"taxonomy":"product_cat","embeddable":true,"href":"https:\/\/e.kosmolat.eu\/lv\/wp-json\/wp\/v2\/product_cat?post=39685"},{"taxonomy":"product_tag","embeddable":true,"href":"https:\/\/e.kosmolat.eu\/lv\/wp-json\/wp\/v2\/product_tag?post=39685"}],"curies":[{"name":"wp","href":"https:\/\/api.w.org\/{rel}","templated":true}]}}