{"id":39677,"date":"2023-12-22T23:50:01","date_gmt":"2023-12-22T23:50:01","guid":{"rendered":"https:\/\/e.kosmolat.eu\/product\/hyaluron-dh-sejas-serums-intens-mitrin-lidz-pat-24-h-30-g\/"},"modified":"2025-03-18T14:21:25","modified_gmt":"2025-03-18T14:21:25","slug":"hyaluron-dh-sejas-serums-intens-mitrin-lidz-pat-24-h-30-g","status":"publish","type":"product","link":"https:\/\/e.kosmolat.eu\/lv\/product\/hyaluron-dh-sejas-serums-intens-mitrin-lidz-pat-24-h-30-g\/","title":{"rendered":"Hyaluron DH Sejas serums Intens.mitrin. l\u012bdz pat 24 h, 30 g"},"content":{"rendered":"<p>Intens\u012bvs l\u012bdzeklis ar t\u016bl\u012bt\u0113jas uzs\u016bk\u0161an\u0101s sp\u0113ju sejas \u0101das \u016bdens l\u012bdzsvara atjauno\u0161anai un uztur\u0113\u0161anai, \u0101das tvirtuma un elast\u012bbas paaugstin\u0101\u0161anai.&nbsp;<\/p>\n<p>Ide\u0101la inovat\u012bva 2 sk\u0101bju kombin\u0101cija &ndash; hialuronsk\u0101be + poliglutam\u012bna sk\u0101be &ndash; ir intens\u012bvs daudzpak\u0101pju risin\u0101jums sausai, dehidrat\u0113tai, novecojo\u0161ai un problem\u0101tiskai \u0101dai.&nbsp;<\/p>\n<p>&bull; nov\u0113r\u0161 \u0101das nov\u012btumu;<br \/>\n&bull; nov\u0113r\u0161 grumbu ra\u0161anos un pal\u012bdz b\u016btiski samazin\u0101t eso\u0161o grumbu daudzumu;<br \/>\n&bull; padara \u0101du svaigu un atp\u016btu\u0161os;<br \/>\n&bull; atgrie\u017e \u0101dai jaun\u012bbu un mirdzumu.<\/p>\n<p>Poliglutam\u012bna sk\u0101be ar augstu molekulmasu kalpo k\u0101 hialuronsk\u0101bes aizsargs, nepie\u013caujot t\u0101s no\u0101rd\u012b\u0161anos un nov\u0113r\u0161ot t\u0101s izvad\u012b\u0161anu no \u0101das. Sal\u012bdzinot ar hialuronsk\u0101bi, tai piem\u012bt vismaz 2,5 reizes lab\u0101ka sp\u0113ja piesaist\u012bt \u016bdens molekulas. Tas ir polipept\u012bdu biopolim\u0113rs, kas efekt\u012bvi regul\u0113 \u0101das mitruma l\u012bmeni, pastiprin\u0101ti piesaistot \u016bdeni no \u0101r\u0113j\u0101s vides, palielina keram\u012bdu izstr\u0101di, kontrol\u0113 \u0101das atjauno\u0161an\u0101s procesus. Paaugstina dabisk\u0101 mitrino\u0161\u0101 faktora (NMF) l\u012bmeni, k\u0101 ar\u012b inhib\u0113 enz\u012bmu hialuronid\u0101zi, kas no\u0101rda hialuronsk\u0101bi \u0101d\u0101. Iedarbojoties uz \u0101du, tas&nbsp;palielina kolag\u0113na izstr\u0101des l\u012bmeni, k\u0101 ar\u012b nov\u0113r\u0161 t\u0101das noguruma paz\u012bmes k\u0101, piem\u0113ram, bl\u0101va sejas kr\u0101sa. Nodro\u0161ina citu vielu vieglu iek\u013c\u016b\u0161anu epiderm\u0101. \u0100trs un izteikts efekts un lielisks mitrin\u0101\u0161anas rezult\u0101ts.<\/p>\n<p><strong>Lieto\u0161ana: <\/strong>1. Att\u012briet \u0101du no net\u012brumiem un dekorat\u012bv\u0101s kosm\u0113tikas. 2. Ar maig\u0101m mas\u0113jo\u0161\u0101m kust\u012bb\u0101m uzkl\u0101jiet l\u012bdzekli uz sejas un kakla \u0101das l\u012bdz tas piln\u012bb\u0101 uzs\u016bcas. Piem\u0113rots visiem \u0101das tipiem.&nbsp;<\/p>\n<p>Uzglab\u0101t temperat\u016br\u0101 no 5&deg;C l\u012bdz 25&deg;C. Sarg\u0101t no tie\u0161iem saules stariem.<\/p>\n<p><strong>Der\u012bguma termi\u0146\u0161: <\/strong>36 m\u0113ne\u0161i.<br \/>\n&nbsp;<\/p>\n","protected":false},"excerpt":{"rendered":"<p>Intens\u012bvs l\u012bdzeklis ar t\u016bl\u012bt\u0113jas uzs\u016bk\u0161an\u0101s sp\u0113ju sejas \u0101das \u016bdens l\u012bdzsvara atjauno\u0161anai un uztur\u0113\u0161anai, \u0101das tvirtuma un elast\u012bbas paaugstin\u0101\u0161anai.&nbsp; Ide\u0101la inovat\u012bva 2 sk\u0101bju kombin\u0101cija &ndash; hialuronsk\u0101be + poliglutam\u012bna sk\u0101be &ndash; ir intens\u012bvs daudzpak\u0101pju risin\u0101jums sausai, dehidrat\u0113tai, novecojo\u0161ai un problem\u0101tiskai \u0101dai.&nbsp; &bull; nov\u0113r\u0161 \u0101das nov\u012btumu; &bull; nov\u0113r\u0161 grumbu ra\u0161anos un pal\u012bdz b\u016btiski samazin\u0101t eso\u0161o grumbu daudzumu; &bull; [&#8230;]\n","protected":false},"featured_media":13553,"template":"","meta":[],"product_cat":[1999],"product_tag":[],"class_list":{"0":"post-39677","1":"product","2":"type-product","3":"status-publish","4":"has-post-thumbnail","6":"product_brand-belkosmex_by","7":"product_cat-bez-kategorijas","9":"first","10":"outofstock","11":"taxable","12":"shipping-taxable","13":"product-type-simple"},"_links":{"self":[{"href":"https:\/\/e.kosmolat.eu\/lv\/wp-json\/wp\/v2\/product\/39677","targetHints":{"allow":["GET"]}}],"collection":[{"href":"https:\/\/e.kosmolat.eu\/lv\/wp-json\/wp\/v2\/product"}],"about":[{"href":"https:\/\/e.kosmolat.eu\/lv\/wp-json\/wp\/v2\/types\/product"}],"wp:featuredmedia":[{"embeddable":true,"href":"https:\/\/e.kosmolat.eu\/lv\/wp-json\/wp\/v2\/media\/13553"}],"wp:attachment":[{"href":"https:\/\/e.kosmolat.eu\/lv\/wp-json\/wp\/v2\/media?parent=39677"}],"wp:term":[{"taxonomy":"product_cat","embeddable":true,"href":"https:\/\/e.kosmolat.eu\/lv\/wp-json\/wp\/v2\/product_cat?post=39677"},{"taxonomy":"product_tag","embeddable":true,"href":"https:\/\/e.kosmolat.eu\/lv\/wp-json\/wp\/v2\/product_tag?post=39677"}],"curies":[{"name":"wp","href":"https:\/\/api.w.org\/{rel}","templated":true}]}}