{"id":39669,"date":"2023-12-22T23:49:12","date_gmt":"2023-12-22T23:49:12","guid":{"rendered":"https:\/\/e.kosmolat.eu\/product\/soffione-premio-tual-papirs-ar-persika-arom-24-rulli-3-kart\/"},"modified":"2025-05-01T09:05:47","modified_gmt":"2025-05-01T09:05:47","slug":"soffione-premio-tual-papirs-ar-persika-arom-24-rulli-3-kart","status":"publish","type":"product","link":"https:\/\/e.kosmolat.eu\/lv\/product\/soffione-premio-tual-papirs-ar-persika-arom-24-rulli-3-kart\/","title":{"rendered":"SOFFIONE Premio Tual.pap\u012brs ar persika arom. 24 ru\u013cli, 3 k\u0101rt."},"content":{"rendered":"<p>100% p\u0101rstr\u0101d\u0101ta \u0161\u0137iedra.<\/p>\n<p>Glab\u0101t saus\u0101 viet\u0101. Der\u012bguma termi\u0146\u0161 neierobe\u017eots. Uzglab\u0101\u0161anas garantijas laiks: 2 gadi no izgatavo\u0161anas datuma.<\/p>\n","protected":false},"excerpt":{"rendered":"<p>100% p\u0101rstr\u0101d\u0101ta \u0161\u0137iedra. Glab\u0101t saus\u0101 viet\u0101. Der\u012bguma termi\u0146\u0161 neierobe\u017eots. Uzglab\u0101\u0161anas garantijas laiks: 2 gadi no izgatavo\u0161anas datuma.<\/p>\n","protected":false},"featured_media":13505,"template":"","meta":[],"product_cat":[1980],"product_tag":[],"class_list":{"0":"post-39669","1":"product","2":"type-product","3":"status-publish","4":"has-post-thumbnail","6":"product_brand-paper-kiev_ua","7":"product_cat-tualetinis-popierius","9":"first","10":"instock","11":"taxable","12":"shipping-taxable","13":"product-type-simple"},"_links":{"self":[{"href":"https:\/\/e.kosmolat.eu\/lv\/wp-json\/wp\/v2\/product\/39669","targetHints":{"allow":["GET"]}}],"collection":[{"href":"https:\/\/e.kosmolat.eu\/lv\/wp-json\/wp\/v2\/product"}],"about":[{"href":"https:\/\/e.kosmolat.eu\/lv\/wp-json\/wp\/v2\/types\/product"}],"wp:featuredmedia":[{"embeddable":true,"href":"https:\/\/e.kosmolat.eu\/lv\/wp-json\/wp\/v2\/media\/13505"}],"wp:attachment":[{"href":"https:\/\/e.kosmolat.eu\/lv\/wp-json\/wp\/v2\/media?parent=39669"}],"wp:term":[{"taxonomy":"product_cat","embeddable":true,"href":"https:\/\/e.kosmolat.eu\/lv\/wp-json\/wp\/v2\/product_cat?post=39669"},{"taxonomy":"product_tag","embeddable":true,"href":"https:\/\/e.kosmolat.eu\/lv\/wp-json\/wp\/v2\/product_tag?post=39669"}],"curies":[{"name":"wp","href":"https:\/\/api.w.org\/{rel}","templated":true}]}}