{"id":39665,"date":"2023-12-22T23:48:55","date_gmt":"2023-12-22T23:48:55","guid":{"rendered":"https:\/\/e.kosmolat.eu\/product\/divo-papira-dvieli-premio-grande-xl-2kart-500-lok\/"},"modified":"2026-01-13T18:46:26","modified_gmt":"2026-01-13T18:46:26","slug":"divo-papira-dvieli-premio-grande-xl-2kart-500-lok","status":"publish","type":"product","link":"https:\/\/e.kosmolat.eu\/lv\/product\/divo-papira-dvieli-premio-grande-xl-2kart-500-lok\/","title":{"rendered":"DIVO Pap\u012bra dvie\u013ci Premio Grande XL, 2k\u0101rt, 500 lok."},"content":{"rendered":"<p>Glab\u0101t saus\u0101 viet\u0101. Der\u012bguma termi\u0146\u0161 neierobe\u017eots.&nbsp;<\/p>\n","protected":false},"excerpt":{"rendered":"<p>Glab\u0101t saus\u0101 viet\u0101. Der\u012bguma termi\u0146\u0161 neierobe\u017eots.&nbsp;<\/p>\n","protected":false},"featured_media":103007,"template":"","meta":[],"product_cat":[1999],"product_tag":[],"class_list":{"0":"post-39665","1":"product","2":"type-product","3":"status-publish","4":"has-post-thumbnail","6":"product_brand-paper-kiev_ua","7":"product_cat-bez-kategorijas","9":"first","10":"instock","11":"taxable","12":"shipping-taxable","13":"product-type-simple"},"_links":{"self":[{"href":"https:\/\/e.kosmolat.eu\/lv\/wp-json\/wp\/v2\/product\/39665","targetHints":{"allow":["GET"]}}],"collection":[{"href":"https:\/\/e.kosmolat.eu\/lv\/wp-json\/wp\/v2\/product"}],"about":[{"href":"https:\/\/e.kosmolat.eu\/lv\/wp-json\/wp\/v2\/types\/product"}],"wp:featuredmedia":[{"embeddable":true,"href":"https:\/\/e.kosmolat.eu\/lv\/wp-json\/wp\/v2\/media\/103007"}],"wp:attachment":[{"href":"https:\/\/e.kosmolat.eu\/lv\/wp-json\/wp\/v2\/media?parent=39665"}],"wp:term":[{"taxonomy":"product_cat","embeddable":true,"href":"https:\/\/e.kosmolat.eu\/lv\/wp-json\/wp\/v2\/product_cat?post=39665"},{"taxonomy":"product_tag","embeddable":true,"href":"https:\/\/e.kosmolat.eu\/lv\/wp-json\/wp\/v2\/product_tag?post=39665"}],"curies":[{"name":"wp","href":"https:\/\/api.w.org\/{rel}","templated":true}]}}