{"id":39661,"date":"2023-12-22T23:48:39","date_gmt":"2023-12-22T23:48:39","guid":{"rendered":"https:\/\/e.kosmolat.eu\/product\/divo-papira-dvieli-premio-grande-2-kart-350-sloksnes\/"},"modified":"2026-04-14T15:27:53","modified_gmt":"2026-04-14T15:27:53","slug":"divo-papira-dvieli-premio-grande-2-kart-350-sloksnes","status":"publish","type":"product","link":"https:\/\/e.kosmolat.eu\/lv\/product\/divo-papira-dvieli-premio-grande-2-kart-350-sloksnes\/","title":{"rendered":"DIVO Pap\u012bra dvie\u013ci Premio Grande, 2 k\u0101rt. 350 sloksnes"},"content":{"rendered":"<p>Glab\u0101t saus\u0101 viet\u0101. Der\u012bguma termi\u0146\u0161 neierobe\u017eots.&nbsp;<\/p>\n","protected":false},"excerpt":{"rendered":"<p>Glab\u0101t saus\u0101 viet\u0101. Der\u012bguma termi\u0146\u0161 neierobe\u017eots.&nbsp;<\/p>\n","protected":false},"featured_media":101021,"template":"","meta":[],"product_cat":[1975],"product_tag":[],"class_list":{"0":"post-39661","1":"product","2":"type-product","3":"status-publish","4":"has-post-thumbnail","6":"product_brand-paper-kiev_ua","7":"product_cat-popieriniai-ranksluosciai","9":"first","10":"instock","11":"taxable","12":"shipping-taxable","13":"product-type-simple"},"_links":{"self":[{"href":"https:\/\/e.kosmolat.eu\/lv\/wp-json\/wp\/v2\/product\/39661","targetHints":{"allow":["GET"]}}],"collection":[{"href":"https:\/\/e.kosmolat.eu\/lv\/wp-json\/wp\/v2\/product"}],"about":[{"href":"https:\/\/e.kosmolat.eu\/lv\/wp-json\/wp\/v2\/types\/product"}],"wp:featuredmedia":[{"embeddable":true,"href":"https:\/\/e.kosmolat.eu\/lv\/wp-json\/wp\/v2\/media\/101021"}],"wp:attachment":[{"href":"https:\/\/e.kosmolat.eu\/lv\/wp-json\/wp\/v2\/media?parent=39661"}],"wp:term":[{"taxonomy":"product_cat","embeddable":true,"href":"https:\/\/e.kosmolat.eu\/lv\/wp-json\/wp\/v2\/product_cat?post=39661"},{"taxonomy":"product_tag","embeddable":true,"href":"https:\/\/e.kosmolat.eu\/lv\/wp-json\/wp\/v2\/product_tag?post=39661"}],"curies":[{"name":"wp","href":"https:\/\/api.w.org\/{rel}","templated":true}]}}