{"id":39657,"date":"2023-12-22T23:48:19","date_gmt":"2023-12-22T23:48:19","guid":{"rendered":"https:\/\/e.kosmolat.eu\/product\/soffipro-basic-papira-dvieli-3-rulli-2-kartas-peleki\/"},"modified":"2026-01-13T10:59:46","modified_gmt":"2026-01-13T10:59:46","slug":"soffipro-basic-papira-dvieli-3-rulli-2-kartas-peleki","status":"publish","type":"product","link":"https:\/\/e.kosmolat.eu\/lv\/product\/soffipro-basic-papira-dvieli-3-rulli-2-kartas-peleki\/","title":{"rendered":"SoffiPRO Basic Pap\u012bra dvie\u013ci, 3 ru\u013cli, 2 k\u0101rtas, pel\u0113ki"},"content":{"rendered":"<p>23\u044522 cm, 110 m\/rullis. 100% p\u0101rstr\u0101d\u0101ta \u0161\u0137iedra.<\/p>\n<p>Glab\u0101t saus\u0101 viet\u0101. Der\u012bguma termi\u0146\u0161 neierobe\u017eots.<\/p>\n","protected":false},"excerpt":{"rendered":"<p>23\u044522 cm, 110 m\/rullis. 100% p\u0101rstr\u0101d\u0101ta \u0161\u0137iedra. Glab\u0101t saus\u0101 viet\u0101. Der\u012bguma termi\u0146\u0161 neierobe\u017eots.<\/p>\n","protected":false},"featured_media":101370,"template":"","meta":[],"product_cat":[2181],"product_tag":[],"class_list":{"0":"post-39657","1":"product","2":"type-product","3":"status-publish","4":"has-post-thumbnail","6":"product_brand-paper-kiev_ua","7":"product_cat-bez-kategorijas-lt","9":"first","10":"instock","11":"taxable","12":"shipping-taxable","13":"product-type-simple"},"_links":{"self":[{"href":"https:\/\/e.kosmolat.eu\/lv\/wp-json\/wp\/v2\/product\/39657","targetHints":{"allow":["GET"]}}],"collection":[{"href":"https:\/\/e.kosmolat.eu\/lv\/wp-json\/wp\/v2\/product"}],"about":[{"href":"https:\/\/e.kosmolat.eu\/lv\/wp-json\/wp\/v2\/types\/product"}],"wp:featuredmedia":[{"embeddable":true,"href":"https:\/\/e.kosmolat.eu\/lv\/wp-json\/wp\/v2\/media\/101370"}],"wp:attachment":[{"href":"https:\/\/e.kosmolat.eu\/lv\/wp-json\/wp\/v2\/media?parent=39657"}],"wp:term":[{"taxonomy":"product_cat","embeddable":true,"href":"https:\/\/e.kosmolat.eu\/lv\/wp-json\/wp\/v2\/product_cat?post=39657"},{"taxonomy":"product_tag","embeddable":true,"href":"https:\/\/e.kosmolat.eu\/lv\/wp-json\/wp\/v2\/product_tag?post=39657"}],"curies":[{"name":"wp","href":"https:\/\/api.w.org\/{rel}","templated":true}]}}