{"id":39653,"date":"2023-12-22T23:48:00","date_gmt":"2023-12-22T23:48:00","guid":{"rendered":"https:\/\/e.kosmolat.eu\/product\/soffipro-basic-v-veida-loci-papira-dvieli-250-gab\/"},"modified":"2026-04-10T12:02:34","modified_gmt":"2026-04-10T12:02:34","slug":"soffipro-basic-v-veida-loci-papira-dvieli-250-gab","status":"publish","type":"product","link":"https:\/\/e.kosmolat.eu\/lv\/product\/soffipro-basic-v-veida-loci-papira-dvieli-250-gab\/","title":{"rendered":"SoffiPRO Basic V-veida loc\u012b. pap\u012bra dvie\u013ci 250 gab."},"content":{"rendered":"<p>21\u044524 cm. 100% p\u0101rstr\u0101d\u0101ta \u0161\u0137iedra.<\/p>\n<p>Glab\u0101t saus\u0101 viet\u0101. Der\u012bguma termi\u0146\u0161 neierobe\u017eots.<\/p>\n","protected":false},"excerpt":{"rendered":"<p>21\u044524 cm. 100% p\u0101rstr\u0101d\u0101ta \u0161\u0137iedra. Glab\u0101t saus\u0101 viet\u0101. Der\u012bguma termi\u0146\u0161 neierobe\u017eots.<\/p>\n","protected":false},"featured_media":103181,"template":"","meta":[],"product_cat":[1808],"product_tag":[],"class_list":{"0":"post-39653","1":"product","2":"type-product","3":"status-publish","4":"has-post-thumbnail","6":"product_brand-paper-kiev_ua","7":"product_cat-dregnos-serveteles-ir-nosines","9":"first","10":"instock","11":"taxable","12":"shipping-taxable","13":"product-type-simple"},"_links":{"self":[{"href":"https:\/\/e.kosmolat.eu\/lv\/wp-json\/wp\/v2\/product\/39653","targetHints":{"allow":["GET"]}}],"collection":[{"href":"https:\/\/e.kosmolat.eu\/lv\/wp-json\/wp\/v2\/product"}],"about":[{"href":"https:\/\/e.kosmolat.eu\/lv\/wp-json\/wp\/v2\/types\/product"}],"wp:featuredmedia":[{"embeddable":true,"href":"https:\/\/e.kosmolat.eu\/lv\/wp-json\/wp\/v2\/media\/103181"}],"wp:attachment":[{"href":"https:\/\/e.kosmolat.eu\/lv\/wp-json\/wp\/v2\/media?parent=39653"}],"wp:term":[{"taxonomy":"product_cat","embeddable":true,"href":"https:\/\/e.kosmolat.eu\/lv\/wp-json\/wp\/v2\/product_cat?post=39653"},{"taxonomy":"product_tag","embeddable":true,"href":"https:\/\/e.kosmolat.eu\/lv\/wp-json\/wp\/v2\/product_tag?post=39653"}],"curies":[{"name":"wp","href":"https:\/\/api.w.org\/{rel}","templated":true}]}}