{"id":39649,"date":"2023-12-22T23:47:30","date_gmt":"2023-12-22T23:47:30","guid":{"rendered":"https:\/\/e.kosmolat.eu\/product\/sh-barojoss-roku-krems-72-ml\/"},"modified":"2025-07-07T05:50:58","modified_gmt":"2025-07-07T05:50:58","slug":"sh-barojoss-roku-krems-72-ml","status":"publish","type":"product","link":"https:\/\/e.kosmolat.eu\/lv\/product\/sh-barojoss-roku-krems-72-ml\/","title":{"rendered":"SH Barojo\u0161s roku kr\u0113ms, 72 ml"},"content":{"rendered":"<p>Intens\u012bvi izl\u012bdzina \u0101du, padara to maigu un m\u012bkstu, pie\u0161\u0137ir rok\u0101m koptu izskatu.&nbsp;Silk Oil Elixir formula ar mikroe\u013c\u013c\u0101m un z\u012bda prote\u012bniem, kas pastiprin\u0101ta ar hialuronu, dzi\u013ci mitrina, atjauno un nov\u0113r\u0161 5 probl\u0113mas, kas saist\u012btas ar \u0101das sausumu: savilkums, raupjums, lob\u012b\u0161an\u0101s, mitruma zudums, elast\u012bbas zudums.<\/p>\n<p>Lietojot kr\u0113mu dienas laik\u0101 vai pirms miega, kop\u0161anas efektivit\u0101te palielin\u0101s 2 reizes. Dienas laik\u0101 kr\u0113ms baro un pasarg\u0101 \u0101du no mitruma zuduma, savuk\u0101rt \u012bpa\u0161ais nakts kr\u0113ms nodro\u0161ina roku \u0101du ar bar\u012bbas viel\u0101m intens\u012bvai atjauno\u0161anai nakts laik\u0101.<\/p>\n<p><strong>Lieto\u0161ana:<\/strong> uzkl\u0101jiet kr\u0113mu uz t\u012bras, sausas roku \u0101das, viegli iemas\u0113jot, l\u012bdz tas piln\u012bb\u0101 uzs\u016bcas. Lietojiet p\u0113c nepiecie\u0161am\u012bbas.<\/p>\n<p>Uzglab\u0101t temperat\u016br\u0101 no +0 &deg;C l\u012bdz +25 &deg;C.<\/p>\n<p><strong>Der\u012bguma termi\u0146\u0161:<\/strong> 36 m\u0113ne\u0161i no izgatavo\u0161anas datuma. P\u0113c atv\u0113r\u0161anas izlietot 6 m\u0113ne\u0161u laik\u0101.<br \/>\n&nbsp;<\/p>\n","protected":false},"excerpt":{"rendered":"<p>Intens\u012bvi izl\u012bdzina \u0101du, padara to maigu un m\u012bkstu, pie\u0161\u0137ir rok\u0101m koptu izskatu.&nbsp;Silk Oil Elixir formula ar mikroe\u013c\u013c\u0101m un z\u012bda prote\u012bniem, kas pastiprin\u0101ta ar hialuronu, dzi\u013ci mitrina, atjauno un nov\u0113r\u0161 5 probl\u0113mas, kas saist\u012btas ar \u0101das sausumu: savilkums, raupjums, lob\u012b\u0161an\u0101s, mitruma zudums, elast\u012bbas zudums. Lietojot kr\u0113mu dienas laik\u0101 vai pirms miega, kop\u0161anas efektivit\u0101te palielin\u0101s 2 reizes. [&#8230;]\n","protected":false},"featured_media":13465,"template":"","meta":[],"product_cat":[1999],"product_tag":[],"class_list":{"0":"post-39649","1":"product","2":"type-product","3":"status-publish","4":"has-post-thumbnail","6":"product_brand-unilever-ua","7":"product_cat-bez-kategorijas","9":"first","10":"outofstock","11":"taxable","12":"shipping-taxable","13":"product-type-simple"},"_links":{"self":[{"href":"https:\/\/e.kosmolat.eu\/lv\/wp-json\/wp\/v2\/product\/39649","targetHints":{"allow":["GET"]}}],"collection":[{"href":"https:\/\/e.kosmolat.eu\/lv\/wp-json\/wp\/v2\/product"}],"about":[{"href":"https:\/\/e.kosmolat.eu\/lv\/wp-json\/wp\/v2\/types\/product"}],"wp:featuredmedia":[{"embeddable":true,"href":"https:\/\/e.kosmolat.eu\/lv\/wp-json\/wp\/v2\/media\/13465"}],"wp:attachment":[{"href":"https:\/\/e.kosmolat.eu\/lv\/wp-json\/wp\/v2\/media?parent=39649"}],"wp:term":[{"taxonomy":"product_cat","embeddable":true,"href":"https:\/\/e.kosmolat.eu\/lv\/wp-json\/wp\/v2\/product_cat?post=39649"},{"taxonomy":"product_tag","embeddable":true,"href":"https:\/\/e.kosmolat.eu\/lv\/wp-json\/wp\/v2\/product_tag?post=39649"}],"curies":[{"name":"wp","href":"https:\/\/api.w.org\/{rel}","templated":true}]}}