{"id":39633,"date":"2023-12-22T23:45:24","date_gmt":"2023-12-22T23:45:24","guid":{"rendered":"https:\/\/e.kosmolat.eu\/product\/dp-tualetes-poda-tir-zeleja-aplikuma-nonemsanai-700-ml\/"},"modified":"2026-04-21T13:27:06","modified_gmt":"2026-04-21T13:27:06","slug":"dp-tualetes-poda-tir-zeleja-aplikuma-nonemsanai-700-ml","status":"publish","type":"product","link":"https:\/\/e.kosmolat.eu\/lv\/product\/dp-tualetes-poda-tir-zeleja-aplikuma-nonemsanai-700-ml\/","title":{"rendered":"DP Tualetes poda t\u012br.\u017eeleja. aplikuma no\u0146em\u0161anai, 700 ml"},"content":{"rendered":"<p>Aromatiz\u0113ts l\u012bdzeklis ka\u013c\u0137akmens no\u0146em\u0161anai un tualetes poda higi\u0113nai. Nezaud\u0113 aktivit\u0101ti pat \u016bden\u012b, viegli no\u0146em net\u012brumus un ka\u013c\u0137akmeni gr\u016bti pieejam\u0101s viet\u0101m. \u017delejas formula ar sp\u0113c\u012bgu t\u012bro\u0161u iedarb\u012bbu vienm\u0113r\u012bgi piel\u012bp pie virsmas.<\/p>\n<p><strong>Lieto\u0161ana:<\/strong> Lai atv\u0113rtu iepakojumu, nospiediet uz mar\u0137\u0113t\u0101m mal\u0101m ab\u0101s v\u0101ka pus\u0113s un pagrieziet to pret\u0113ji pulkste\u0146r\u0101d\u012bt\u0101ja virzienam. Uzkl\u0101jiet l\u012bdzekli uz tualetes poda virsmas. \u013baujiet iedarboties vismaz 1 stundu ar paceltu tualetes poda v\u0101ku. Paberziet virsmu ar birsti un noskalojiet ar \u016bdeni. Nelietot uz met\u0101la, emalj\u0113t\u0101m, marmora un cit\u0101m virsm\u0101m, kur\u0101m var kait\u0113t \u0161is l\u012bdzeklis. Ja nok\u013c\u016bst saskar\u0113 ar nekeramisku virsmu, nekav\u0113joties noskalojiet ar \u016bdeni. P\u0101rliecinieties, ka p\u0113c lieto\u0161anas uz iepakojuma nav paliku\u0161as l\u012bdzek\u013ca paliekas, lai izvair\u012btos no nekeramisko virsmu boj\u0101jumiem.<\/p>\n<p><strong>Sast\u0101v\u0101:<\/strong> maz\u0101k par 5 % citronsk\u0101bes, maz\u0101k par 5 % nejonu virsmakt\u012bvaj\u0101s viel\u0101s. Smar\u017eas un arom\u0101tisk\u0101s kompoz\u012bcijas\/ Terpineol, Camphor, Terpinolene. Konservanti: Methylchloroisothiazolinone\/ Methylisothiazolinone.<\/p>\n<p>&nbsp;<\/p>\n<p><strong>EUH208<\/strong> Satur: reakcijas masa: 5-hlor-2-metil- 2H-izotiazol-3-ons; 2-metil-2H- izotiazol-3-ons (3:1). Var izrais\u012bt aler\u0123isku reakciju.&nbsp;&nbsp;&nbsp;&nbsp;&nbsp;<br \/>\nDro&scaron;\u012bbas pras\u012bbu apz\u012bm\u0113jumi:<br \/>\nP101 Medic\u012bniska padoma nepiecie&scaron;am\u012bbas gad\u012bjum\u0101 attiec\u012bg\u0101 inform\u0101cija ir nor\u0101d\u012bta uz iepakojuma vai eti\u0137etes.<br \/>\nP102 Sarg\u0101t no b\u0113rniem.<br \/>\nP103 Pirms izmanto&scaron;anas izlas\u012bt eti\u0137eti.<\/p>\n","protected":false},"excerpt":{"rendered":"<p>Aromatiz\u0113ts l\u012bdzeklis ka\u013c\u0137akmens no\u0146em\u0161anai un tualetes poda higi\u0113nai. Nezaud\u0113 aktivit\u0101ti pat \u016bden\u012b, viegli no\u0146em net\u012brumus un ka\u013c\u0137akmeni gr\u016bti pieejam\u0101s viet\u0101m. \u017delejas formula ar sp\u0113c\u012bgu t\u012bro\u0161u iedarb\u012bbu vienm\u0113r\u012bgi piel\u012bp pie virsmas. Lieto\u0161ana: Lai atv\u0113rtu iepakojumu, nospiediet uz mar\u0137\u0113t\u0101m mal\u0101m ab\u0101s v\u0101ka pus\u0113s un pagrieziet to pret\u0113ji pulkste\u0146r\u0101d\u012bt\u0101ja virzienam. Uzkl\u0101jiet l\u012bdzekli uz tualetes poda virsmas. \u013baujiet iedarboties [&#8230;]\n","protected":false},"featured_media":98567,"template":"","meta":[],"product_cat":[1451],"product_tag":[],"class_list":{"0":"post-39633","1":"product","2":"type-product","3":"status-publish","4":"has-post-thumbnail","6":"product_brand-italchimica-it","7":"product_cat-vannas-istabai-un-tualetei","9":"first","10":"instock","11":"taxable","12":"shipping-taxable","13":"product-type-simple"},"_links":{"self":[{"href":"https:\/\/e.kosmolat.eu\/lv\/wp-json\/wp\/v2\/product\/39633","targetHints":{"allow":["GET"]}}],"collection":[{"href":"https:\/\/e.kosmolat.eu\/lv\/wp-json\/wp\/v2\/product"}],"about":[{"href":"https:\/\/e.kosmolat.eu\/lv\/wp-json\/wp\/v2\/types\/product"}],"wp:featuredmedia":[{"embeddable":true,"href":"https:\/\/e.kosmolat.eu\/lv\/wp-json\/wp\/v2\/media\/98567"}],"wp:attachment":[{"href":"https:\/\/e.kosmolat.eu\/lv\/wp-json\/wp\/v2\/media?parent=39633"}],"wp:term":[{"taxonomy":"product_cat","embeddable":true,"href":"https:\/\/e.kosmolat.eu\/lv\/wp-json\/wp\/v2\/product_cat?post=39633"},{"taxonomy":"product_tag","embeddable":true,"href":"https:\/\/e.kosmolat.eu\/lv\/wp-json\/wp\/v2\/product_tag?post=39633"}],"curies":[{"name":"wp","href":"https:\/\/api.w.org\/{rel}","templated":true}]}}