{"id":39609,"date":"2023-12-22T23:42:40","date_gmt":"2023-12-22T23:42:40","guid":{"rendered":"https:\/\/e.kosmolat.eu\/product\/dp-metalisko-visrmu-attaukotajs-sprejs-500-ml\/"},"modified":"2026-04-04T08:39:17","modified_gmt":"2026-04-04T08:39:17","slug":"dp-metalisko-visrmu-attaukotajs-sprejs-500-ml","status":"publish","type":"product","link":"https:\/\/e.kosmolat.eu\/lv\/product\/dp-metalisko-visrmu-attaukotajs-sprejs-500-ml\/","title":{"rendered":"DP Met\u0101lisko visrmu attaukot\u0101js, sprejs, 500 ml"},"content":{"rendered":"<p>L\u012bdzeklis tauku att\u012br\u012b\u0161anai no vis\u0101m t\u0113rauda, ner\u016bs\u0113jo\u0161\u0101 t\u0113rauda, vara un misi\u0146a virsm\u0101m, virtuves iek\u0101rt\u0101m un piederumiem.<\/p>\n<p>Dzi\u013ci att\u012bra, likvid\u0113jot taukus un ka\u013c\u0137akmens aplikumu, neatst\u0101jot sv\u012btras, sniedzot pat\u012bkamu arom\u0101tu. Veido aizsargpl\u0113vi, kas nov\u0113r\u0161 jaunu net\u012brumu un ka\u013c\u0137akmens uzkr\u0101\u0161anos.<\/p>\n<p><strong>Lieto\u0161ana: <\/strong>L\u012bdzeklis ir gatavs lieto\u0161anai. Izsmidziniet un vienm\u0113r\u012bgi izkl\u0101jiet pa virsmu ar mitru dr\u0101nu. Noskalojiet ar t\u012bru \u016bdeni.<\/p>\n<p><strong>Sast\u0101v\u0101: <\/strong>maz\u0101k par 5 % nejonu virsmakt\u012bvo vielu. Smar\u017eas un arom\u0101tisk\u0101s kompoz\u012bcijas. Konservanti: Benzisothiazolinone\/ Methylchloroisothiazolinone\/ Methylisothiazolinone.<\/p>\n<p>&nbsp;<\/p>\n<p><strong>EUH208<\/strong><br \/>\nSatur: Metilhlorizotiazolinons un metilizotiazolinons. Var izrais\u012bt aler\u0123isku reakciju.<br \/>\nDro\u0161\u012bbas pras\u012bbu apz\u012bm\u0113jumi:<br \/>\nP101 Medic\u012bniska padoma nepiecie\u0161am\u012bbas gad\u012bjum\u0101 attiec\u012bg\u0101 inform\u0101cija ir nor\u0101d\u012bta uz iepakojuma vai eti\u0137etes.<br \/>\nP102 Sarg\u0101t no b\u0113rniem.<br \/>\nP103 Pirms izmanto\u0161anas izlas\u012bt eti\u0137eti.<br \/>\n&nbsp;<\/p>\n","protected":false},"excerpt":{"rendered":"<p>L\u012bdzeklis tauku att\u012br\u012b\u0161anai no vis\u0101m t\u0113rauda, ner\u016bs\u0113jo\u0161\u0101 t\u0113rauda, vara un misi\u0146a virsm\u0101m, virtuves iek\u0101rt\u0101m un piederumiem. Dzi\u013ci att\u012bra, likvid\u0113jot taukus un ka\u013c\u0137akmens aplikumu, neatst\u0101jot sv\u012btras, sniedzot pat\u012bkamu arom\u0101tu. Veido aizsargpl\u0113vi, kas nov\u0113r\u0161 jaunu net\u012brumu un ka\u013c\u0137akmens uzkr\u0101\u0161anos. Lieto\u0161ana: L\u012bdzeklis ir gatavs lieto\u0161anai. Izsmidziniet un vienm\u0113r\u012bgi izkl\u0101jiet pa virsmu ar mitru dr\u0101nu. Noskalojiet ar t\u012bru \u016bdeni. [&#8230;]\n","protected":false},"featured_media":99252,"template":"","meta":[],"product_cat":[1999],"product_tag":[],"class_list":{"0":"post-39609","1":"product","2":"type-product","3":"status-publish","4":"has-post-thumbnail","6":"product_brand-italchimica-it","7":"product_cat-bez-kategorijas","9":"first","10":"instock","11":"taxable","12":"shipping-taxable","13":"product-type-simple"},"_links":{"self":[{"href":"https:\/\/e.kosmolat.eu\/lv\/wp-json\/wp\/v2\/product\/39609","targetHints":{"allow":["GET"]}}],"collection":[{"href":"https:\/\/e.kosmolat.eu\/lv\/wp-json\/wp\/v2\/product"}],"about":[{"href":"https:\/\/e.kosmolat.eu\/lv\/wp-json\/wp\/v2\/types\/product"}],"wp:featuredmedia":[{"embeddable":true,"href":"https:\/\/e.kosmolat.eu\/lv\/wp-json\/wp\/v2\/media\/99252"}],"wp:attachment":[{"href":"https:\/\/e.kosmolat.eu\/lv\/wp-json\/wp\/v2\/media?parent=39609"}],"wp:term":[{"taxonomy":"product_cat","embeddable":true,"href":"https:\/\/e.kosmolat.eu\/lv\/wp-json\/wp\/v2\/product_cat?post=39609"},{"taxonomy":"product_tag","embeddable":true,"href":"https:\/\/e.kosmolat.eu\/lv\/wp-json\/wp\/v2\/product_tag?post=39609"}],"curies":[{"name":"wp","href":"https:\/\/api.w.org\/{rel}","templated":true}]}}