{"id":39601,"date":"2023-12-22T23:41:52","date_gmt":"2023-12-22T23:41:52","guid":{"rendered":"https:\/\/e.kosmolat.eu\/product\/deba-nb-barojoss-sampuns-ar-kumeliti-un-medu-500-ml\/"},"modified":"2026-04-23T08:26:29","modified_gmt":"2026-04-23T08:26:29","slug":"deba-nb-barojoss-sampuns-ar-kumeliti-un-medu-500-ml","status":"publish","type":"product","link":"https:\/\/e.kosmolat.eu\/lv\/product\/deba-nb-barojoss-sampuns-ar-kumeliti-un-medu-500-ml\/","title":{"rendered":"DeBa NB Barojo\u0161s \u0161amp\u016bns ar kumel\u012bti un medu, 500 ml"},"content":{"rendered":"<p>&Scaron;amp\u016bns boj\u0101tiem matiem ar kumel\u012btes un medus ekstraktiem.<\/p>\n<p>Akt\u012bv\u0101s sast\u0101vda\u013cas: kumel\u012btes ekstrakts &ndash; elast\u012bba, medus ekstrakts &ndash; sp\u012bdums. 93% dab\u012bgas sast\u0101vda\u013cas.<\/p>\n<p>Formula pie\u0161\u0137ir matiem m\u012bkstumu, ener\u0123iju un elast\u012bbu. Formulai piem\u012bt mitrino\u0161s un m\u012bkstino\u0161s efekts, t\u0101 pie\u0161\u0137ir matiem apjomu un sp\u012bdumu.<\/p>\n<p><strong>Lieto\u0161ana: <\/strong>uzkl\u0101jiet uz mitriem matiem, tad r\u016bp\u012bgi izskalojiet ar lielu daudzumu \u016bdens. Optim\u0101lam rezult\u0101tam izmantojiet kop\u0101 ar DeBa Natural Beauty kondicionieri. Ja iek\u013c\u016bst ac\u012bs, r\u016bp\u012bgi izskalojiet ar lielu daudzumu \u016bdens.<br \/>\n&nbsp;<\/p>\n","protected":false},"excerpt":{"rendered":"<p>&Scaron;amp\u016bns boj\u0101tiem matiem ar kumel\u012btes un medus ekstraktiem. Akt\u012bv\u0101s sast\u0101vda\u013cas: kumel\u012btes ekstrakts &ndash; elast\u012bba, medus ekstrakts &ndash; sp\u012bdums. 93% dab\u012bgas sast\u0101vda\u013cas. Formula pie\u0161\u0137ir matiem m\u012bkstumu, ener\u0123iju un elast\u012bbu. Formulai piem\u012bt mitrino\u0161s un m\u012bkstino\u0161s efekts, t\u0101 pie\u0161\u0137ir matiem apjomu un sp\u012bdumu. Lieto\u0161ana: uzkl\u0101jiet uz mitriem matiem, tad r\u016bp\u012bgi izskalojiet ar lielu daudzumu \u016bdens. Optim\u0101lam rezult\u0101tam izmantojiet [&#8230;]\n","protected":false},"featured_media":99437,"template":"","meta":[],"product_cat":[1252],"product_tag":[],"class_list":{"0":"post-39601","1":"product","2":"type-product","3":"status-publish","4":"has-post-thumbnail","6":"product_brand-rubella-bg","7":"product_cat-1252","9":"first","10":"instock","11":"taxable","12":"shipping-taxable","13":"product-type-simple"},"_links":{"self":[{"href":"https:\/\/e.kosmolat.eu\/lv\/wp-json\/wp\/v2\/product\/39601","targetHints":{"allow":["GET"]}}],"collection":[{"href":"https:\/\/e.kosmolat.eu\/lv\/wp-json\/wp\/v2\/product"}],"about":[{"href":"https:\/\/e.kosmolat.eu\/lv\/wp-json\/wp\/v2\/types\/product"}],"wp:featuredmedia":[{"embeddable":true,"href":"https:\/\/e.kosmolat.eu\/lv\/wp-json\/wp\/v2\/media\/99437"}],"wp:attachment":[{"href":"https:\/\/e.kosmolat.eu\/lv\/wp-json\/wp\/v2\/media?parent=39601"}],"wp:term":[{"taxonomy":"product_cat","embeddable":true,"href":"https:\/\/e.kosmolat.eu\/lv\/wp-json\/wp\/v2\/product_cat?post=39601"},{"taxonomy":"product_tag","embeddable":true,"href":"https:\/\/e.kosmolat.eu\/lv\/wp-json\/wp\/v2\/product_tag?post=39601"}],"curies":[{"name":"wp","href":"https:\/\/api.w.org\/{rel}","templated":true}]}}