{"id":39593,"date":"2023-12-22T23:40:55","date_gmt":"2023-12-22T23:40:55","guid":{"rendered":"https:\/\/e.kosmolat.eu\/product\/deba-nb-mitrin-samp-ar-kokosr-un-organ-arganellu-500-ml\/"},"modified":"2026-04-20T10:12:39","modified_gmt":"2026-04-20T10:12:39","slug":"deba-nb-mitrin-samp-ar-kokosr-un-organ-arganellu-500-ml","status":"publish","type":"product","link":"https:\/\/e.kosmolat.eu\/lv\/product\/deba-nb-mitrin-samp-ar-kokosr-un-organ-arganellu-500-ml\/","title":{"rendered":"DeBa NB Mitrin.\u0161amp.ar kokosr.un organ.arg\u0101ne\u013clu, 500 ml"},"content":{"rendered":"<p>&Scaron;amp\u016bns pl\u0101niem un nov\u0101jin\u0101tiem matiem ar kokosriekstu un organisko argana e\u013c\u013cu.<\/p>\n<p>Akt\u012bv\u0101s sast\u0101vda\u013cas: kokosriekstu e\u013c\u013ca &ndash; mitrina, organisk\u0101 argana e\u013c\u013ca &ndash; baro. 93% dab\u012bgas sast\u0101vda\u013cas.<\/p>\n<p>Formula pie\u0161\u0137ir matiem elast\u012bbu, iztur\u012bbu ener\u0123iju. Baro galvas \u0101du un matus, pie\u0161\u0137ir sp\u012bdumu. Sniedz pat\u012bkamu un ilgsto\u0161u svaiguma saj\u016btu visas dienas garum\u0101.<\/p>\n<p><strong>Lieto\u0161ana:<\/strong> uzkl\u0101jiet uz mitriem matiem, tad r\u016bp\u012bgi izskalojiet ar lielu daudzumu \u016bdens. Optim\u0101lam rezult\u0101tam izmantojiet kop\u0101 ar DeBa Natural Beauty kondicionieri. Ja iek\u013c\u016bst ac\u012bs, r\u016bp\u012bgi izskalojiet ar lielu daudzumu \u016bdens.<br \/>\n&nbsp;<\/p>\n","protected":false},"excerpt":{"rendered":"<p>&Scaron;amp\u016bns pl\u0101niem un nov\u0101jin\u0101tiem matiem ar kokosriekstu un organisko argana e\u013c\u013cu. Akt\u012bv\u0101s sast\u0101vda\u013cas: kokosriekstu e\u013c\u013ca &ndash; mitrina, organisk\u0101 argana e\u013c\u013ca &ndash; baro. 93% dab\u012bgas sast\u0101vda\u013cas. Formula pie\u0161\u0137ir matiem elast\u012bbu, iztur\u012bbu ener\u0123iju. Baro galvas \u0101du un matus, pie\u0161\u0137ir sp\u012bdumu. Sniedz pat\u012bkamu un ilgsto\u0161u svaiguma saj\u016btu visas dienas garum\u0101. Lieto\u0161ana: uzkl\u0101jiet uz mitriem matiem, tad r\u016bp\u012bgi izskalojiet [&#8230;]\n","protected":false},"featured_media":100108,"template":"","meta":[],"product_cat":[1252],"product_tag":[],"class_list":{"0":"post-39593","1":"product","2":"type-product","3":"status-publish","4":"has-post-thumbnail","6":"product_brand-rubella-bg","7":"product_cat-1252","9":"first","10":"instock","11":"taxable","12":"shipping-taxable","13":"product-type-simple"},"_links":{"self":[{"href":"https:\/\/e.kosmolat.eu\/lv\/wp-json\/wp\/v2\/product\/39593","targetHints":{"allow":["GET"]}}],"collection":[{"href":"https:\/\/e.kosmolat.eu\/lv\/wp-json\/wp\/v2\/product"}],"about":[{"href":"https:\/\/e.kosmolat.eu\/lv\/wp-json\/wp\/v2\/types\/product"}],"wp:featuredmedia":[{"embeddable":true,"href":"https:\/\/e.kosmolat.eu\/lv\/wp-json\/wp\/v2\/media\/100108"}],"wp:attachment":[{"href":"https:\/\/e.kosmolat.eu\/lv\/wp-json\/wp\/v2\/media?parent=39593"}],"wp:term":[{"taxonomy":"product_cat","embeddable":true,"href":"https:\/\/e.kosmolat.eu\/lv\/wp-json\/wp\/v2\/product_cat?post=39593"},{"taxonomy":"product_tag","embeddable":true,"href":"https:\/\/e.kosmolat.eu\/lv\/wp-json\/wp\/v2\/product_tag?post=39593"}],"curies":[{"name":"wp","href":"https:\/\/api.w.org\/{rel}","templated":true}]}}