{"id":39589,"date":"2023-12-22T23:40:27","date_gmt":"2023-12-22T23:40:27","guid":{"rendered":"https:\/\/e.kosmolat.eu\/product\/deba-nb-mitrinoss-sampuns-ar-abolu-un-alveju-500-ml\/"},"modified":"2026-04-20T08:04:46","modified_gmt":"2026-04-20T08:04:46","slug":"deba-nb-mitrinoss-sampuns-ar-abolu-un-alveju-500-ml","status":"publish","type":"product","link":"https:\/\/e.kosmolat.eu\/lv\/product\/deba-nb-mitrinoss-sampuns-ar-abolu-un-alveju-500-ml\/","title":{"rendered":"DeBa NB Mitrino\u0161s \u0161amp\u016bns ar \u0101bolu un alveju, 500 ml"},"content":{"rendered":"<p>&Scaron;amp\u016bns ar \u0101bolu un alvejas ekstraktu.<\/p>\n<p>Akt\u012bv\u0101s sast\u0101vda\u013cas: \u0101bolu ekstrakts &ndash; mitrina, alvejas ekstrakts &ndash; mitrina. 93% dab\u012bgo sast\u0101vda\u013cu.&nbsp;<\/p>\n<p>Formula ir paredz\u0113ta visiem matu tipiem, att\u012bra un mitrina matus, padarot tos m\u012bkstus un elast\u012bgus. Piem\u0113rots ikdienas lieto\u0161anai.<\/p>\n<p><strong>Lieto\u0161ana:<\/strong> uzkl\u0101jiet uz mitriem matiem, tad r\u016bp\u012bgi izskalojiet ar lielu daudzumu \u016bdens. Optim\u0101lam rezult\u0101tam izmantojiet kop\u0101 ar DeBa Natural Beauty kondicionieri. Ja iek\u013c\u016bst ac\u012bs, r\u016bp\u012bgi izskalojiet ar lielu daudzumu \u016bdens.<\/p>\n","protected":false},"excerpt":{"rendered":"<p>&Scaron;amp\u016bns ar \u0101bolu un alvejas ekstraktu. Akt\u012bv\u0101s sast\u0101vda\u013cas: \u0101bolu ekstrakts &ndash; mitrina, alvejas ekstrakts &ndash; mitrina. 93% dab\u012bgo sast\u0101vda\u013cu.&nbsp; Formula ir paredz\u0113ta visiem matu tipiem, att\u012bra un mitrina matus, padarot tos m\u012bkstus un elast\u012bgus. Piem\u0113rots ikdienas lieto\u0161anai. Lieto\u0161ana: uzkl\u0101jiet uz mitriem matiem, tad r\u016bp\u012bgi izskalojiet ar lielu daudzumu \u016bdens. Optim\u0101lam rezult\u0101tam izmantojiet kop\u0101 ar DeBa [&#8230;]\n","protected":false},"featured_media":102198,"template":"","meta":[],"product_cat":[1252],"product_tag":[],"class_list":{"0":"post-39589","1":"product","2":"type-product","3":"status-publish","4":"has-post-thumbnail","6":"product_brand-rubella-bg","7":"product_cat-1252","9":"first","10":"instock","11":"taxable","12":"shipping-taxable","13":"product-type-simple"},"_links":{"self":[{"href":"https:\/\/e.kosmolat.eu\/lv\/wp-json\/wp\/v2\/product\/39589","targetHints":{"allow":["GET"]}}],"collection":[{"href":"https:\/\/e.kosmolat.eu\/lv\/wp-json\/wp\/v2\/product"}],"about":[{"href":"https:\/\/e.kosmolat.eu\/lv\/wp-json\/wp\/v2\/types\/product"}],"wp:featuredmedia":[{"embeddable":true,"href":"https:\/\/e.kosmolat.eu\/lv\/wp-json\/wp\/v2\/media\/102198"}],"wp:attachment":[{"href":"https:\/\/e.kosmolat.eu\/lv\/wp-json\/wp\/v2\/media?parent=39589"}],"wp:term":[{"taxonomy":"product_cat","embeddable":true,"href":"https:\/\/e.kosmolat.eu\/lv\/wp-json\/wp\/v2\/product_cat?post=39589"},{"taxonomy":"product_tag","embeddable":true,"href":"https:\/\/e.kosmolat.eu\/lv\/wp-json\/wp\/v2\/product_tag?post=39589"}],"curies":[{"name":"wp","href":"https:\/\/api.w.org\/{rel}","templated":true}]}}