{"id":39585,"date":"2023-12-22T23:40:08","date_gmt":"2023-12-22T23:40:08","guid":{"rendered":"https:\/\/e.kosmolat.eu\/product\/top-ten-pretblaugznu-sampuns-viriesiem-250-ml\/"},"modified":"2025-07-31T10:41:05","modified_gmt":"2025-07-31T10:41:05","slug":"top-ten-pretblaugznu-sampuns-viriesiem-250-ml","status":"publish","type":"product","link":"https:\/\/e.kosmolat.eu\/lv\/product\/top-ten-pretblaugznu-sampuns-viriesiem-250-ml\/","title":{"rendered":"TOP TEN Pretblaugznu \u0161amp\u016bns v\u012brie\u0161iem, 250 ml"},"content":{"rendered":"<p>\u0160amp\u016bns att\u012bra galvas \u0101du, piln\u012bb\u0101 nov\u0113r\u0161ot blaugznas. \u012apa\u0161i izstr\u0101d\u0101t\u0101 formula satur akt\u012bv\u0113t\u0101s ogles un kofe\u012bna kompleksu. Aktiv\u0113t\u0101 ogle maigi att\u012bra galvas \u0101du, samazina matu taukain\u012bbu, savuk\u0101rt kofe\u012bns mazina matu izkri\u0161anu. P\u0113c 4 ned\u0113\u013cu lieto\u0161anas Top Ten pretblaugznu \u0161amp\u016bns v\u012brie\u0161iem b\u016btiski uzlabo galvas \u0101das st\u0101vokli un efekt\u012bvi nov\u0113r\u0161 blaugznas. Piem\u0113rots visiem matu tipiem, ikdienas lieto\u0161anai. Dermatolo\u0123iski p\u0101rbaud\u012bts.<\/p>\n<p>Lieto\u0161ana: Uzkl\u0101jiet uz mitriem matiem, saputojiet, p\u0113c tam r\u016bp\u012bgi noskalojiet ar lielu daudzumu \u016bdens. Ja nepiecie\u0161ams, atk\u0101rtojiet proced\u016bru. Ja iek\u013c\u016bst ac\u012bs, r\u016bp\u012bgi izskalojiet ar lielu daudzumu \u016bdens.<\/p>\n","protected":false},"excerpt":{"rendered":"<p>\u0160amp\u016bns att\u012bra galvas \u0101du, piln\u012bb\u0101 nov\u0113r\u0161ot blaugznas. \u012apa\u0161i izstr\u0101d\u0101t\u0101 formula satur akt\u012bv\u0113t\u0101s ogles un kofe\u012bna kompleksu. Aktiv\u0113t\u0101 ogle maigi att\u012bra galvas \u0101du, samazina matu taukain\u012bbu, savuk\u0101rt kofe\u012bns mazina matu izkri\u0161anu. P\u0113c 4 ned\u0113\u013cu lieto\u0161anas Top Ten pretblaugznu \u0161amp\u016bns v\u012brie\u0161iem b\u016btiski uzlabo galvas \u0101das st\u0101vokli un efekt\u012bvi nov\u0113r\u0161 blaugznas. Piem\u0113rots visiem matu tipiem, ikdienas lieto\u0161anai. Dermatolo\u0123iski [&#8230;]\n","protected":false},"featured_media":740,"template":"","meta":[],"product_cat":[1686],"product_tag":[],"class_list":{"0":"post-39585","1":"product","2":"type-product","3":"status-publish","4":"has-post-thumbnail","6":"product_brand-rubella-bg","7":"product_cat-matu-kopsanai","9":"first","10":"outofstock","11":"taxable","12":"shipping-taxable","13":"product-type-simple"},"_links":{"self":[{"href":"https:\/\/e.kosmolat.eu\/lv\/wp-json\/wp\/v2\/product\/39585","targetHints":{"allow":["GET"]}}],"collection":[{"href":"https:\/\/e.kosmolat.eu\/lv\/wp-json\/wp\/v2\/product"}],"about":[{"href":"https:\/\/e.kosmolat.eu\/lv\/wp-json\/wp\/v2\/types\/product"}],"wp:featuredmedia":[{"embeddable":true,"href":"https:\/\/e.kosmolat.eu\/lv\/wp-json\/wp\/v2\/media\/740"}],"wp:attachment":[{"href":"https:\/\/e.kosmolat.eu\/lv\/wp-json\/wp\/v2\/media?parent=39585"}],"wp:term":[{"taxonomy":"product_cat","embeddable":true,"href":"https:\/\/e.kosmolat.eu\/lv\/wp-json\/wp\/v2\/product_cat?post=39585"},{"taxonomy":"product_tag","embeddable":true,"href":"https:\/\/e.kosmolat.eu\/lv\/wp-json\/wp\/v2\/product_tag?post=39585"}],"curies":[{"name":"wp","href":"https:\/\/api.w.org\/{rel}","templated":true}]}}