{"id":39581,"date":"2023-12-22T23:39:47","date_gmt":"2023-12-22T23:39:47","guid":{"rendered":"https:\/\/e.kosmolat.eu\/product\/deba-nb-baroj-matu-kondic-ar-kumeliti-un-medu-500-ml\/"},"modified":"2026-04-15T06:37:38","modified_gmt":"2026-04-15T06:37:38","slug":"deba-nb-baroj-matu-kondic-ar-kumeliti-un-medu-500-ml","status":"publish","type":"product","link":"https:\/\/e.kosmolat.eu\/lv\/product\/deba-nb-baroj-matu-kondic-ar-kumeliti-un-medu-500-ml\/","title":{"rendered":"DeBa NB Baroj.matu kondic.ar kumel\u012bti un medu, 500 ml"},"content":{"rendered":"<p>Kondicionieris boj\u0101tiem matiem ar kumel\u012btes un medus ekstraktiem.<\/p>\n<p>Akt\u012bv\u0101s sast\u0101vda\u013cas: kumel\u012btes ekstrakts &ndash; elast\u012bba, medus ekstrakts &ndash; sp\u012bdums. 93% dab\u012bgo sast\u0101vda\u013cu.<\/p>\n<p>Formula piem\u0113rota sausiem matiem, ikdienas lieto\u0161anai. Baro matus, padarot tos m\u012bkstus un elast\u012bgus.<\/p>\n<p><strong>Lieto\u0161ana:<\/strong> uzkl\u0101jiet uz izmazg\u0101tiem matiem, \u012bpa\u0161u uzman\u012bbu piev\u0113r\u0161ot sausiem matu galiem. \u013baujiet iedarboties da\u017eas min\u016btes un noskalojiet.<\/p>\n","protected":false},"excerpt":{"rendered":"<p>Kondicionieris boj\u0101tiem matiem ar kumel\u012btes un medus ekstraktiem. Akt\u012bv\u0101s sast\u0101vda\u013cas: kumel\u012btes ekstrakts &ndash; elast\u012bba, medus ekstrakts &ndash; sp\u012bdums. 93% dab\u012bgo sast\u0101vda\u013cu. Formula piem\u0113rota sausiem matiem, ikdienas lieto\u0161anai. Baro matus, padarot tos m\u012bkstus un elast\u012bgus. Lieto\u0161ana: uzkl\u0101jiet uz izmazg\u0101tiem matiem, \u012bpa\u0161u uzman\u012bbu piev\u0113r\u0161ot sausiem matu galiem. \u013baujiet iedarboties da\u017eas min\u016btes un noskalojiet.<\/p>\n","protected":false},"featured_media":102226,"template":"","meta":[],"product_cat":[1639],"product_tag":[],"class_list":{"0":"post-39581","1":"product","2":"type-product","3":"status-publish","4":"has-post-thumbnail","6":"product_brand-rubella-bg","7":"product_cat-1639","9":"first","10":"instock","11":"taxable","12":"shipping-taxable","13":"product-type-simple"},"_links":{"self":[{"href":"https:\/\/e.kosmolat.eu\/lv\/wp-json\/wp\/v2\/product\/39581","targetHints":{"allow":["GET"]}}],"collection":[{"href":"https:\/\/e.kosmolat.eu\/lv\/wp-json\/wp\/v2\/product"}],"about":[{"href":"https:\/\/e.kosmolat.eu\/lv\/wp-json\/wp\/v2\/types\/product"}],"wp:featuredmedia":[{"embeddable":true,"href":"https:\/\/e.kosmolat.eu\/lv\/wp-json\/wp\/v2\/media\/102226"}],"wp:attachment":[{"href":"https:\/\/e.kosmolat.eu\/lv\/wp-json\/wp\/v2\/media?parent=39581"}],"wp:term":[{"taxonomy":"product_cat","embeddable":true,"href":"https:\/\/e.kosmolat.eu\/lv\/wp-json\/wp\/v2\/product_cat?post=39581"},{"taxonomy":"product_tag","embeddable":true,"href":"https:\/\/e.kosmolat.eu\/lv\/wp-json\/wp\/v2\/product_tag?post=39581"}],"curies":[{"name":"wp","href":"https:\/\/api.w.org\/{rel}","templated":true}]}}