{"id":39577,"date":"2023-12-22T23:39:21","date_gmt":"2023-12-22T23:39:21","guid":{"rendered":"https:\/\/e.kosmolat.eu\/product\/quack-quack-baroj-pienins-berniem-ar-a-un-e-vit-200-ml\/"},"modified":"2025-08-11T11:51:07","modified_gmt":"2025-08-11T11:51:07","slug":"quack-quack-baroj-pienins-berniem-ar-a-un-e-vit-200-ml","status":"publish","type":"product","link":"https:\/\/e.kosmolat.eu\/lv\/product\/quack-quack-baroj-pienins-berniem-ar-a-un-e-vit-200-ml\/","title":{"rendered":"QUACK QUACK Baroj.pieni\u0146\u0161 b\u0113rniem ar A un E vit., 200 ml"},"content":{"rendered":"<p>Barojo\u0161s pieni\u0146\u0161 b\u0113rniem ar A un E vitam\u012bniem un kumel\u012b\u0161u arom\u0101tu nomierina un m\u012bkstina b\u0113rna \u0101du. Viegli uzs\u016bcas, neatst\u0101jot taukainas p\u0113das. Dermatolo\u0123iski p\u0101rbaud\u012bts. Piem\u0113rots ikdienas lieto\u0161anai. Nesatur silikonus. Nav piem\u0113rots b\u0113rniem l\u012bdz 3 gadu vecumam.<\/p>\n<p>Vitam\u012bni A un E uztur \u0101du vesel\u012bgu, maigu un elast\u012bgu. Satur 93% dab\u012bgu sast\u0101vda\u013cu.<\/p>\n<p><strong>Lieto\u0161ana:<\/strong> uzkl\u0101t uz t\u012bras \u0101das. Viegli pamas\u0113t ar viegl\u0101m ap\u013cveida kust\u012bb\u0101m, l\u012bdz pieni\u0146\u0161 piln\u012bb\u0101 uzs\u016bcas.<br \/>\n&nbsp;<\/p>\n","protected":false},"excerpt":{"rendered":"<p>Barojo\u0161s pieni\u0146\u0161 b\u0113rniem ar A un E vitam\u012bniem un kumel\u012b\u0161u arom\u0101tu nomierina un m\u012bkstina b\u0113rna \u0101du. Viegli uzs\u016bcas, neatst\u0101jot taukainas p\u0113das. Dermatolo\u0123iski p\u0101rbaud\u012bts. Piem\u0113rots ikdienas lieto\u0161anai. Nesatur silikonus. Nav piem\u0113rots b\u0113rniem l\u012bdz 3 gadu vecumam. Vitam\u012bni A un E uztur \u0101du vesel\u012bgu, maigu un elast\u012bgu. Satur 93% dab\u012bgu sast\u0101vda\u013cu. Lieto\u0161ana: uzkl\u0101t uz t\u012bras \u0101das. Viegli [&#8230;]\n","protected":false},"featured_media":712,"template":"","meta":[],"product_cat":[2181],"product_tag":[],"class_list":{"0":"post-39577","1":"product","2":"type-product","3":"status-publish","4":"has-post-thumbnail","6":"product_brand-rubella-bg","7":"product_cat-bez-kategorijas-lt","9":"first","10":"outofstock","11":"taxable","12":"shipping-taxable","13":"product-type-simple"},"_links":{"self":[{"href":"https:\/\/e.kosmolat.eu\/lv\/wp-json\/wp\/v2\/product\/39577","targetHints":{"allow":["GET"]}}],"collection":[{"href":"https:\/\/e.kosmolat.eu\/lv\/wp-json\/wp\/v2\/product"}],"about":[{"href":"https:\/\/e.kosmolat.eu\/lv\/wp-json\/wp\/v2\/types\/product"}],"wp:featuredmedia":[{"embeddable":true,"href":"https:\/\/e.kosmolat.eu\/lv\/wp-json\/wp\/v2\/media\/712"}],"wp:attachment":[{"href":"https:\/\/e.kosmolat.eu\/lv\/wp-json\/wp\/v2\/media?parent=39577"}],"wp:term":[{"taxonomy":"product_cat","embeddable":true,"href":"https:\/\/e.kosmolat.eu\/lv\/wp-json\/wp\/v2\/product_cat?post=39577"},{"taxonomy":"product_tag","embeddable":true,"href":"https:\/\/e.kosmolat.eu\/lv\/wp-json\/wp\/v2\/product_tag?post=39577"}],"curies":[{"name":"wp","href":"https:\/\/api.w.org\/{rel}","templated":true}]}}