{"id":39569,"date":"2023-12-22T23:38:50","date_gmt":"2023-12-22T23:38:50","guid":{"rendered":"https:\/\/e.kosmolat.eu\/product\/inoph-pe-sejas-pilings-ar-alfa-un-beta-hidroksisk-30-ml\/"},"modified":"2026-04-20T10:12:26","modified_gmt":"2026-04-20T10:12:26","slug":"inoph-pe-sejas-pilings-ar-alfa-un-beta-hidroksisk-30-ml","status":"publish","type":"product","link":"https:\/\/e.kosmolat.eu\/lv\/product\/inoph-pe-sejas-pilings-ar-alfa-un-beta-hidroksisk-30-ml\/","title":{"rendered":"INOPH.PE Sejas p\u012blings ar alfa un beta hidroksisk., 30 ml"},"content":{"rendered":"<p>Toniz\u0113jo\u0161s risin\u0101jums. P\u012blinga formula: 9% alfa un beta hidroksisk\u0101bes.<\/p>\n<p>M\u0101jas risin\u0101jums, kas ir alternat\u012bva profesion\u0101liem skaistumkop\u0161anas saloniem. Noloba \u0101das virs\u0113jo sl\u0101ni un aktiviz\u0113 \u0161\u016bnu atjauno\u0161anos. Atjauno \u0101das mirdzumu, izl\u012bdzina toni, savelk poras un toniz\u0113.<\/p>\n<p><strong>Lieto\u0161ana:<\/strong> uzkl\u0101jiet pl\u0101n\u0101 k\u0101rti\u0146\u0101 uz \u0101das. Atst\u0101jiet uz 15 min\u016bt\u0113m. Viegli iemas\u0113jiet un r\u016bp\u012bgi noskalojiet ar \u016bdeni. P\u0113c produkta lieto\u0161anas ieteicams uzkl\u0101t sejas kr\u0113mu ar SPF aizsardz\u012bbu.&nbsp;<\/p>\n<p><strong>Piesardz\u012bbas pas\u0101kumi:<\/strong> lietojiet ne bie\u017e\u0101k k\u0101 divas reizes ned\u0113\u013c\u0101. Neuzkl\u0101t uz kairin\u0101tas vai boj\u0101tas \u0101das. Izvairieties no tie\u0161iem saules stariem un lietojiet sau\u013co\u0161an\u0101s l\u012bdzekli produkta lieto\u0161anas laik\u0101 un ned\u0113\u013cu p\u0113c t\u0101 lieto\u0161anas.<br \/>\n&nbsp;<\/p>\n","protected":false},"excerpt":{"rendered":"<p>Toniz\u0113jo\u0161s risin\u0101jums. P\u012blinga formula: 9% alfa un beta hidroksisk\u0101bes. M\u0101jas risin\u0101jums, kas ir alternat\u012bva profesion\u0101liem skaistumkop\u0161anas saloniem. Noloba \u0101das virs\u0113jo sl\u0101ni un aktiviz\u0113 \u0161\u016bnu atjauno\u0161anos. Atjauno \u0101das mirdzumu, izl\u012bdzina toni, savelk poras un toniz\u0113. Lieto\u0161ana: uzkl\u0101jiet pl\u0101n\u0101 k\u0101rti\u0146\u0101 uz \u0101das. Atst\u0101jiet uz 15 min\u016bt\u0113m. Viegli iemas\u0113jiet un r\u016bp\u012bgi noskalojiet ar \u016bdeni. P\u0113c produkta lieto\u0161anas ieteicams [&#8230;]\n","protected":false},"featured_media":100840,"template":"","meta":[],"product_cat":[1394],"product_tag":[],"class_list":{"0":"post-39569","1":"product","2":"type-product","3":"status-publish","4":"has-post-thumbnail","6":"product_brand-rubella-bg","7":"product_cat-skrubji-un-pilingi-sejai","9":"first","10":"instock","11":"taxable","12":"shipping-taxable","13":"product-type-simple"},"_links":{"self":[{"href":"https:\/\/e.kosmolat.eu\/lv\/wp-json\/wp\/v2\/product\/39569","targetHints":{"allow":["GET"]}}],"collection":[{"href":"https:\/\/e.kosmolat.eu\/lv\/wp-json\/wp\/v2\/product"}],"about":[{"href":"https:\/\/e.kosmolat.eu\/lv\/wp-json\/wp\/v2\/types\/product"}],"wp:featuredmedia":[{"embeddable":true,"href":"https:\/\/e.kosmolat.eu\/lv\/wp-json\/wp\/v2\/media\/100840"}],"wp:attachment":[{"href":"https:\/\/e.kosmolat.eu\/lv\/wp-json\/wp\/v2\/media?parent=39569"}],"wp:term":[{"taxonomy":"product_cat","embeddable":true,"href":"https:\/\/e.kosmolat.eu\/lv\/wp-json\/wp\/v2\/product_cat?post=39569"},{"taxonomy":"product_tag","embeddable":true,"href":"https:\/\/e.kosmolat.eu\/lv\/wp-json\/wp\/v2\/product_tag?post=39569"}],"curies":[{"name":"wp","href":"https:\/\/api.w.org\/{rel}","templated":true}]}}