{"id":39561,"date":"2023-12-22T23:37:56","date_gmt":"2023-12-22T23:37:56","guid":{"rendered":"https:\/\/e.kosmolat.eu\/product\/inoph-pe-sejas-pilings-ar-pienskabi-30-ml\/"},"modified":"2026-04-13T09:18:57","modified_gmt":"2026-04-13T09:18:57","slug":"inoph-pe-sejas-pilings-ar-pienskabi-30-ml","status":"publish","type":"product","link":"https:\/\/e.kosmolat.eu\/lv\/product\/inoph-pe-sejas-pilings-ar-pienskabi-30-ml\/","title":{"rendered":"INOPH.PE Sejas p\u012blings ar piensk\u0101bi, 30 ml"},"content":{"rendered":"<p>P\u012blinga formula: 5% piensk\u0101be + 4D hialuronsk\u0101be.&nbsp;<\/p>\n<p>Piensk\u0101be ir alfa-hidroksi sk\u0101be, kas noloba \u0101das virs\u0113jo sl\u0101ni.&nbsp;<\/p>\n<p><strong>Lieto&scaron;ana: <\/strong>uzkl\u0101jiet 4-5 pilienus uz labi att\u012br\u012btas un sausas sejas \u0101das, izvairoties no acu zonas, un maigi pamas\u0113jiet. P\u0113c 10-15 min\u016bt\u0113m r\u016bp\u012bgi noskalojiet ar \u016bdeni. Uzman\u012bgi nosusiniet \u0101du un uzkl\u0101jiet n\u0101kamo l\u012bdzekli. P\u0113c produkta lieto&scaron;anas ieteicams lietot sejas kr\u0113mu ar SPF aizsardz\u012bbu.<\/p>\n<p><strong>Piesardz\u012bbas pas\u0101kumi:<\/strong> lietojiet ne bie\u017e\u0101k k\u0101 divas reizes ned\u0113\u013c\u0101. Nejaukt ar cit\u0101m tie&scaron;as iedarb\u012bbas sk\u0101b\u0113m. Neuzkl\u0101t uz jut\u012bgas vai boj\u0101tas \u0101das. Ja j\u016btat diskomfortu, p\u0101rtrauciet produkta lieto&scaron;anu. Pirms produkta pirm\u0101s lieto&scaron;anas ieteicams veikt \u0101das jut\u012bbas testu &ndash; uzkl\u0101t 1-2 pilienus l\u012bdzek\u013ca uz neliela \u0101das laukuma elko\u0146a iek&scaron;\u0113j\u0101s loc\u012btavas zon\u0101. Izvairieties no tie&scaron;iem saules stariem.<\/p>\n","protected":false},"excerpt":{"rendered":"<p>P\u012blinga formula: 5% piensk\u0101be + 4D hialuronsk\u0101be.&nbsp; Piensk\u0101be ir alfa-hidroksi sk\u0101be, kas noloba \u0101das virs\u0113jo sl\u0101ni.&nbsp; Lieto&scaron;ana: uzkl\u0101jiet 4-5 pilienus uz labi att\u012br\u012btas un sausas sejas \u0101das, izvairoties no acu zonas, un maigi pamas\u0113jiet. P\u0113c 10-15 min\u016bt\u0113m r\u016bp\u012bgi noskalojiet ar \u016bdeni. Uzman\u012bgi nosusiniet \u0101du un uzkl\u0101jiet n\u0101kamo l\u012bdzekli. P\u0113c produkta lieto&scaron;anas ieteicams lietot sejas kr\u0113mu [&#8230;]\n","protected":false},"featured_media":98555,"template":"","meta":[],"product_cat":[1394],"product_tag":[],"class_list":{"0":"post-39561","1":"product","2":"type-product","3":"status-publish","4":"has-post-thumbnail","6":"product_brand-rubella-bg","7":"product_cat-skrubji-un-pilingi-sejai","9":"first","10":"instock","11":"taxable","12":"shipping-taxable","13":"product-type-simple"},"_links":{"self":[{"href":"https:\/\/e.kosmolat.eu\/lv\/wp-json\/wp\/v2\/product\/39561","targetHints":{"allow":["GET"]}}],"collection":[{"href":"https:\/\/e.kosmolat.eu\/lv\/wp-json\/wp\/v2\/product"}],"about":[{"href":"https:\/\/e.kosmolat.eu\/lv\/wp-json\/wp\/v2\/types\/product"}],"wp:featuredmedia":[{"embeddable":true,"href":"https:\/\/e.kosmolat.eu\/lv\/wp-json\/wp\/v2\/media\/98555"}],"wp:attachment":[{"href":"https:\/\/e.kosmolat.eu\/lv\/wp-json\/wp\/v2\/media?parent=39561"}],"wp:term":[{"taxonomy":"product_cat","embeddable":true,"href":"https:\/\/e.kosmolat.eu\/lv\/wp-json\/wp\/v2\/product_cat?post=39561"},{"taxonomy":"product_tag","embeddable":true,"href":"https:\/\/e.kosmolat.eu\/lv\/wp-json\/wp\/v2\/product_tag?post=39561"}],"curies":[{"name":"wp","href":"https:\/\/api.w.org\/{rel}","templated":true}]}}