{"id":39557,"date":"2023-12-22T23:37:35","date_gmt":"2023-12-22T23:37:35","guid":{"rendered":"https:\/\/e.kosmolat.eu\/product\/inoph-pe-sejas-pilings-ar-salicilskabi-30-ml\/"},"modified":"2026-04-23T07:26:37","modified_gmt":"2026-04-23T07:26:37","slug":"inoph-pe-sejas-pilings-ar-salicilskabi-30-ml","status":"publish","type":"product","link":"https:\/\/e.kosmolat.eu\/lv\/product\/inoph-pe-sejas-pilings-ar-salicilskabi-30-ml\/","title":{"rendered":"INOPH.PE Sejas p\u012blings ar salic\u012blsk\u0101bi, 30 ml"},"content":{"rendered":"<p>P\u012blinga formula: 2% salic\u012blsk\u0101be + 4D hialuronsk\u0101be.<\/p>\n<p>Salicilsk\u0101be ir efekt\u012bvs eksfoli\u0113jo&scaron;s l\u012bdzeklis, kas sp\u0113j iek\u013c\u016bt dzi\u013ci \u0101d\u0101 un att\u012br\u012bt nosprostot\u0101s poras, k\u0101 ar\u012b pal\u012bdz mazin\u0101t lieko sebumu, t\u0101d\u0113j\u0101di padarot \u0101du glud\u0101ku.<\/p>\n<p><strong>Lieto&scaron;ana:<\/strong> uzkl\u0101jiet 4-5 pilienus uz labi att\u012br\u012btas un sausas sejas \u0101das, izvairoties no acu zonas, un maigi pamas\u0113jiet. P\u0113c 10-15 min\u016bt\u0113m r\u016bp\u012bgi noskalojiet ar \u016bdeni. Uzman\u012bgi nosusiniet \u0101du un uzkl\u0101jiet n\u0101kamo l\u012bdzekli. P\u0113c produkta lieto&scaron;anas ieteicams lietot sejas kr\u0113mu ar SPF aizsardz\u012bbu.&nbsp;<\/p>\n<p><strong>Piesardz\u012bbas pas\u0101kumi:<\/strong> lietojiet ne bie\u017e\u0101k k\u0101 divas reizes ned\u0113\u013c\u0101. Nejaukt ar cit\u0101m tie&scaron;as iedarb\u012bbas sk\u0101b\u0113m. Neuzkl\u0101t uz jut\u012bgas vai boj\u0101tas \u0101das. Ja j\u016btat diskomfortu, p\u0101rtrauciet produkta lieto&scaron;anu. Pirms produkta pirm\u0101s lieto&scaron;anas ieteicams veikt \u0101das jut\u012bbas testu &ndash; uzkl\u0101t 1-2 pilienus l\u012bdzek\u013ca uz neliela \u0101das laukuma elko\u0146a iek&scaron;\u0113j\u0101s loc\u012btavas zon\u0101. Izvairieties no tie&scaron;iem saules stariem un lietojiet sau\u013co&scaron;an\u0101s l\u012bdzekli produkta lieto&scaron;anas laik\u0101 un ned\u0113\u013cu p\u0113c t\u0101 lieto&scaron;anas.<br \/>\n&nbsp;<\/p>\n","protected":false},"excerpt":{"rendered":"<p>P\u012blinga formula: 2% salic\u012blsk\u0101be + 4D hialuronsk\u0101be. Salicilsk\u0101be ir efekt\u012bvs eksfoli\u0113jo&scaron;s l\u012bdzeklis, kas sp\u0113j iek\u013c\u016bt dzi\u013ci \u0101d\u0101 un att\u012br\u012bt nosprostot\u0101s poras, k\u0101 ar\u012b pal\u012bdz mazin\u0101t lieko sebumu, t\u0101d\u0113j\u0101di padarot \u0101du glud\u0101ku. Lieto&scaron;ana: uzkl\u0101jiet 4-5 pilienus uz labi att\u012br\u012btas un sausas sejas \u0101das, izvairoties no acu zonas, un maigi pamas\u0113jiet. P\u0113c 10-15 min\u016bt\u0113m r\u016bp\u012bgi noskalojiet ar [&#8230;]\n","protected":false},"featured_media":100536,"template":"","meta":[],"product_cat":[1999],"product_tag":[],"class_list":{"0":"post-39557","1":"product","2":"type-product","3":"status-publish","4":"has-post-thumbnail","6":"product_brand-rubella-bg","7":"product_cat-bez-kategorijas","9":"first","10":"instock","11":"taxable","12":"shipping-taxable","13":"product-type-simple"},"_links":{"self":[{"href":"https:\/\/e.kosmolat.eu\/lv\/wp-json\/wp\/v2\/product\/39557","targetHints":{"allow":["GET"]}}],"collection":[{"href":"https:\/\/e.kosmolat.eu\/lv\/wp-json\/wp\/v2\/product"}],"about":[{"href":"https:\/\/e.kosmolat.eu\/lv\/wp-json\/wp\/v2\/types\/product"}],"wp:featuredmedia":[{"embeddable":true,"href":"https:\/\/e.kosmolat.eu\/lv\/wp-json\/wp\/v2\/media\/100536"}],"wp:attachment":[{"href":"https:\/\/e.kosmolat.eu\/lv\/wp-json\/wp\/v2\/media?parent=39557"}],"wp:term":[{"taxonomy":"product_cat","embeddable":true,"href":"https:\/\/e.kosmolat.eu\/lv\/wp-json\/wp\/v2\/product_cat?post=39557"},{"taxonomy":"product_tag","embeddable":true,"href":"https:\/\/e.kosmolat.eu\/lv\/wp-json\/wp\/v2\/product_tag?post=39557"}],"curies":[{"name":"wp","href":"https:\/\/api.w.org\/{rel}","templated":true}]}}